{"id":6161,"date":"2015-04-07T11:14:31","date_gmt":"2015-04-07T09:14:31","guid":{"rendered":"http:\/\/www.aupair-usa.net\/?page_id=6161"},"modified":"2025-02-18T14:48:39","modified_gmt":"2025-02-18T12:48:39","slug":"informationen-fuer-gastfamilien","status":"publish","type":"page","link":"https:\/\/www.aupair-usa.net\/de\/informationen-fuer-gastfamilien\/","title":{"rendered":"Informationen f\u00fcr Gastfamilien"},"content":{"rendered":"\n<p>Ein Au Pair einzustellen, kann eine wunderbare L\u00f6sung f\u00fcr Familien sein, die Hilfe bei der Kinderbetreuung suchen und gleichzeitig eine bereichernde Erfahrung im kulturellen Austausch machen wollen. Wenn Sie eine Gastfamilie in den USA sind und dar\u00fcber nachdenken, ein Au Pair bei sich aufzunehmen, finden Sie in diesem Artikel alle wichtigen Informationen, die Sie ben\u00f6tigen, um eine fundierte Entscheidung zu treffen.<\/p>\n\n\n\n<h2 class=\"wp-block-heading\">Gastfamilie in den USA werden<\/h2>\n\n\n\n<p>Als Gastfamilie in den USA k\u00f6nnen Sie ein Au-Pair-M\u00e4dchen in Ihr Haus holen, das sich um Ihre Kinder k\u00fcmmert und Ihnen gleichzeitig eine kulturelle Austauscherfahrung bietet. Dazu m\u00fcssen Sie ein Au Pair finden, das den Bed\u00fcrfnissen Ihrer Familie entspricht, und die notwendigen Schritte bei einer anerkannten <a href=\"https:\/\/www.aupair.com\/en\/agent-agent-au-pair-2\/index.php\" target=\"_blank\" rel=\"noreferrer noopener\">Sponsor-Agentur<\/a> durchf\u00fchren. Als Gastfamilie sind Sie f\u00fcr die Bereitstellung von Unterkunft und Verpflegung sowie die Zahlung eines w\u00f6chentlichen Taschengeldes verantwortlich. Im Gegenzug hilft Ihr Au Pair bei der Kinderbetreuung und im Haushalt und nimmt an kulturellen und p\u00e4dagogischen Aktivit\u00e4ten teil.<\/p>\n\n\n\n<figure class=\"wp-block-image size-full\"><a href=\"http:\/\/www.aupair-usa.net\/wp-content\/uploads\/2015\/03\/flag1.jpg\"><img loading=\"lazy\" decoding=\"async\" width=\"350\" height=\"234\" src=\"http:\/\/www.aupair-usa.net\/wp-content\/uploads\/2015\/03\/flag1.jpg\" alt=\"au pair usa\" class=\"wp-image-6722\" srcset=\"https:\/\/www.aupair-usa.net\/wp-content\/uploads\/2015\/03\/flag1.jpg 350w, https:\/\/www.aupair-usa.net\/wp-content\/uploads\/2015\/03\/flag1-300x201.jpg 300w, https:\/\/www.aupair-usa.net\/wp-content\/uploads\/2015\/03\/flag1-320x214.jpg 320w, https:\/\/www.aupair-usa.net\/wp-content\/uploads\/2015\/03\/flag1-239x160.jpg 239w\" sizes=\"auto, (max-width: 350px) 100vw, 350px\" \/><\/a><\/figure>\n\n\n\n<h2 class=\"wp-block-heading\">Voraussetzungen f\u00fcr Gastfamilien in den USA<\/h2>\n\n\n\n<p>Um ein Au Pair in den USA aufzunehmen, muss Ihre Familie einige Voraussetzungen erf\u00fcllen:<\/p>\n\n\n\n<ul class=\"wp-block-list\">\n<li><strong>Alter der Kinder<\/strong>: Mindestens ein Kind muss zwischen 2 und 18 Jahren alt sein.<\/li>\n\n\n\n<li><strong>Unterkunft und Verpflegung<\/strong>: Sie m\u00fcssen dem Au Pair ein eigenes Zimmer zur Verf\u00fcgung stellen und ihm vollen Zugang zu den Mahlzeiten und Wohnr\u00e4umen der Familie erm\u00f6glichen.<\/li>\n\n\n\n<li><strong>W\u00f6chentliches Stipendium<\/strong>: Sie m\u00fcssen dem Au Pair ein w\u00f6chentliches Stipendium zahlen, das vom US-Au\u00dfenministerium festgelegt wird (derzeit $ 195,75 pro Woche).<\/li>\n\n\n\n<li><strong>Kultureller Austausch<\/strong>: Ihre Familie muss zu einem kulturellen Austausch bereit sein und dem Au Pair die M\u00f6glichkeit geben, das amerikanische Leben kennenzulernen und gleichzeitig ihre eigene Kultur zu teilen.<\/li>\n\n\n\n<li><strong>Arbeitspensum<\/strong>: Sie m\u00fcssen sicherstellen, dass die Arbeitszeiten und Verantwortlichkeiten des Au Pairs den Richtlinien des Programms entsprechen (in der Regel bis zu 45 Stunden pro Woche).<\/li>\n<\/ul>\n\n\n\n<p>Lesen Sie mehr:<a href=\"http:\/\/www.aupair-usa.net\/de\/voraussetzungen-gastfamilien-usa\/\"> Anforderungen an Gastfamilien in den USA<\/a><\/p>\n\n\n\n<h2 class=\"wp-block-heading\">Aufgaben eines Au Pairs<\/h2>\n\n\n\n<p>Die Hauptaufgabe eines Au Pairs besteht darin, die Kinder zu betreuen und bei leichten Aufgaben im Haushalt mitzuhelfen. Besondere Aufgaben k\u00f6nnen sein:<\/p>\n\n\n\n<ul class=\"wp-block-list\">\n<li>Beaufsichtigung der Kinder nach der Schule oder in der Freizeit<\/li>\n\n\n\n<li>Unterst\u00fctzung bei Hausaufgaben oder Schulprojekten<\/li>\n\n\n\n<li>Zubereiten von Mahlzeiten und Snacks f\u00fcr die Kinder<\/li>\n\n\n\n<li>Erledigung leichter Hausarbeiten (wie W\u00e4sche waschen, nach den Mahlzeiten aufr\u00e4umen oder Spielzeug wegr\u00e4umen)<\/li>\n\n\n\n<li>Gelegentliches Fahren der Kinder zur Schule oder zu Aktivit\u00e4ten<\/li>\n<\/ul>\n\n\n\n<p>Von Au Pairs wird nicht erwartet, dass sie schwere Aufgaben im Haushalt \u00fcbernehmen, z. B. das gesamte Haus putzen oder sich um den Garten k\u00fcmmern. Um eine gute Beziehung zwischen Ihnen und Ihrem Au Pair zu gew\u00e4hrleisten, ist es wichtig, von Anfang an klare Erwartungen zu formulieren.<\/p>\n\n\n\n<p>Lesen Sie weiter: <a href=\"http:\/\/www.aupair-usa.net\/de\/aufgaben-pflichten-au-pair\/\">Aufgaben und Verantwortlichkeiten eines Au Pairs<\/a><\/p>\n\n\n\n<figure class=\"wp-block-image size-full\"><a href=\"http:\/\/www.aupair-usa.net\/wp-content\/uploads\/2015\/03\/hostfamily.jpg\"><img loading=\"lazy\" decoding=\"async\" width=\"200\" height=\"133\" src=\"http:\/\/www.aupair-usa.net\/wp-content\/uploads\/2015\/03\/hostfamily.jpg\" alt=\"au pair host family\" class=\"wp-image-6713\"\/><\/a><\/figure>\n\n\n\n<h2 class=\"wp-block-heading\">Kosten f\u00fcr ein Au Pair<\/h2>\n\n\n\n<p>Die Aufnahme eines Au Pairs in den USA ist mit gewissen finanziellen Verpflichtungen verbunden, wie z. B. w\u00f6chentliches Taschengeld, Agenturgeb\u00fchren, Unterkunft und Verpflegung.<\/p>\n\n\n\n<p>Obwohl die Aufnahme eines Au Pairs mit Kosten verbunden ist, ist sie oft g\u00fcnstiger als die Einstellung eines Vollzeit-Kinderm\u00e4dchens und bietet eine einzigartige kulturelle Erfahrung f\u00fcr die ganze Familie.<\/p>\n\n\n\n<p>Lesen Sie weiter: <a href=\"http:\/\/www.aupair-usa.net\/de\/kosten-au-pair\/\">Kosten f\u00fcr die Anstellung eines Au Pairs<\/a><\/p>\n\n\n\n<h2 class=\"wp-block-heading\">Wie bekommt das Au Pair ein Visum?<\/h2>\n\n\n\n<p>Damit ein Au Pair in den USA arbeiten kann, muss es ein J-1-Visum erhalten, das speziell f\u00fcr kulturelle Austauschprogramme entwickelt wurde.<\/p>\n\n\n\n<p>Lies mehr: <a href=\"http:\/\/www.aupair-usa.net\/de\/j-1-visum\/\">Wie funktioniert das Au Pair Visum Verfahren?<\/a><\/p>\n\n\n\n<h2 class=\"wp-block-heading\">Warum sollten Sie ein Au Pair in Ihrem Haus willkommen hei\u00dfen?<\/h2>\n\n\n\n<p> Die Aufnahme eines Au Pairs in Ihrem Haus bietet eine Reihe von Vorteilen, sowohl f\u00fcr Ihre Familie als auch f\u00fcr das Au Pair:<\/p>\n\n\n\n<ul class=\"wp-block-list\">\n<li><strong>Erschwingliche Kinderbetreuung<\/strong>: Im Vergleich zu anderen Kinderbetreuungsm\u00f6glichkeiten ist die Aufnahme eines Au Pairs oft kosteng\u00fcnstiger, insbesondere f\u00fcr Familien mit mehreren Kindern.<\/li>\n\n\n\n<li><strong>Kultureller Austausch<\/strong>: Ein Au Pair bringt eine einzigartige kulturelle Perspektive in Ihr Haus und bietet Ihren Kindern die M\u00f6glichkeit, andere Kulturen, Sprachen und Traditionen kennen zu lernen.<\/li>\n\n\n\n<li><strong>Flexible Kinderbetreuung<\/strong>: Im Gegensatz zu Kindertagesst\u00e4tten oder Kinderm\u00e4dchen passen sich Au Pairs an den Zeitplan Ihrer Familie an und k\u00f6nnen eine individuellere Betreuung bieten.<\/li>\n\n\n\n<li><strong>Hilfe bei Haushaltspflichten<\/strong>: Ein Au Pair kann Ihnen bei leichten Aufgaben im Haushalt helfen, so dass Sie mehr Zeit f\u00fcr Ihr Privatleben und Ihre Arbeit haben.<\/li>\n<\/ul>\n\n\n\n<p>Wenn Sie ein Au Pair bei sich aufnehmen, erhalten Sie nicht nur Unterst\u00fctzung bei der Kinderbetreuung, sondern bauen auch eine kulturelle Bindung auf, die ein Leben lang halten kann.<\/p>\n\n\n\n<p>Lesen Sie weiter: <a href=\"http:\/\/www.aupair-usa.net\/de\/au-pair-aufnehmen\/\">Warum Sie ein Au Pair in Ihrem Haus willkommen hei\u00dfen sollten<\/a><\/p>\n\n\n\n<h2 class=\"wp-block-heading\">Finden Sie ein Au Pair auf AuPair.com<\/h2>\n\n\n\n<p>Bei der Suche nach einem Au Pair kann die Nutzung einer zuverl\u00e4ssigen Plattform den Prozess deutlich vereinfachen. <a href=\"https:\/\/www.aupair.com\/de\">AuPair.com<\/a> ist der weltweit f\u00fchrende Online-Vermittlungsdienst f\u00fcr Au Pairs und Gastfamilien, auf dem Sie nach qualifizierten Au Pairs aus der ganzen Welt suchen k\u00f6nnen. Die Plattform erm\u00f6glicht Ihnen:<\/p>\n\n\n\n<ul class=\"wp-block-list\">\n<li>Profile von Au Pairs durchsuchen, die f\u00fcr eine Vermittlung zur Verf\u00fcgung stehen.<\/li>\n\n\n\n<li>Filtern Sie die Kandidaten nach Ihren Pr\u00e4ferenzen (Sprachkenntnisse, Erfahrung, etc.).<\/li>\n\n\n\n<li>Direkt mit potenziellen Au Pairs zu kommunizieren, um das am besten geeignete Au Pair f\u00fcr Ihre Familie zu finden.<\/li>\n\n\n\n<li>Arbeiten Sie mit einer professionellen Agentur zusammen, die Sie durch den Vermittlungs- und Visumsprozess begleitet.<\/li>\n<\/ul>\n\n\n\n<p>Mit AuPair.com haben Sie Zugang zu einem gro\u00dfen Pool von Kandidaten und k\u00f6nnen die Suche nach dem perfekten Au Pair einfacher und effizienter gestalten.<\/p>\n\n\n\n<p>Lesen Sie mehr: <a href=\"http:\/\/www.aupair-usa.net\/de\/au-pair-finden\/\">Wie Sie ein Au Pair auf AuPair.com finden<\/a><\/p>\n","protected":false},"excerpt":{"rendered":"<p>Ein Au Pair einzustellen, kann eine wunderbare L\u00f6sung f\u00fcr Familien sein, die Hilfe bei der Kinderbetreuung suchen und gleichzeitig eine bereichernde Erfahrung im kulturellen Austausch machen wollen. Wenn Sie eine Gastfamilie in den USA sind und dar\u00fcber nachdenken, ein Au Pair bei sich aufzunehmen, finden Sie in diesem Artikel alle wichtigen Informationen, die Sie ben\u00f6tigen, &hellip; <a href=\"https:\/\/www.aupair-usa.net\/de\/informationen-fuer-gastfamilien\/\" class=\"more-link\"><span class=\"screen-reader-text\">Informationen f\u00fcr Gastfamilien<\/span> weiterlesen <span class=\"meta-nav\">&rarr;<\/span><\/a><\/p>\n","protected":false},"author":336,"featured_media":0,"parent":0,"menu_order":0,"comment_status":"closed","ping_status":"closed","template":"","meta":{"footnotes":""},"class_list":["post-6161","page","type-page","status-publish","hentry"],"yoast_head":"<!-- This site is optimized with the Yoast SEO plugin v23.9 - https:\/\/yoast.com\/wordpress\/plugins\/seo\/ -->\n<title>Informationen f\u00fcr Gastfamilien<\/title>\n<meta name=\"description\" content=\"Sie \u00fcberlegen ein Au Pair aufzunehmen und sind auf der Suche nach weiteren Informationen? Dann lesen Sie den Artikel und erfahren Sie mehr!\" \/>\n<meta name=\"robots\" content=\"index, follow, max-snippet:-1, max-image-preview:large, max-video-preview:-1\" \/>\n<link rel=\"canonical\" href=\"https:\/\/www.aupair-usa.net\/de\/informationen-fuer-gastfamilien\/\" \/>\n<meta name=\"twitter:label1\" content=\"Gesch\u00e4tzte Lesezeit\" \/>\n\t<meta name=\"twitter:data1\" content=\"5\u00a0Minuten\" \/>\n<script type=\"application\/ld+json\" class=\"yoast-schema-graph\">{\"@context\":\"https:\/\/schema.org\",\"@graph\":[{\"@type\":\"WebPage\",\"@id\":\"https:\/\/www.aupair-usa.net\/de\/informationen-fuer-gastfamilien\/\",\"url\":\"https:\/\/www.aupair-usa.net\/de\/informationen-fuer-gastfamilien\/\",\"name\":\"Informationen f\u00fcr Gastfamilien\",\"isPartOf\":{\"@id\":\"http:\/\/www.aupair-usa.net\/#website\"},\"primaryImageOfPage\":{\"@id\":\"https:\/\/www.aupair-usa.net\/de\/informationen-fuer-gastfamilien\/#primaryimage\"},\"image\":{\"@id\":\"https:\/\/www.aupair-usa.net\/de\/informationen-fuer-gastfamilien\/#primaryimage\"},\"thumbnailUrl\":\"http:\/\/www.aupair-usa.net\/wp-content\/uploads\/2015\/03\/flag1.jpg\",\"datePublished\":\"2015-04-07T09:14:31+00:00\",\"dateModified\":\"2025-02-18T12:48:39+00:00\",\"description\":\"Sie \u00fcberlegen ein Au Pair aufzunehmen und sind auf der Suche nach weiteren Informationen? Dann lesen Sie den Artikel und erfahren Sie mehr!\",\"breadcrumb\":{\"@id\":\"https:\/\/www.aupair-usa.net\/de\/informationen-fuer-gastfamilien\/#breadcrumb\"},\"inLanguage\":\"de\",\"potentialAction\":[{\"@type\":\"ReadAction\",\"target\":[\"https:\/\/www.aupair-usa.net\/de\/informationen-fuer-gastfamilien\/\"]}]},{\"@type\":\"ImageObject\",\"inLanguage\":\"de\",\"@id\":\"https:\/\/www.aupair-usa.net\/de\/informationen-fuer-gastfamilien\/#primaryimage\",\"url\":\"http:\/\/www.aupair-usa.net\/wp-content\/uploads\/2015\/03\/flag1.jpg\",\"contentUrl\":\"http:\/\/www.aupair-usa.net\/wp-content\/uploads\/2015\/03\/flag1.jpg\"},{\"@type\":\"BreadcrumbList\",\"@id\":\"https:\/\/www.aupair-usa.net\/de\/informationen-fuer-gastfamilien\/#breadcrumb\",\"itemListElement\":[{\"@type\":\"ListItem\",\"position\":1,\"name\":\"Startseite\",\"item\":\"https:\/\/www.aupair-usa.net\/de\/\"},{\"@type\":\"ListItem\",\"position\":2,\"name\":\"Informationen f\u00fcr Gastfamilien\"}]},{\"@type\":\"WebSite\",\"@id\":\"http:\/\/www.aupair-usa.net\/#website\",\"url\":\"http:\/\/www.aupair-usa.net\/\",\"name\":\"AuPair-USA.net\",\"description\":\"\",\"potentialAction\":[{\"@type\":\"SearchAction\",\"target\":{\"@type\":\"EntryPoint\",\"urlTemplate\":\"http:\/\/www.aupair-usa.net\/?s={search_term_string}\"},\"query-input\":{\"@type\":\"PropertyValueSpecification\",\"valueRequired\":true,\"valueName\":\"search_term_string\"}}],\"inLanguage\":\"de\"}]}<\/script>\n<!-- \/ Yoast SEO plugin. -->","yoast_head_json":{"title":"Informationen f\u00fcr Gastfamilien","description":"Sie \u00fcberlegen ein Au Pair aufzunehmen und sind auf der Suche nach weiteren Informationen? Dann lesen Sie den Artikel und erfahren Sie mehr!","robots":{"index":"index","follow":"follow","max-snippet":"max-snippet:-1","max-image-preview":"max-image-preview:large","max-video-preview":"max-video-preview:-1"},"canonical":"https:\/\/www.aupair-usa.net\/de\/informationen-fuer-gastfamilien\/","twitter_misc":{"Gesch\u00e4tzte Lesezeit":"5\u00a0Minuten"},"schema":{"@context":"https:\/\/schema.org","@graph":[{"@type":"WebPage","@id":"https:\/\/www.aupair-usa.net\/de\/informationen-fuer-gastfamilien\/","url":"https:\/\/www.aupair-usa.net\/de\/informationen-fuer-gastfamilien\/","name":"Informationen f\u00fcr Gastfamilien","isPartOf":{"@id":"http:\/\/www.aupair-usa.net\/#website"},"primaryImageOfPage":{"@id":"https:\/\/www.aupair-usa.net\/de\/informationen-fuer-gastfamilien\/#primaryimage"},"image":{"@id":"https:\/\/www.aupair-usa.net\/de\/informationen-fuer-gastfamilien\/#primaryimage"},"thumbnailUrl":"http:\/\/www.aupair-usa.net\/wp-content\/uploads\/2015\/03\/flag1.jpg","datePublished":"2015-04-07T09:14:31+00:00","dateModified":"2025-02-18T12:48:39+00:00","description":"Sie \u00fcberlegen ein Au Pair aufzunehmen und sind auf der Suche nach weiteren Informationen? Dann lesen Sie den Artikel und erfahren Sie mehr!","breadcrumb":{"@id":"https:\/\/www.aupair-usa.net\/de\/informationen-fuer-gastfamilien\/#breadcrumb"},"inLanguage":"de","potentialAction":[{"@type":"ReadAction","target":["https:\/\/www.aupair-usa.net\/de\/informationen-fuer-gastfamilien\/"]}]},{"@type":"ImageObject","inLanguage":"de","@id":"https:\/\/www.aupair-usa.net\/de\/informationen-fuer-gastfamilien\/#primaryimage","url":"http:\/\/www.aupair-usa.net\/wp-content\/uploads\/2015\/03\/flag1.jpg","contentUrl":"http:\/\/www.aupair-usa.net\/wp-content\/uploads\/2015\/03\/flag1.jpg"},{"@type":"BreadcrumbList","@id":"https:\/\/www.aupair-usa.net\/de\/informationen-fuer-gastfamilien\/#breadcrumb","itemListElement":[{"@type":"ListItem","position":1,"name":"Startseite","item":"https:\/\/www.aupair-usa.net\/de\/"},{"@type":"ListItem","position":2,"name":"Informationen f\u00fcr Gastfamilien"}]},{"@type":"WebSite","@id":"http:\/\/www.aupair-usa.net\/#website","url":"http:\/\/www.aupair-usa.net\/","name":"AuPair-USA.net","description":"","potentialAction":[{"@type":"SearchAction","target":{"@type":"EntryPoint","urlTemplate":"http:\/\/www.aupair-usa.net\/?s={search_term_string}"},"query-input":{"@type":"PropertyValueSpecification","valueRequired":true,"valueName":"search_term_string"}}],"inLanguage":"de"}]}},"_links":{"self":[{"href":"https:\/\/www.aupair-usa.net\/de\/wp-json\/wp\/v2\/pages\/6161","targetHints":{"allow":["GET"]}}],"collection":[{"href":"https:\/\/www.aupair-usa.net\/de\/wp-json\/wp\/v2\/pages"}],"about":[{"href":"https:\/\/www.aupair-usa.net\/de\/wp-json\/wp\/v2\/types\/page"}],"author":[{"embeddable":true,"href":"https:\/\/www.aupair-usa.net\/de\/wp-json\/wp\/v2\/users\/336"}],"replies":[{"embeddable":true,"href":"https:\/\/www.aupair-usa.net\/de\/wp-json\/wp\/v2\/comments?post=6161"}],"version-history":[{"count":2,"href":"https:\/\/www.aupair-usa.net\/de\/wp-json\/wp\/v2\/pages\/6161\/revisions"}],"predecessor-version":[{"id":6933,"href":"https:\/\/www.aupair-usa.net\/de\/wp-json\/wp\/v2\/pages\/6161\/revisions\/6933"}],"wp:attachment":[{"href":"https:\/\/www.aupair-usa.net\/de\/wp-json\/wp\/v2\/media?parent=6161"}],"curies":[{"name":"wp","href":"https:\/\/api.w.org\/{rel}","templated":true}]}}