{"id":6099,"date":"2015-04-07T09:59:25","date_gmt":"2015-04-07T07:59:25","guid":{"rendered":"http:\/\/www.aupair-usa.net\/?page_id=6099"},"modified":"2025-02-28T12:06:55","modified_gmt":"2025-02-28T10:06:55","slug":"j-1-visum-beantragen","status":"publish","type":"page","link":"https:\/\/www.aupair-usa.net\/de\/j-1-visum-beantragen\/","title":{"rendered":"Wie bekomme ich das J-1 Visum?"},"content":{"rendered":"\n<p>Um ein Au Pair in den USA zu werden, brauchst du ein Visum, egal woher du kommst! Das <a href=\"https:\/\/www.aupair.com\/de\/p-usa-amerika-visum.php\" target=\"_blank\" rel=\"noreferrer noopener\">J-1 Visum<\/a> ist die einzige Art von Visum, die es dir erlaubt, als Au Pair in die Vereinigten Staaten einzureisen, und die einzige M\u00f6glichkeit, es zu erhalten, ist \u00fcber eine zertifizierte US-Au Pair Agentur.<\/p>\n\n\n\n<h2 class=\"wp-block-heading\">Visa-Anforderungen f\u00fcr Au Pairs<\/h2>\n\n\n\n<ul class=\"wp-block-list\">\n<li>Du bist zwischen 18 und 26 Jahre alt<\/li>\n\n\n\n<li>Du beherrschst die englische Sprache<\/li>\n\n\n\n<li>Du hast einen Realschulabschluss oder einen gleichwertigen Abschluss<\/li>\n\n\n\n<li>Du bist gesund, Nichtraucher, nicht verheiratet und hast keine eigenen Kinder<\/li>\n\n\n\n<li>Du hast mindestens 200 Stunden Erfahrung in der Kinderbetreuung<\/li>\n\n\n\n<li>Du wurdest von einem Vertreter der Organisation pers\u00f6nlich auf Englisch interviewt<\/li>\n\n\n\n<li>Du kannst eine Schulbescheinigung, drei nicht-famili\u00e4re Referenzen aus dem Bereich der Kinderbetreuung und einen Strafregisterauszug vorlegen.<\/li>\n\n\n\n<li>Du planst einen Aufenthalt von mindestens 12 Monaten in den Vereinigten Staaten<\/li>\n\n\n\n<li>Es ist das erste Mal, dass du als Au Pair in den Vereinigten Staaten arbeiten wirst<\/li>\n<\/ul>\n\n\n\n<p>Mehr Informationen findest du <a href=\"https:\/\/j1visa.state.gov\/programs\/au-pair#participants\" target=\"_blank\" rel=\"noreferrer noopener nofollow\">hier<\/a>.<\/p>\n\n\n\n<h2 class=\"wp-block-heading\">N\u00f6tige Dokumente f\u00fcr die Beantragung<\/h2>\n\n\n\n<ul class=\"wp-block-list\">\n<li>Ein Reisepass (g\u00fcltig bis 6 Monate nach deinem Aufenthalt)<\/li>\n\n\n\n<li>Das Formular DS 160<\/li>\n\n\n\n<li>Ein biometrisches Foto, 51 x 51 mm gro\u00df<\/li>\n\n\n\n<li>Die Terminbest\u00e4tigung<\/li>\n\n\n\n<li>Das Formular DS 2019<\/li>\n\n\n\n<li>Die Best\u00e4tigung, dass der Bewerber die SEVIS-Geb\u00fchr bezahlt hat<\/li>\n\n\n\n<li>Die Best\u00e4tigung, dass der Bewerber die Visageb\u00fchr ($160\/120\u20ac) bezahlt hat<\/li>\n\n\n\n<li>Au Pair Vertrag<\/li>\n\n\n\n<li>Das Einladungsschreiben<\/li>\n<\/ul>\n\n\n\n<h2 class=\"wp-block-heading\">Wie man das J-1 Visum beantragt<\/h2>\n\n\n\n<p>Um ein <a href=\"https:\/\/www.aupair.com\/de\/p-au-pair-usa.php\" target=\"_blank\" rel=\"noreferrer noopener\">Au Pair in den USA<\/a> zu werden, musst du eine <a href=\"https:\/\/www.aupair.com\/de\/au-pair-agenturen\/index.php\" target=\"_blank\" rel=\"noreferrer noopener\">Au Pair Agentur in deinem Land<\/a> kontaktieren. Die Agentur wird mit ihrer Partneragentur in den USA zusammenarbeiten, um dir bei der Beantragung des J-1 Visums zu helfen. Die Agentur wird dich \u00fcber alles informieren, was du wissen musst.<\/p>\n\n\n\n<p>Du musst einen Termin bei der US-Botschaft oder dem US-Konsulat in der N\u00e4he deines Heimatortes vereinbaren. In der Regel erh\u00e4ltst du innerhalb weniger Tage einen Termin. Am Tag des Termins ist es sehr wichtig, dass du alle erforderlichen Unterlagen mitbringst, sonst musst du einen neuen Termin vereinbaren.<\/p>\n\n\n\n<p>In der Botschaft legst du alle Dokumente vor, f\u00fchrst ein kurzes Gespr\u00e4ch auf Englisch und nimmst deine Fingerabdr\u00fccke. Die Botschaft bewahrt deinen Reisepass f\u00fcr das Visum auf. Innerhalb einer Woche werden dir der Reisepass und das Visum per Post zugeschickt.<\/p>\n\n\n\n<p><em>Bitte versuche unter keinen Umst\u00e4nden, ohne eine Agentur am Au-Pair-Programm teilzunehmen. Es ist illegal f\u00fcr Familien, jemanden als Au Pair einzuladen und f\u00fcr ein Au Pair, ohne eine Agentur teilzunehmen. Es ist nicht m\u00f6glich, mit einem Touristenvisum oder ESTA-Formular teilzunehmen! Bitte halte dich an die Regeln, sonst kann es sein, dass du nicht in das Land einreisen kannst oder, falls du doch in die USA einreist und einen Visumsbetrug begehst, kann dies zu Geldstrafen, Abschiebung und dem Ausschluss von zuk\u00fcnftigen US-Visa f\u00fchren. Wenn du nicht mit dem richtigen Visum in die USA einreist, hast du au\u00dferdem kein Unterst\u00fctzungssystem zur Verf\u00fcgung, wie z. B. das US-Au\u00dfenministerium, das das Programm \u00fcberwacht, die US-Agentur und die \u00f6rtlichen Vertreter in deiner Region.<\/em><\/p>\n\n\n\n<p>Wenn du in der Botschaft ankommst, wird dir der Interviewer einige Fragen stellen. \u00dcbliche Fragen f\u00fcr das Gespr\u00e4ch sind \u201eWie hei\u00dft deine Gastfamilie?\u201c, \u201eWie lauten die Namen deiner Gastkinder?\u201c und \u201eWas willst du tun, wenn du in dein Heimatland zur\u00fcckkehrst?\u201c Diese Fragen sollen sicherstellen, dass du die Absicht hast, nur in die USA zu kommen, um dort als Au Pair zu arbeiten und nach deinem Aufenthalt in dein Heimatland zur\u00fcckzukehren.<\/p>\n\n\n\n<p class=\"has-text-align-center\"><a href=\"https:\/\/www.aupair.com\/find_family.php?quick_search=search&amp;countryQ=210&amp;language=de\" target=\"_blank\" rel=\"noreferrer noopener\">Finde deine Gastfamilie<\/a> und <a href=\"https:\/\/www.aupair.com\/de\/p-au-pair-usa.php\" target=\"_blank\" rel=\"noreferrer noopener\">weitere Informationen<\/a> auf AuPair.com<\/p>\n\n\n<p><img loading=\"lazy\" decoding=\"async\" class=\"alignnone size-full wp-image-6347 aligncenter\" src=\"http:\/\/www.aupair-usa.net\/wp-content\/uploads\/2015\/03\/au_pairs_usa.jpg\" alt=\"au_pairs_usa\" width=\"280\" height=\"186\" srcset=\"https:\/\/www.aupair-usa.net\/wp-content\/uploads\/2015\/03\/au_pairs_usa.jpg 280w, https:\/\/www.aupair-usa.net\/wp-content\/uploads\/2015\/03\/au_pairs_usa-239x159.jpg 239w\" sizes=\"auto, (max-width: 280px) 100vw, 280px\" \/><\/p>\n<p>\u00a0<\/p>","protected":false},"excerpt":{"rendered":"<p>Um ein Au Pair in den USA zu werden, brauchst du ein Visum, egal woher du kommst! Das J-1 Visum ist die einzige Art von Visum, die es dir erlaubt, als Au Pair in die Vereinigten Staaten einzureisen, und die einzige M\u00f6glichkeit, es zu erhalten, ist \u00fcber eine zertifizierte US-Au Pair Agentur. Visa-Anforderungen f\u00fcr Au &hellip; <a href=\"https:\/\/www.aupair-usa.net\/de\/j-1-visum-beantragen\/\" class=\"more-link\"><span class=\"screen-reader-text\">Wie bekomme ich das J-1 Visum?<\/span> weiterlesen <span class=\"meta-nav\">&rarr;<\/span><\/a><\/p>\n","protected":false},"author":336,"featured_media":0,"parent":0,"menu_order":0,"comment_status":"closed","ping_status":"closed","template":"","meta":{"footnotes":""},"class_list":["post-6099","page","type-page","status-publish","hentry"],"yoast_head":"<!-- This site is optimized with the Yoast SEO plugin v23.9 - https:\/\/yoast.com\/wordpress\/plugins\/seo\/ -->\n<title>Wie bekomme ich das J-1 Visum?<\/title>\n<meta name=\"description\" content=\"Du m\u00f6chtest in die USA und fragst dich, wie du das J-1 Visum bekommst? Dann lies den Artikel und finde es heraus!\" \/>\n<meta name=\"robots\" content=\"index, follow, max-snippet:-1, max-image-preview:large, max-video-preview:-1\" \/>\n<link rel=\"canonical\" href=\"http:\/\/www.aupair-usa.net\/de\/j-1-visum-beantragen\/\" \/>\n<meta name=\"twitter:label1\" content=\"Gesch\u00e4tzte Lesezeit\" \/>\n\t<meta name=\"twitter:data1\" content=\"3\u00a0Minuten\" \/>\n<script type=\"application\/ld+json\" class=\"yoast-schema-graph\">{\"@context\":\"https:\/\/schema.org\",\"@graph\":[{\"@type\":\"WebPage\",\"@id\":\"http:\/\/www.aupair-usa.net\/de\/j-1-visum-beantragen\/\",\"url\":\"http:\/\/www.aupair-usa.net\/de\/j-1-visum-beantragen\/\",\"name\":\"Wie bekomme ich das J-1 Visum?\",\"isPartOf\":{\"@id\":\"http:\/\/www.aupair-usa.net\/#website\"},\"primaryImageOfPage\":{\"@id\":\"http:\/\/www.aupair-usa.net\/de\/j-1-visum-beantragen\/#primaryimage\"},\"image\":{\"@id\":\"http:\/\/www.aupair-usa.net\/de\/j-1-visum-beantragen\/#primaryimage\"},\"thumbnailUrl\":\"http:\/\/www.aupair-usa.net\/wp-content\/uploads\/2015\/03\/au_pairs_usa.jpg\",\"datePublished\":\"2015-04-07T07:59:25+00:00\",\"dateModified\":\"2025-02-28T10:06:55+00:00\",\"description\":\"Du m\u00f6chtest in die USA und fragst dich, wie du das J-1 Visum bekommst? Dann lies den Artikel und finde es heraus!\",\"breadcrumb\":{\"@id\":\"http:\/\/www.aupair-usa.net\/de\/j-1-visum-beantragen\/#breadcrumb\"},\"inLanguage\":\"de\",\"potentialAction\":[{\"@type\":\"ReadAction\",\"target\":[\"http:\/\/www.aupair-usa.net\/de\/j-1-visum-beantragen\/\"]}]},{\"@type\":\"ImageObject\",\"inLanguage\":\"de\",\"@id\":\"http:\/\/www.aupair-usa.net\/de\/j-1-visum-beantragen\/#primaryimage\",\"url\":\"http:\/\/www.aupair-usa.net\/wp-content\/uploads\/2015\/03\/au_pairs_usa.jpg\",\"contentUrl\":\"http:\/\/www.aupair-usa.net\/wp-content\/uploads\/2015\/03\/au_pairs_usa.jpg\"},{\"@type\":\"BreadcrumbList\",\"@id\":\"http:\/\/www.aupair-usa.net\/de\/j-1-visum-beantragen\/#breadcrumb\",\"itemListElement\":[{\"@type\":\"ListItem\",\"position\":1,\"name\":\"Startseite\",\"item\":\"https:\/\/www.aupair-usa.net\/de\/\"},{\"@type\":\"ListItem\",\"position\":2,\"name\":\"Wie bekomme ich das J-1 Visum?\"}]},{\"@type\":\"WebSite\",\"@id\":\"http:\/\/www.aupair-usa.net\/#website\",\"url\":\"http:\/\/www.aupair-usa.net\/\",\"name\":\"AuPair-USA.net\",\"description\":\"\",\"potentialAction\":[{\"@type\":\"SearchAction\",\"target\":{\"@type\":\"EntryPoint\",\"urlTemplate\":\"http:\/\/www.aupair-usa.net\/?s={search_term_string}\"},\"query-input\":{\"@type\":\"PropertyValueSpecification\",\"valueRequired\":true,\"valueName\":\"search_term_string\"}}],\"inLanguage\":\"de\"}]}<\/script>\n<!-- \/ Yoast SEO plugin. -->","yoast_head_json":{"title":"Wie bekomme ich das J-1 Visum?","description":"Du m\u00f6chtest in die USA und fragst dich, wie du das J-1 Visum bekommst? Dann lies den Artikel und finde es heraus!","robots":{"index":"index","follow":"follow","max-snippet":"max-snippet:-1","max-image-preview":"max-image-preview:large","max-video-preview":"max-video-preview:-1"},"canonical":"http:\/\/www.aupair-usa.net\/de\/j-1-visum-beantragen\/","twitter_misc":{"Gesch\u00e4tzte Lesezeit":"3\u00a0Minuten"},"schema":{"@context":"https:\/\/schema.org","@graph":[{"@type":"WebPage","@id":"http:\/\/www.aupair-usa.net\/de\/j-1-visum-beantragen\/","url":"http:\/\/www.aupair-usa.net\/de\/j-1-visum-beantragen\/","name":"Wie bekomme ich das J-1 Visum?","isPartOf":{"@id":"http:\/\/www.aupair-usa.net\/#website"},"primaryImageOfPage":{"@id":"http:\/\/www.aupair-usa.net\/de\/j-1-visum-beantragen\/#primaryimage"},"image":{"@id":"http:\/\/www.aupair-usa.net\/de\/j-1-visum-beantragen\/#primaryimage"},"thumbnailUrl":"http:\/\/www.aupair-usa.net\/wp-content\/uploads\/2015\/03\/au_pairs_usa.jpg","datePublished":"2015-04-07T07:59:25+00:00","dateModified":"2025-02-28T10:06:55+00:00","description":"Du m\u00f6chtest in die USA und fragst dich, wie du das J-1 Visum bekommst? Dann lies den Artikel und finde es heraus!","breadcrumb":{"@id":"http:\/\/www.aupair-usa.net\/de\/j-1-visum-beantragen\/#breadcrumb"},"inLanguage":"de","potentialAction":[{"@type":"ReadAction","target":["http:\/\/www.aupair-usa.net\/de\/j-1-visum-beantragen\/"]}]},{"@type":"ImageObject","inLanguage":"de","@id":"http:\/\/www.aupair-usa.net\/de\/j-1-visum-beantragen\/#primaryimage","url":"http:\/\/www.aupair-usa.net\/wp-content\/uploads\/2015\/03\/au_pairs_usa.jpg","contentUrl":"http:\/\/www.aupair-usa.net\/wp-content\/uploads\/2015\/03\/au_pairs_usa.jpg"},{"@type":"BreadcrumbList","@id":"http:\/\/www.aupair-usa.net\/de\/j-1-visum-beantragen\/#breadcrumb","itemListElement":[{"@type":"ListItem","position":1,"name":"Startseite","item":"https:\/\/www.aupair-usa.net\/de\/"},{"@type":"ListItem","position":2,"name":"Wie bekomme ich das J-1 Visum?"}]},{"@type":"WebSite","@id":"http:\/\/www.aupair-usa.net\/#website","url":"http:\/\/www.aupair-usa.net\/","name":"AuPair-USA.net","description":"","potentialAction":[{"@type":"SearchAction","target":{"@type":"EntryPoint","urlTemplate":"http:\/\/www.aupair-usa.net\/?s={search_term_string}"},"query-input":{"@type":"PropertyValueSpecification","valueRequired":true,"valueName":"search_term_string"}}],"inLanguage":"de"}]}},"_links":{"self":[{"href":"https:\/\/www.aupair-usa.net\/de\/wp-json\/wp\/v2\/pages\/6099","targetHints":{"allow":["GET"]}}],"collection":[{"href":"https:\/\/www.aupair-usa.net\/de\/wp-json\/wp\/v2\/pages"}],"about":[{"href":"https:\/\/www.aupair-usa.net\/de\/wp-json\/wp\/v2\/types\/page"}],"author":[{"embeddable":true,"href":"https:\/\/www.aupair-usa.net\/de\/wp-json\/wp\/v2\/users\/336"}],"replies":[{"embeddable":true,"href":"https:\/\/www.aupair-usa.net\/de\/wp-json\/wp\/v2\/comments?post=6099"}],"version-history":[{"count":7,"href":"https:\/\/www.aupair-usa.net\/de\/wp-json\/wp\/v2\/pages\/6099\/revisions"}],"predecessor-version":[{"id":6945,"href":"https:\/\/www.aupair-usa.net\/de\/wp-json\/wp\/v2\/pages\/6099\/revisions\/6945"}],"wp:attachment":[{"href":"https:\/\/www.aupair-usa.net\/de\/wp-json\/wp\/v2\/media?parent=6099"}],"curies":[{"name":"wp","href":"https:\/\/api.w.org\/{rel}","templated":true}]}}