{"id":6881,"date":"2025-01-10T11:42:39","date_gmt":"2025-01-10T09:42:39","guid":{"rendered":"http:\/\/www.aupair-usa.net\/?page_id=6881"},"modified":"2025-01-10T12:22:45","modified_gmt":"2025-01-10T10:22:45","slug":"aupair-com","status":"publish","type":"page","link":"http:\/\/www.aupair-usa.net\/de\/aupair-com\/","title":{"rendered":"AuPair.com"},"content":{"rendered":"\n<p>AuPair.com ist die weltweit f\u00fchrende Online-Vermittlungsagentur, die Au Pairs und Gastfamilien zusammenbringt! Nach der Registrierung hast du die M\u00f6glichkeit, ein Profil mit deinen spezifischen Anforderungen, Bildern und Kinderbetreuungserfahrungen zu erstellen. Die Registrierung ist v\u00f6llig kostenlos! Au\u00dferdem kannst du Premium-Mitglied werden, was dir viele weitere tolle M\u00f6glichkeiten bietet, wie z.B. das Versenden von privaten Nachrichten, das Einsehen von freigegebenen Kontaktdaten der Gastfamilien oder Au Pairs. Klingt gut? Mehr Informationen findest du in diesem Artikel.<\/p>\n\n\n\n<h3 class=\"wp-block-heading\">Was unterscheidet AuPair.com von anderen Au Pair Agenturen<\/h3>\n\n\n\n<p><a href=\"https:\/\/www.aupair.com\/de\" target=\"_blank\" rel=\"noreferrer noopener\">AuPair.com<\/a> unterst\u00fctzt die Suche durch folgende Funktionen:<\/p>\n\n\n\n<ul class=\"wp-block-list\">\n<li>\u00a0die weltweit gr\u00f6\u00dfte Auswahl an Au Pairs und Gastfamilien\u00a0<\/li>\n\n\n\n<li>\u00a0intelligente Filteroptionen\u00a0<\/li>\n\n\n\n<li>\u00a0umfangreiche Informationen \u00fcber das Au Pair Programm<\/li>\n\n\n\n<li>\u00a0langj\u00e4hrige Erfahrung als Au Pair Agentur, seit 1996<\/li>\n<\/ul>\n\n\n\n<p>AuPair.com ist jedoch keine Full-Service-Au Pair-Agentur! Das bedeutet, dass sie NICHT aktiv Au Pairs in Gastfamilien platzieren. Sie organisieren nicht den Aufenthalt und helfen nicht bei der Beantragung von Visa oder bei der Vermittlung von Au Pairs und Gastfamilien. AuPair.com l\u00f6st auch keine Probleme zwischen Gastfamilien und ihren Au Pairs, jedoch kann man jederzeit eine Beschwerde einreichen, wenn ein Problem mit einem anderen Nutzer besteht.<\/p>\n\n\n\n<p>Um als Au Pair legal in die <a href=\"https:\/\/www.aupair.com\/de\/p-au-pair-usa.php\" target=\"_blank\" rel=\"noreferrer noopener\">USA<\/a> zu gehen, musst Du Dich bei einer von der\u00a0<a href=\"https:\/\/www.aupair.com\/de\/p-usa-amerika-visum.php\" target=\"_blank\" rel=\"noreferrer noopener\">US Regierung genehmigten Au Pair Agentur<\/a>\u00a0bewerben. Nur \u00fcber genehmigte Agenturen kannst Du das J-1 Visum erhalten.\u00a0Die amerikanische Partneragentur von AuPair.com ist\u00a0<a href=\"https:\/\/www.aupair.com\/de\/agentur-agent-au-pair-2\/index.php\" target=\"_blank\" rel=\"noreferrer noopener\">Agent Au Pair<\/a>. Sie wird dich w\u00e4hrend des ganzen Vermittlungsprozesses unterst\u00fctzen. Das Team mit Sitz in New Haven, Connecticut platziert Kandidaten bereits seit 15 Jahren.<\/p>\n\n\n\n<h3 class=\"wp-block-heading\">AuPair.com Vorteile auf einen Blick:<\/h3>\n\n\n\n<ul class=\"wp-block-list\">\n<li>\u00a0Kostenlose Anmeldung und Nutzung<\/li>\n\n\n\n<li>\u00a0Die weltweit gr\u00f6\u00dfte Auswahl an Au Pairs und Gastfamilien<\/li>\n\n\n\n<li>\u00a0Datenbank mit mehr als 1000 neuen Mitgliedern t\u00e4glich<\/li>\n\n\n\n<li>\u00a0Info-E-Mails mit passenden Suchvorschl\u00e4gen (wenn gew\u00fcnscht)<\/li>\n\n\n\n<li>\u00a0Telefon-und E-Mail-Support-Team<\/li>\n\n\n\n<li>\u00a0Au Pair.com ist intuitiv und sehr einfach zu bedienen<\/li>\n\n\n\n<li>\u00a0Internationalit\u00e4t: Website auf acht Sprachen und Nutzer auf der ganzen Welt<\/li>\n\n\n\n<li>\u00a0T\u00e4gliche \u00dcberpr\u00fcfung der Profile, um vor Betr\u00fcgern zu sch\u00fctzen<\/li>\n\n\n\n<li>\u00a0Option einer Premium Mitgliedschaft, um Kontaktinformationen auszutauschen<\/li>\n<\/ul>\n\n\n\n<p>Erfahre mehr dar\u00fcber, wie du ein Au Pair in den USA werden kannst, indem du durch die Artikel auf <a href=\"http:\/\/www.aupair-usa.net\/de\/\">unserer Website<\/a> st\u00f6berst.<\/p>\n","protected":false},"excerpt":{"rendered":"<p>AuPair.com ist die weltweit f\u00fchrende Online-Vermittlungsagentur, die Au Pairs und Gastfamilien zusammenbringt! Nach der Registrierung hast du die M\u00f6glichkeit, ein Profil mit deinen spezifischen Anforderungen, Bildern und Kinderbetreuungserfahrungen zu erstellen. Die Registrierung ist v\u00f6llig kostenlos! Au\u00dferdem kannst du Premium-Mitglied werden, was dir viele weitere tolle M\u00f6glichkeiten bietet, wie z.B. das Versenden von privaten Nachrichten, das &hellip; <a href=\"http:\/\/www.aupair-usa.net\/de\/aupair-com\/\" class=\"more-link\"><span class=\"screen-reader-text\">AuPair.com<\/span> weiterlesen <span class=\"meta-nav\">&rarr;<\/span><\/a><\/p>\n","protected":false},"author":336,"featured_media":0,"parent":0,"menu_order":0,"comment_status":"closed","ping_status":"closed","template":"","meta":{"footnotes":""},"class_list":["post-6881","page","type-page","status-publish","hentry"],"yoast_head":"<!-- This site is optimized with the Yoast SEO plugin v23.9 - https:\/\/yoast.com\/wordpress\/plugins\/seo\/ -->\n<title>AuPair.com<\/title>\n<meta name=\"description\" content=\"Neugierig, ein Au Pair in den USA zu werden? Hier erf\u00e4hrst du mehr \u00fcber die weltweit f\u00fchrende Online-AuPair-Agentur AuPair.com.\" \/>\n<meta name=\"robots\" content=\"index, follow, max-snippet:-1, max-image-preview:large, max-video-preview:-1\" \/>\n<link rel=\"canonical\" href=\"http:\/\/www.aupair-usa.net\/de\/aupair-com\/\" \/>\n<meta name=\"twitter:label1\" content=\"Gesch\u00e4tzte Lesezeit\" \/>\n\t<meta name=\"twitter:data1\" content=\"2\u00a0Minuten\" \/>\n<script type=\"application\/ld+json\" class=\"yoast-schema-graph\">{\"@context\":\"https:\/\/schema.org\",\"@graph\":[{\"@type\":\"WebPage\",\"@id\":\"http:\/\/www.aupair-usa.net\/de\/aupair-com\/\",\"url\":\"http:\/\/www.aupair-usa.net\/de\/aupair-com\/\",\"name\":\"AuPair.com\",\"isPartOf\":{\"@id\":\"http:\/\/www.aupair-usa.net\/#website\"},\"datePublished\":\"2025-01-10T09:42:39+00:00\",\"dateModified\":\"2025-01-10T10:22:45+00:00\",\"description\":\"Neugierig, ein Au Pair in den USA zu werden? Hier erf\u00e4hrst du mehr \u00fcber die weltweit f\u00fchrende Online-AuPair-Agentur AuPair.com.\",\"breadcrumb\":{\"@id\":\"http:\/\/www.aupair-usa.net\/de\/aupair-com\/#breadcrumb\"},\"inLanguage\":\"de\",\"potentialAction\":[{\"@type\":\"ReadAction\",\"target\":[\"http:\/\/www.aupair-usa.net\/de\/aupair-com\/\"]}]},{\"@type\":\"BreadcrumbList\",\"@id\":\"http:\/\/www.aupair-usa.net\/de\/aupair-com\/#breadcrumb\",\"itemListElement\":[{\"@type\":\"ListItem\",\"position\":1,\"name\":\"Startseite\",\"item\":\"https:\/\/www.aupair-usa.net\/de\/\"},{\"@type\":\"ListItem\",\"position\":2,\"name\":\"AuPair.com\"}]},{\"@type\":\"WebSite\",\"@id\":\"http:\/\/www.aupair-usa.net\/#website\",\"url\":\"http:\/\/www.aupair-usa.net\/\",\"name\":\"AuPair-USA.net\",\"description\":\"\",\"potentialAction\":[{\"@type\":\"SearchAction\",\"target\":{\"@type\":\"EntryPoint\",\"urlTemplate\":\"http:\/\/www.aupair-usa.net\/?s={search_term_string}\"},\"query-input\":{\"@type\":\"PropertyValueSpecification\",\"valueRequired\":true,\"valueName\":\"search_term_string\"}}],\"inLanguage\":\"de\"}]}<\/script>\n<!-- \/ Yoast SEO plugin. -->","yoast_head_json":{"title":"AuPair.com","description":"Neugierig, ein Au Pair in den USA zu werden? Hier erf\u00e4hrst du mehr \u00fcber die weltweit f\u00fchrende Online-AuPair-Agentur AuPair.com.","robots":{"index":"index","follow":"follow","max-snippet":"max-snippet:-1","max-image-preview":"max-image-preview:large","max-video-preview":"max-video-preview:-1"},"canonical":"http:\/\/www.aupair-usa.net\/de\/aupair-com\/","twitter_misc":{"Gesch\u00e4tzte Lesezeit":"2\u00a0Minuten"},"schema":{"@context":"https:\/\/schema.org","@graph":[{"@type":"WebPage","@id":"http:\/\/www.aupair-usa.net\/de\/aupair-com\/","url":"http:\/\/www.aupair-usa.net\/de\/aupair-com\/","name":"AuPair.com","isPartOf":{"@id":"http:\/\/www.aupair-usa.net\/#website"},"datePublished":"2025-01-10T09:42:39+00:00","dateModified":"2025-01-10T10:22:45+00:00","description":"Neugierig, ein Au Pair in den USA zu werden? Hier erf\u00e4hrst du mehr \u00fcber die weltweit f\u00fchrende Online-AuPair-Agentur AuPair.com.","breadcrumb":{"@id":"http:\/\/www.aupair-usa.net\/de\/aupair-com\/#breadcrumb"},"inLanguage":"de","potentialAction":[{"@type":"ReadAction","target":["http:\/\/www.aupair-usa.net\/de\/aupair-com\/"]}]},{"@type":"BreadcrumbList","@id":"http:\/\/www.aupair-usa.net\/de\/aupair-com\/#breadcrumb","itemListElement":[{"@type":"ListItem","position":1,"name":"Startseite","item":"https:\/\/www.aupair-usa.net\/de\/"},{"@type":"ListItem","position":2,"name":"AuPair.com"}]},{"@type":"WebSite","@id":"http:\/\/www.aupair-usa.net\/#website","url":"http:\/\/www.aupair-usa.net\/","name":"AuPair-USA.net","description":"","potentialAction":[{"@type":"SearchAction","target":{"@type":"EntryPoint","urlTemplate":"http:\/\/www.aupair-usa.net\/?s={search_term_string}"},"query-input":{"@type":"PropertyValueSpecification","valueRequired":true,"valueName":"search_term_string"}}],"inLanguage":"de"}]}},"_links":{"self":[{"href":"http:\/\/www.aupair-usa.net\/de\/wp-json\/wp\/v2\/pages\/6881","targetHints":{"allow":["GET"]}}],"collection":[{"href":"http:\/\/www.aupair-usa.net\/de\/wp-json\/wp\/v2\/pages"}],"about":[{"href":"http:\/\/www.aupair-usa.net\/de\/wp-json\/wp\/v2\/types\/page"}],"author":[{"embeddable":true,"href":"http:\/\/www.aupair-usa.net\/de\/wp-json\/wp\/v2\/users\/336"}],"replies":[{"embeddable":true,"href":"http:\/\/www.aupair-usa.net\/de\/wp-json\/wp\/v2\/comments?post=6881"}],"version-history":[{"count":2,"href":"http:\/\/www.aupair-usa.net\/de\/wp-json\/wp\/v2\/pages\/6881\/revisions"}],"predecessor-version":[{"id":6887,"href":"http:\/\/www.aupair-usa.net\/de\/wp-json\/wp\/v2\/pages\/6881\/revisions\/6887"}],"wp:attachment":[{"href":"http:\/\/www.aupair-usa.net\/de\/wp-json\/wp\/v2\/media?parent=6881"}],"curies":[{"name":"wp","href":"https:\/\/api.w.org\/{rel}","templated":true}]}}