{"id":6456,"date":"2015-04-22T14:16:01","date_gmt":"2015-04-22T12:16:01","guid":{"rendered":"http:\/\/www.aupair-usa.net\/?page_id=6456"},"modified":"2015-04-23T13:24:04","modified_gmt":"2015-04-23T11:24:04","slug":"packliste-kleidung","status":"publish","type":"page","link":"http:\/\/www.aupair-usa.net\/de\/packliste-kleidung\/","title":{"rendered":"Packliste &#8211; Kleidung, Kosmetikartikel und Medikamente"},"content":{"rendered":"<p>[one_half valign=&#8220;top&#8220; animation=&#8220;none&#8220;]<\/p>\n<h2 style=\"text-align: center;\">Kleidung<\/h2>\n<p style=\"text-align: justify;\">Du solltest versuchen m\u00f6glichst wenig Kleidung einzupacken, da du in deinem Jahr genug M\u00f6glichkeiten haben wirst alles n\u00f6tige zu besorgen.<br \/>\nAchte besonders darauf Kleidung einzupacken, bei der es dir nichts ausmacht, wenn sie schmutzig wird oder ausleiert. Es spielt keine Rolle, ob du Kleinkinder f\u00fcttern musst, mit f\u00fcnf J\u00e4hrigen bastelst oder mit deinen Gastkindern drau\u00dfen spielst \u2013 bequeme Kleidung ist das A und O!<\/p>\n<p>[box icon=&#8220;suitcase&#8220; style=&#8220;solid&#8220;]<\/p>\n<ul>\n<li>Praktische (!), \u00e4ltere und bequeme Kleidung (du verbringst die meiste Zeit mit den Kindern)<\/li>\n<li>Bequeme und geschlossene Schuhe z.B. Sneakers<\/li>\n<li>Regenjacke<\/li>\n<li>Etwas elegantere Kleidung f\u00fcr besondere Anl\u00e4sse<\/li>\n<li>Angemessene Kleidung; z.B. einen zus\u00e4tzlichen Badeanzug<\/li>\n<li>Falls du im Sommer ausreisen solltest ben\u00f6tigst du keine Winterkleidung und anders herum; du wirst gen\u00fcgend Zeit haben dir alle fehlenden Dinge im Laufe deines Jahres zu kaufen<\/li>\n<\/ul>\n<p>[\/box]<\/p>\n<p>[\/one_half]<\/p>\n<p>[one_half_last valign=&#8220;top&#8220; animation=&#8220;none&#8220;]<\/p>\n<p>[space]<\/p>\n<p>[\/space]<\/p>\n<p>[space]<\/p>\n<p>[\/space]<\/p>\n<p>[space]<\/p>\n<p>[\/space]<\/p>\n<p>[space]<\/p>\n<p>[\/space]<\/p>\n<p>[space]<\/p>\n<p>[\/space]<\/p>\n<p>[space]<\/p>\n<p>[\/space]<\/p>\n<p>[space]<\/p>\n<p>[\/space]<\/p>\n<p>[space]<\/p>\n<p>[\/space]<\/p>\n<p>[space]<\/p>\n<p>[\/space]<\/p>\n<p><img loading=\"lazy\" decoding=\"async\" class=\"alignnone size-full wp-image-6358\" src=\"http:\/\/www.aupair-usa.net\/wp-content\/uploads\/2015\/03\/packing_clothes.jpg\" alt=\"packing_clothes\" width=\"350\" height=\"282\" srcset=\"http:\/\/www.aupair-usa.net\/wp-content\/uploads\/2015\/03\/packing_clothes.jpg 350w, http:\/\/www.aupair-usa.net\/wp-content\/uploads\/2015\/03\/packing_clothes-300x242.jpg 300w, http:\/\/www.aupair-usa.net\/wp-content\/uploads\/2015\/03\/packing_clothes-320x258.jpg 320w, http:\/\/www.aupair-usa.net\/wp-content\/uploads\/2015\/03\/packing_clothes-239x193.jpg 239w\" sizes=\"auto, (max-width: 350px) 100vw, 350px\" \/><\/p>\n<p>[\/one_half_last]<\/p>\n<p>[space]<\/p>\n<p>[\/space]<\/p>\n<p>[one_half valign=&#8220;top&#8220; animation=&#8220;none&#8220;]<\/p>\n<h2 style=\"text-align: center;\">Kosmetikartikel und Medikamente<\/h2>\n<p style=\"text-align: justify;\">Am sinnvollsten ist es nur soviel mitzunehmen, wie viel du in den ersten paar Tagen brauchst, da du alle n\u00f6tigen Produkte auch in den USA erwerben kannst! Au\u00dferdem nehmen Shampoo, Duschgel und Co. viel Platz und Gewicht im Koffer weg!<br \/>\nNat\u00fcrlich kann es auch sein, dass du irgendwelche Lieblingsprodukte hast, auf die du nicht verzichten m\u00f6chtest &#8211; diese kannst du selbstverst\u00e4ndlich gerne mitnehmen.<\/p>\n<p>[\/one_half]<\/p>\n<p>[one_half_last valign=&#8220;top&#8220; animation=&#8220;none&#8220;]<\/p>\n<p>[box icon=&#8220;plus&#8220; style=&#8220;solid&#8220;]<\/p>\n<ul>\n<li>Deine Lieblingsprodukte (Shampoo, Tagescreme, etc.)<\/li>\n<li>Kosmetikt\u00e4schen mit Make-Up<\/li>\n<li>Kontaktlinsen + Fl\u00fcssigkeit<\/li>\n<li>Basic-Medikamente + Medikamente (bei regelm\u00e4\u00dfiger Einnahme)<\/li>\n<\/ul>\n<p>[\/box]<\/p>\n<p>[\/one_half_last]<\/p>\n<p>[three_fourth valign=&#8220;top&#8220; animation=&#8220;none&#8220;]<\/p>\n<p>[\/three_fourth]<\/p>\n<p>[one_fourth_last valign=&#8220;top&#8220; animation=&#8220;none&#8220;]<\/p>\n<p>[box icon=&#8220;arrow-right&#8220; style=&#8220;solid&#8220;]<\/p>\n<p style=\"text-align: center;\"><a href=\"http:\/\/www.aupair-usa.net\/de\/gastgeschenke\/\">Gastgeschenke<\/a><\/p>\n<p>[\/box]<\/p>\n<p>[\/one_fourth_last]<\/p>\n","protected":false},"excerpt":{"rendered":"<p>[one_half valign=&#8220;top&#8220; animation=&#8220;none&#8220;] Kleidung Du solltest versuchen m\u00f6glichst wenig Kleidung einzupacken, da du in deinem Jahr genug M\u00f6glichkeiten haben wirst alles n\u00f6tige zu besorgen. Achte besonders darauf Kleidung einzupacken, bei der es dir nichts ausmacht, wenn sie schmutzig wird oder ausleiert. Es spielt keine Rolle, ob du Kleinkinder f\u00fcttern musst, mit f\u00fcnf J\u00e4hrigen bastelst oder &hellip; <a href=\"http:\/\/www.aupair-usa.net\/de\/packliste-kleidung\/\" class=\"more-link\"><span class=\"screen-reader-text\">Packliste &#8211; Kleidung, Kosmetikartikel und Medikamente<\/span> weiterlesen <span class=\"meta-nav\">&rarr;<\/span><\/a><\/p>\n","protected":false},"author":336,"featured_media":0,"parent":0,"menu_order":0,"comment_status":"closed","ping_status":"closed","template":"","meta":{"footnotes":""},"class_list":["post-6456","page","type-page","status-publish","hentry"],"yoast_head":"<!-- This site is optimized with the Yoast SEO plugin v23.9 - https:\/\/yoast.com\/wordpress\/plugins\/seo\/ -->\n<title>Packliste - Kleidung, Kosmetikartikel und Medikamente - AuPair-USA.net<\/title>\n<meta name=\"robots\" content=\"index, follow, max-snippet:-1, max-image-preview:large, max-video-preview:-1\" \/>\n<link rel=\"canonical\" href=\"http:\/\/www.aupair-usa.net\/de\/packliste-kleidung\/\" \/>\n<meta name=\"twitter:label1\" content=\"Gesch\u00e4tzte Lesezeit\" \/>\n\t<meta name=\"twitter:data1\" content=\"2\u00a0Minuten\" \/>\n<script type=\"application\/ld+json\" class=\"yoast-schema-graph\">{\"@context\":\"https:\/\/schema.org\",\"@graph\":[{\"@type\":\"WebPage\",\"@id\":\"http:\/\/www.aupair-usa.net\/de\/packliste-kleidung\/\",\"url\":\"http:\/\/www.aupair-usa.net\/de\/packliste-kleidung\/\",\"name\":\"Packliste - Kleidung, Kosmetikartikel und Medikamente - AuPair-USA.net\",\"isPartOf\":{\"@id\":\"http:\/\/www.aupair-usa.net\/#website\"},\"primaryImageOfPage\":{\"@id\":\"http:\/\/www.aupair-usa.net\/de\/packliste-kleidung\/#primaryimage\"},\"image\":{\"@id\":\"http:\/\/www.aupair-usa.net\/de\/packliste-kleidung\/#primaryimage\"},\"thumbnailUrl\":\"http:\/\/www.aupair-usa.net\/wp-content\/uploads\/2015\/03\/packing_clothes.jpg\",\"datePublished\":\"2015-04-22T12:16:01+00:00\",\"dateModified\":\"2015-04-23T11:24:04+00:00\",\"breadcrumb\":{\"@id\":\"http:\/\/www.aupair-usa.net\/de\/packliste-kleidung\/#breadcrumb\"},\"inLanguage\":\"de\",\"potentialAction\":[{\"@type\":\"ReadAction\",\"target\":[\"http:\/\/www.aupair-usa.net\/de\/packliste-kleidung\/\"]}]},{\"@type\":\"ImageObject\",\"inLanguage\":\"de\",\"@id\":\"http:\/\/www.aupair-usa.net\/de\/packliste-kleidung\/#primaryimage\",\"url\":\"http:\/\/www.aupair-usa.net\/wp-content\/uploads\/2015\/03\/packing_clothes.jpg\",\"contentUrl\":\"http:\/\/www.aupair-usa.net\/wp-content\/uploads\/2015\/03\/packing_clothes.jpg\"},{\"@type\":\"BreadcrumbList\",\"@id\":\"http:\/\/www.aupair-usa.net\/de\/packliste-kleidung\/#breadcrumb\",\"itemListElement\":[{\"@type\":\"ListItem\",\"position\":1,\"name\":\"Startseite\",\"item\":\"https:\/\/www.aupair-usa.net\/de\/\"},{\"@type\":\"ListItem\",\"position\":2,\"name\":\"Packliste &#8211; Kleidung, Kosmetikartikel und Medikamente\"}]},{\"@type\":\"WebSite\",\"@id\":\"http:\/\/www.aupair-usa.net\/#website\",\"url\":\"http:\/\/www.aupair-usa.net\/\",\"name\":\"AuPair-USA.net\",\"description\":\"\",\"potentialAction\":[{\"@type\":\"SearchAction\",\"target\":{\"@type\":\"EntryPoint\",\"urlTemplate\":\"http:\/\/www.aupair-usa.net\/?s={search_term_string}\"},\"query-input\":{\"@type\":\"PropertyValueSpecification\",\"valueRequired\":true,\"valueName\":\"search_term_string\"}}],\"inLanguage\":\"de\"}]}<\/script>\n<!-- \/ Yoast SEO plugin. -->","yoast_head_json":{"title":"Packliste - Kleidung, Kosmetikartikel und Medikamente - AuPair-USA.net","robots":{"index":"index","follow":"follow","max-snippet":"max-snippet:-1","max-image-preview":"max-image-preview:large","max-video-preview":"max-video-preview:-1"},"canonical":"http:\/\/www.aupair-usa.net\/de\/packliste-kleidung\/","twitter_misc":{"Gesch\u00e4tzte Lesezeit":"2\u00a0Minuten"},"schema":{"@context":"https:\/\/schema.org","@graph":[{"@type":"WebPage","@id":"http:\/\/www.aupair-usa.net\/de\/packliste-kleidung\/","url":"http:\/\/www.aupair-usa.net\/de\/packliste-kleidung\/","name":"Packliste - Kleidung, Kosmetikartikel und Medikamente - AuPair-USA.net","isPartOf":{"@id":"http:\/\/www.aupair-usa.net\/#website"},"primaryImageOfPage":{"@id":"http:\/\/www.aupair-usa.net\/de\/packliste-kleidung\/#primaryimage"},"image":{"@id":"http:\/\/www.aupair-usa.net\/de\/packliste-kleidung\/#primaryimage"},"thumbnailUrl":"http:\/\/www.aupair-usa.net\/wp-content\/uploads\/2015\/03\/packing_clothes.jpg","datePublished":"2015-04-22T12:16:01+00:00","dateModified":"2015-04-23T11:24:04+00:00","breadcrumb":{"@id":"http:\/\/www.aupair-usa.net\/de\/packliste-kleidung\/#breadcrumb"},"inLanguage":"de","potentialAction":[{"@type":"ReadAction","target":["http:\/\/www.aupair-usa.net\/de\/packliste-kleidung\/"]}]},{"@type":"ImageObject","inLanguage":"de","@id":"http:\/\/www.aupair-usa.net\/de\/packliste-kleidung\/#primaryimage","url":"http:\/\/www.aupair-usa.net\/wp-content\/uploads\/2015\/03\/packing_clothes.jpg","contentUrl":"http:\/\/www.aupair-usa.net\/wp-content\/uploads\/2015\/03\/packing_clothes.jpg"},{"@type":"BreadcrumbList","@id":"http:\/\/www.aupair-usa.net\/de\/packliste-kleidung\/#breadcrumb","itemListElement":[{"@type":"ListItem","position":1,"name":"Startseite","item":"https:\/\/www.aupair-usa.net\/de\/"},{"@type":"ListItem","position":2,"name":"Packliste &#8211; Kleidung, Kosmetikartikel und Medikamente"}]},{"@type":"WebSite","@id":"http:\/\/www.aupair-usa.net\/#website","url":"http:\/\/www.aupair-usa.net\/","name":"AuPair-USA.net","description":"","potentialAction":[{"@type":"SearchAction","target":{"@type":"EntryPoint","urlTemplate":"http:\/\/www.aupair-usa.net\/?s={search_term_string}"},"query-input":{"@type":"PropertyValueSpecification","valueRequired":true,"valueName":"search_term_string"}}],"inLanguage":"de"}]}},"_links":{"self":[{"href":"http:\/\/www.aupair-usa.net\/de\/wp-json\/wp\/v2\/pages\/6456","targetHints":{"allow":["GET"]}}],"collection":[{"href":"http:\/\/www.aupair-usa.net\/de\/wp-json\/wp\/v2\/pages"}],"about":[{"href":"http:\/\/www.aupair-usa.net\/de\/wp-json\/wp\/v2\/types\/page"}],"author":[{"embeddable":true,"href":"http:\/\/www.aupair-usa.net\/de\/wp-json\/wp\/v2\/users\/336"}],"replies":[{"embeddable":true,"href":"http:\/\/www.aupair-usa.net\/de\/wp-json\/wp\/v2\/comments?post=6456"}],"version-history":[{"count":16,"href":"http:\/\/www.aupair-usa.net\/de\/wp-json\/wp\/v2\/pages\/6456\/revisions"}],"predecessor-version":[{"id":6489,"href":"http:\/\/www.aupair-usa.net\/de\/wp-json\/wp\/v2\/pages\/6456\/revisions\/6489"}],"wp:attachment":[{"href":"http:\/\/www.aupair-usa.net\/de\/wp-json\/wp\/v2\/media?parent=6456"}],"curies":[{"name":"wp","href":"https:\/\/api.w.org\/{rel}","templated":true}]}}