{"id":6130,"date":"2015-04-07T10:14:14","date_gmt":"2015-04-07T08:14:14","guid":{"rendered":"http:\/\/www.aupair-usa.net\/?page_id=6130"},"modified":"2015-04-22T11:21:05","modified_gmt":"2015-04-22T09:21:05","slug":"kurse-sprachunterricht","status":"publish","type":"page","link":"http:\/\/www.aupair-usa.net\/de\/kurse-sprachunterricht\/","title":{"rendered":"Kurse und Sprachunterricht"},"content":{"rendered":"<p>[three_fourth valign=&#8220;top&#8220; animation=&#8220;none&#8220;]<\/p>\n<h2>Sprach- und Weiterbildungskurse<\/h2>\n<p style=\"text-align: justify;\">Wenn man als Au Pair in die USA gehen m\u00f6chte, muss man auch eine Bildungskomponente erf\u00fcllen, um den Anforderungen des Programms gerecht zu werden. W\u00e4hrend deiner Zeit im Ausland musst du insgesamt 6 Credit Points sammeln! Du kannst dir entweder einen Sprachkurs raussuchen oder eine andere Art von Kurs belegen \u2013 in den meisten St\u00e4dten gibt es ein sehr vielf\u00e4ltiges Angebot, manchmal sogar extra Angebote f\u00fcr Au Pairs. Falls du vorhaben solltest deinen Aufenthalt als Au Pair zu verl\u00e4ngern, musst du auch weitere Credit Points sammeln (Bei 6 Monaten \u2013 3 CPs und bei 9 oder 12 Monaten \u2013 6 CPs).<br \/>\nDeine Gastfamilie unterst\u00fctzt dich mit 500 USD Bildungszuschuss. Nat\u00fcrlich kann es auch sein, dass ein Kurs etwas mehr kostet, dann musst du die zus\u00e4tzlichen Kosten selbst tragen.<\/p>\n<p>[\/three_fourth]<\/p>\n<p>[one_fourth_last valign=&#8220;top&#8220; animation=&#8220;none&#8220;]<\/p>\n<p>[space]<\/p>\n<p>[\/space]<\/p>\n<p>[space]<\/p>\n<p>[\/space]<\/p>\n<p>[space]<\/p>\n<p>[\/space]<\/p>\n<p><em><img loading=\"lazy\" decoding=\"async\" class=\"alignnone size-full wp-image-6335\" src=\"http:\/\/www.aupair-usa.net\/wp-content\/uploads\/2015\/03\/statue_of_liberty1.jpg\" alt=\"statue_of_liberty\" width=\"320\" height=\"243\" srcset=\"http:\/\/www.aupair-usa.net\/wp-content\/uploads\/2015\/03\/statue_of_liberty1.jpg 320w, http:\/\/www.aupair-usa.net\/wp-content\/uploads\/2015\/03\/statue_of_liberty1-300x228.jpg 300w, http:\/\/www.aupair-usa.net\/wp-content\/uploads\/2015\/03\/statue_of_liberty1-239x181.jpg 239w\" sizes=\"auto, (max-width: 320px) 100vw, 320px\" \/><\/em><\/p>\n<p>[\/one_fourth_last]<\/p>\n<p>[divider_top]<\/p>\n<p>[\/divider_top]<\/p>\n","protected":false},"excerpt":{"rendered":"<p>[three_fourth valign=&#8220;top&#8220; animation=&#8220;none&#8220;] Sprach- und Weiterbildungskurse Wenn man als Au Pair in die USA gehen m\u00f6chte, muss man auch eine Bildungskomponente erf\u00fcllen, um den Anforderungen des Programms gerecht zu werden. W\u00e4hrend deiner Zeit im Ausland musst du insgesamt 6 Credit Points sammeln! Du kannst dir entweder einen Sprachkurs raussuchen oder eine andere Art von Kurs &hellip; <a href=\"http:\/\/www.aupair-usa.net\/de\/kurse-sprachunterricht\/\" class=\"more-link\"><span class=\"screen-reader-text\">Kurse und Sprachunterricht<\/span> weiterlesen <span class=\"meta-nav\">&rarr;<\/span><\/a><\/p>\n","protected":false},"author":336,"featured_media":0,"parent":0,"menu_order":0,"comment_status":"closed","ping_status":"closed","template":"","meta":{"footnotes":""},"class_list":["post-6130","page","type-page","status-publish","hentry"],"yoast_head":"<!-- This site is optimized with the Yoast SEO plugin v23.9 - https:\/\/yoast.com\/wordpress\/plugins\/seo\/ -->\n<title>Kurse und Sprachunterricht - AuPair-USA.net<\/title>\n<meta name=\"robots\" content=\"index, follow, max-snippet:-1, max-image-preview:large, max-video-preview:-1\" \/>\n<link rel=\"canonical\" href=\"http:\/\/www.aupair-usa.net\/de\/kurse-sprachunterricht\/\" \/>\n<meta name=\"twitter:label1\" content=\"Gesch\u00e4tzte Lesezeit\" \/>\n\t<meta name=\"twitter:data1\" content=\"1\u00a0Minute\" \/>\n<script type=\"application\/ld+json\" class=\"yoast-schema-graph\">{\"@context\":\"https:\/\/schema.org\",\"@graph\":[{\"@type\":\"WebPage\",\"@id\":\"http:\/\/www.aupair-usa.net\/de\/kurse-sprachunterricht\/\",\"url\":\"http:\/\/www.aupair-usa.net\/de\/kurse-sprachunterricht\/\",\"name\":\"Kurse und Sprachunterricht - AuPair-USA.net\",\"isPartOf\":{\"@id\":\"http:\/\/www.aupair-usa.net\/#website\"},\"primaryImageOfPage\":{\"@id\":\"http:\/\/www.aupair-usa.net\/de\/kurse-sprachunterricht\/#primaryimage\"},\"image\":{\"@id\":\"http:\/\/www.aupair-usa.net\/de\/kurse-sprachunterricht\/#primaryimage\"},\"thumbnailUrl\":\"http:\/\/www.aupair-usa.net\/wp-content\/uploads\/2015\/03\/statue_of_liberty1.jpg\",\"datePublished\":\"2015-04-07T08:14:14+00:00\",\"dateModified\":\"2015-04-22T09:21:05+00:00\",\"breadcrumb\":{\"@id\":\"http:\/\/www.aupair-usa.net\/de\/kurse-sprachunterricht\/#breadcrumb\"},\"inLanguage\":\"de\",\"potentialAction\":[{\"@type\":\"ReadAction\",\"target\":[\"http:\/\/www.aupair-usa.net\/de\/kurse-sprachunterricht\/\"]}]},{\"@type\":\"ImageObject\",\"inLanguage\":\"de\",\"@id\":\"http:\/\/www.aupair-usa.net\/de\/kurse-sprachunterricht\/#primaryimage\",\"url\":\"http:\/\/www.aupair-usa.net\/wp-content\/uploads\/2015\/03\/statue_of_liberty1.jpg\",\"contentUrl\":\"http:\/\/www.aupair-usa.net\/wp-content\/uploads\/2015\/03\/statue_of_liberty1.jpg\"},{\"@type\":\"BreadcrumbList\",\"@id\":\"http:\/\/www.aupair-usa.net\/de\/kurse-sprachunterricht\/#breadcrumb\",\"itemListElement\":[{\"@type\":\"ListItem\",\"position\":1,\"name\":\"Startseite\",\"item\":\"https:\/\/www.aupair-usa.net\/de\/\"},{\"@type\":\"ListItem\",\"position\":2,\"name\":\"Kurse und Sprachunterricht\"}]},{\"@type\":\"WebSite\",\"@id\":\"http:\/\/www.aupair-usa.net\/#website\",\"url\":\"http:\/\/www.aupair-usa.net\/\",\"name\":\"AuPair-USA.net\",\"description\":\"\",\"potentialAction\":[{\"@type\":\"SearchAction\",\"target\":{\"@type\":\"EntryPoint\",\"urlTemplate\":\"http:\/\/www.aupair-usa.net\/?s={search_term_string}\"},\"query-input\":{\"@type\":\"PropertyValueSpecification\",\"valueRequired\":true,\"valueName\":\"search_term_string\"}}],\"inLanguage\":\"de\"}]}<\/script>\n<!-- \/ Yoast SEO plugin. -->","yoast_head_json":{"title":"Kurse und Sprachunterricht - AuPair-USA.net","robots":{"index":"index","follow":"follow","max-snippet":"max-snippet:-1","max-image-preview":"max-image-preview:large","max-video-preview":"max-video-preview:-1"},"canonical":"http:\/\/www.aupair-usa.net\/de\/kurse-sprachunterricht\/","twitter_misc":{"Gesch\u00e4tzte Lesezeit":"1\u00a0Minute"},"schema":{"@context":"https:\/\/schema.org","@graph":[{"@type":"WebPage","@id":"http:\/\/www.aupair-usa.net\/de\/kurse-sprachunterricht\/","url":"http:\/\/www.aupair-usa.net\/de\/kurse-sprachunterricht\/","name":"Kurse und Sprachunterricht - AuPair-USA.net","isPartOf":{"@id":"http:\/\/www.aupair-usa.net\/#website"},"primaryImageOfPage":{"@id":"http:\/\/www.aupair-usa.net\/de\/kurse-sprachunterricht\/#primaryimage"},"image":{"@id":"http:\/\/www.aupair-usa.net\/de\/kurse-sprachunterricht\/#primaryimage"},"thumbnailUrl":"http:\/\/www.aupair-usa.net\/wp-content\/uploads\/2015\/03\/statue_of_liberty1.jpg","datePublished":"2015-04-07T08:14:14+00:00","dateModified":"2015-04-22T09:21:05+00:00","breadcrumb":{"@id":"http:\/\/www.aupair-usa.net\/de\/kurse-sprachunterricht\/#breadcrumb"},"inLanguage":"de","potentialAction":[{"@type":"ReadAction","target":["http:\/\/www.aupair-usa.net\/de\/kurse-sprachunterricht\/"]}]},{"@type":"ImageObject","inLanguage":"de","@id":"http:\/\/www.aupair-usa.net\/de\/kurse-sprachunterricht\/#primaryimage","url":"http:\/\/www.aupair-usa.net\/wp-content\/uploads\/2015\/03\/statue_of_liberty1.jpg","contentUrl":"http:\/\/www.aupair-usa.net\/wp-content\/uploads\/2015\/03\/statue_of_liberty1.jpg"},{"@type":"BreadcrumbList","@id":"http:\/\/www.aupair-usa.net\/de\/kurse-sprachunterricht\/#breadcrumb","itemListElement":[{"@type":"ListItem","position":1,"name":"Startseite","item":"https:\/\/www.aupair-usa.net\/de\/"},{"@type":"ListItem","position":2,"name":"Kurse und Sprachunterricht"}]},{"@type":"WebSite","@id":"http:\/\/www.aupair-usa.net\/#website","url":"http:\/\/www.aupair-usa.net\/","name":"AuPair-USA.net","description":"","potentialAction":[{"@type":"SearchAction","target":{"@type":"EntryPoint","urlTemplate":"http:\/\/www.aupair-usa.net\/?s={search_term_string}"},"query-input":{"@type":"PropertyValueSpecification","valueRequired":true,"valueName":"search_term_string"}}],"inLanguage":"de"}]}},"_links":{"self":[{"href":"http:\/\/www.aupair-usa.net\/de\/wp-json\/wp\/v2\/pages\/6130","targetHints":{"allow":["GET"]}}],"collection":[{"href":"http:\/\/www.aupair-usa.net\/de\/wp-json\/wp\/v2\/pages"}],"about":[{"href":"http:\/\/www.aupair-usa.net\/de\/wp-json\/wp\/v2\/types\/page"}],"author":[{"embeddable":true,"href":"http:\/\/www.aupair-usa.net\/de\/wp-json\/wp\/v2\/users\/336"}],"replies":[{"embeddable":true,"href":"http:\/\/www.aupair-usa.net\/de\/wp-json\/wp\/v2\/comments?post=6130"}],"version-history":[{"count":6,"href":"http:\/\/www.aupair-usa.net\/de\/wp-json\/wp\/v2\/pages\/6130\/revisions"}],"predecessor-version":[{"id":6273,"href":"http:\/\/www.aupair-usa.net\/de\/wp-json\/wp\/v2\/pages\/6130\/revisions\/6273"}],"wp:attachment":[{"href":"http:\/\/www.aupair-usa.net\/de\/wp-json\/wp\/v2\/media?parent=6130"}],"curies":[{"name":"wp","href":"https:\/\/api.w.org\/{rel}","templated":true}]}}