{"id":6128,"date":"2015-04-07T10:13:35","date_gmt":"2015-04-07T08:13:35","guid":{"rendered":"http:\/\/www.aupair-usa.net\/?page_id=6128"},"modified":"2025-02-10T13:42:08","modified_gmt":"2025-02-10T11:42:08","slug":"erste-tage-als-au-pair","status":"publish","type":"page","link":"http:\/\/www.aupair-usa.net\/de\/erste-tage-als-au-pair\/","title":{"rendered":"Die ersten Tage als Au Pair"},"content":{"rendered":"\n<p>Der Beginn eines neuen Kapitels als Au Pair kann aufregend sein, aber er bringt auch einige Herausforderungen mit sich. Die ersten Tage sind entscheidend, um den Ton f\u00fcr deinen Aufenthalt anzugeben, und die Anpassung an das neue Familienleben und die Routine kann einige Zeit dauern. Mit der richtigen Herangehensweise wirst du dich jedoch in k\u00fcrzester Zeit wohlf\u00fchlen und einleben. Hier sind einige Tipps und Einblicke, die dir helfen sollen, diese wichtigen ersten Tage als Au Pair zu meistern.<\/p>\n\n\n\n<h3 class=\"wp-block-heading\">1. <strong>Aufbau einer Beziehung zu deiner Gastfamilie<\/strong><\/h3>\n\n\n\n<p>Einer der wichtigsten Aspekte eines Au Pair-Aufenthalts ist das Leben in einer Gastfamilie. Wenn du von Anfang an eine gute Beziehung zu deiner Familie aufbaust, wird alles reibungsloser ablaufen.<\/p>\n\n\n\n<p><strong>Tipps f\u00fcr den Aufbau einer Beziehung:<\/strong><\/p>\n\n\n\n<ul class=\"wp-block-list\">\n<li><strong>Sei geduldig und unvoreingenommen<\/strong>: Denk daran, dass du in einer neuen Umgebung mit einer Familie lebst, die m\u00f6glicherweise andere Gewohnheiten, <a href=\"http:\/\/www.aupair-usa.net\/de\/aufgaben-pflichten-au-pair\/\">Zeitpl\u00e4ne und Erwartungen<\/a> hat, als du es gewohnt bist. Begegne dieser Erfahrung mit Neugierde und Verst\u00e4ndnis.<\/li>\n\n\n\n<li><strong>Kommuniziere offen<\/strong>: Scheue dich nicht, Fragen zu stellen oder Dinge zu kl\u00e4ren, die du nicht verstehst. Wenn dir etwas unklar erscheint oder du Bedenken hast, ist es wichtig, dar\u00fcber zu sprechen. Eine offene Kommunikation hilft, Missverst\u00e4ndnisse zu vermeiden.<\/li>\n\n\n\n<li><strong>Lerne deine Gastfamilie kennen<\/strong>: Nimm dir Zeit f\u00fcr ein Gespr\u00e4ch mit deinen Gasteltern und -kindern. Erkundige dich nach ihren Gewohnheiten, Interessen und Vorlieben. Je besser ihr euch gegenseitig versteht, desto besser kannst du dich in die Familie integrieren.<\/li>\n<\/ul>\n\n\n\n<h3 class=\"wp-block-heading\">2. <strong>Anpassung an den neuen Tagesablauf<\/strong><\/h3>\n\n\n\n<p>Der Tagesablauf der Familie wird sich wahrscheinlich von deinem eigenen unterscheiden. Von den Essenszeiten \u00fcber die Arbeitszeiten bis hin zum Abholen der Kinder von der Schule &#8211; anfangs kann sich das \u00fcberw\u00e4ltigend anf\u00fchlen. Aber mit der Zeit werden diese Routinen vertraut, und Ihre Rolle wird sich immer nat\u00fcrlicher anf\u00fchlen.<\/p>\n\n\n\n<p><strong>Tipps f\u00fcr die Anpassung an eine neue Routine:<\/strong><\/p>\n\n\n\n<ul class=\"wp-block-list\">\n<li><strong>Beobachte und lerne<\/strong>: Nimm dir in den ersten Tagen Zeit, um zu beobachten, wie deine Gastfamilie arbeitet. Lerne ihren Tagesrhythmus kennen und verstehe deine Aufgaben in verschiedenen Situationen. Bitte deine Gastfamilie, dich durch den Tagesablauf zu f\u00fchren, besonders wenn es bestimmte Aufgaben gibt, die du erledigen sollst.<\/li>\n\n\n\n<li><strong>Frag nach den spezifischen Erwartungen<\/strong>: Jede Familie hat ihre eigenen Regeln und Vorlieben, also sei dir im Klaren \u00fcber Dinge wie Hausarbeit, Bildschirmzeit f\u00fcr die Kinder, Schlafenszeit und wie die Nutzung des Internets oder des Telefons geregelt werden soll. Das hilft, sp\u00e4tere Unklarheiten zu vermeiden.<\/li>\n\n\n\n<li><strong>Sei flexibel<\/strong>: Je nach den Bed\u00fcrfnissen der Familie kann sich dein Zeitplan \u00e4ndern. Sei flexibel und bereit f\u00fcr unerwartete \u00c4nderungen oder zus\u00e4tzliche Aufgaben.<\/li>\n<\/ul>\n\n\n\n<h3 class=\"wp-block-heading\">3. <strong>Kennenlernen der Kinder<\/strong><\/h3>\n\n\n\n<p>Als Au Pair verbringst du viel Zeit mit den Kindern in deiner Obhut, daher ist es wichtig, eine Beziehung zu ihnen aufzubauen. Es kann eine Weile dauern, bis sich sowohl du als auch die Kinder an die neuen Lebensumst\u00e4nde gew\u00f6hnt haben.<\/p>\n\n\n\n<p><strong>Tipps zum Aufbau einer Beziehung zu den Kindern:<\/strong><\/p>\n\n\n\n<ul class=\"wp-block-list\">\n<li><strong>Sei geduldig<\/strong>: Die Kinder sind vielleicht sch\u00fcchtern, \u00e4ngstlich oder unsicher gegen\u00fcber der neuen Person in ihrem Leben. Es ist wichtig, dass du ihnen Zeit gibst, sich an dich zu gew\u00f6hnen. Sei freundlich, zuvorkommend und geduldig.<\/li>\n\n\n\n<li><strong>Engagiere dich bei lustigen Aktivit\u00e4ten<\/strong>: Beteilige dich an den Aktivit\u00e4ten, die den Kindern Spa\u00df machen. Ob Malen, Spielen oder Lesen &#8211; gemeinsame Aktivit\u00e4ten k\u00f6nnen helfen, das Eis zu brechen.<\/li>\n\n\n\n<li><strong>Schaffe Routinen<\/strong>: Kinder freuen sich \u00fcber Struktur und Vorhersehbarkeit. Versuche, wenn m\u00f6glich, die Routinen der Kinder beizubehalten, z. B. Essenszeiten oder Schlafenszeiten. Das wird ihnen helfen, sich bei dir sicherer zu f\u00fchlen.<\/li>\n<\/ul>\n\n\n\n<h3 class=\"wp-block-heading\">4. <strong>Eingew\u00f6hnung in den eigenen Raum<\/strong><\/h3>\n\n\n\n<p>Als Au Pair lebst du in einem fremden Haus, und ein eigener Raum ist wichtig, um sich einzuleben. Achte darauf, dass dein Zimmer gem\u00fctlich ist und deine Pers\u00f6nlichkeit widerspiegelt, damit es sich wie dein eigener kleiner Zufluchtsort anf\u00fchlt.<\/p>\n\n\n\n<p><strong>Tipps zum Einleben in dein <a href=\"https:\/\/www.aupair.com\/de\/p-au-pair-zimmer.php\" target=\"_blank\" rel=\"noreferrer noopener\">Zimmer<\/a>:<\/strong><\/p>\n\n\n\n<ul class=\"wp-block-list\">\n<li><strong>Personalisiere dein Zimmer<\/strong>: Bring ein paar pers\u00f6nliche Gegenst\u00e4nde wie Fotos, kleine Dekorationen oder deine Lieblingsdecke mit, damit du dich in deinem Zimmer noch wohler f\u00fchlst.<\/li>\n\n\n\n<li><strong>Lege Grenzen fest<\/strong>: Es ist wichtig, die Privatsph\u00e4re deiner Gastfamilie zu respektieren und ihr deine eigenen Grenzen aufzuzeigen. Z\u00f6gere nicht, mit deiner Gastfamilie zu besprechen, wenn du Bedenken bez\u00fcglich deines pers\u00f6nlichen Bereichs hast.<\/li>\n<\/ul>\n\n\n\n<h3 class=\"wp-block-heading\">5. <strong>Umgang mit kulturellen Unterschieden<\/strong><\/h3>\n\n\n\n<p>In einem neuen Land zu leben bedeutet, eine andere Kultur kennenzulernen, was sowohl aufregend als auch herausfordernd sein kann. Vielleicht triffst du auf kulturelle Normen oder Traditionen, die dir nicht vertraut sind. Das kann manchmal zu einem Kulturschock f\u00fchren, aber das geh\u00f6rt zum Abenteuer dazu.<\/p>\n\n\n\n<p><strong>Tipps zur Bew\u00e4ltigung des <a href=\"https:\/\/www.aupair.com\/de\/au-pair-blog\/aupair\/kulturschock-als-aupair.php\" target=\"_blank\" rel=\"noreferrer noopener\">Kulturschocks<\/a>:<\/strong><\/p>\n\n\n\n<ul class=\"wp-block-list\">\n<li><strong>Lass dich auf die Erfahrung ein<\/strong>: Nutze die Gelegenheit, um in die neue Kultur einzutauchen. Probiere neue Speisen, nimm an lokalen Aktivit\u00e4ten teil und lerne die Sprache. Je mehr du dich darauf einl\u00e4sst, desto schneller wirst du dich anpassen.<\/li>\n\n\n\n<li><strong>\u00dcberst\u00fcrze den Prozess nicht<\/strong>: Die Anpassung an eine neue Kultur braucht Zeit. Sei also nicht zu hart zu dir selbst, wenn du dich nicht sofort wohlf\u00fchlst. Geh einen Schritt nach dem anderen.<\/li>\n\n\n\n<li><strong>Bleib mit deinem Zuhause in Kontakt<\/strong>: Es ist in Ordnung, wenn du dein <a href=\"https:\/\/www.aupair.com\/de\/au-pair-blog\/aupair\/tipps-gegen-heimweh-weihnachten.php\" target=\"_blank\" rel=\"noreferrer noopener\">Zuhause in den ersten Tagen vermisst<\/a>. Bleib in Kontakt mit deiner Familie und deinen Freunden in der Heimat, aber bem\u00fche dich auch, neue Kontakte in deinem Gastland zu kn\u00fcpfen.<\/li>\n<\/ul>\n\n\n\n<h3 class=\"wp-block-heading\">6. <strong>Plane deine Freizeit<\/strong><\/h3>\n\n\n\n<p>Als Au Pair wirst du wahrscheinlich etwas Freizeit haben, um die Gegend zu erkunden, <a href=\"https:\/\/www.aupair.com\/de\/p-freunde-im-gastland-finden.php\" target=\"_blank\" rel=\"noreferrer noopener\">neue Leute kennenzulernen<\/a> und an Aktivit\u00e4ten teilzunehmen, die dich interessieren. Es ist jedoch wichtig, dass du deine pers\u00f6nliche Zeit mit deinen Pflichten in <a href=\"https:\/\/www.aupair.com\/de\/au-pair-blog\/aupair\/work-life-balance-fuer-au-pairs.php\" target=\"_blank\" rel=\"noreferrer noopener\">Einklang<\/a> bringst, um eine gesunde Erfahrung zu machen. <\/p>\n\n\n\n<p><strong>Tipps f\u00fcr die optimale Nutzung deiner freien Zeit:<\/strong><\/p>\n\n\n\n<ul class=\"wp-block-list\">\n<li><strong>Besuche einen Sprachkurs<\/strong>: Wenn deine Gastfamilie eine andere Sprache spricht, ist es eine gute Idee, einen <a href=\"https:\/\/www.aupair.com\/de\/p-au-pair-sprachkurs.php\" target=\"_blank\" rel=\"noreferrer noopener\">Sprachkurs<\/a> zu besuchen. Das hilft nicht nur, sich besser zu verst\u00e4ndigen, sondern verbessert auch deine Erfahrungen und deine soziale Integration.<\/li>\n\n\n\n<li><strong>Erkunde deine Umgebung<\/strong>: Nutze deine freie Zeit, um deine neue Umgebung kennen zu lernen. Besuche \u00f6rtliche Sehensw\u00fcrdigkeiten, mache Spazierg\u00e4nge oder schlie\u00dfe dich sozialen Gruppen an, um andere zu treffen.<\/li>\n\n\n\n<li><strong>Bleib aktiv<\/strong>: Die Teilnahme an Hobbys oder Sportarten hilft dir, gesund und engagiert zu bleiben. Egal, ob du einen Fitnesskurs besuchst, wandern gehst oder bastelst &#8211; finde Aktivit\u00e4ten, die dir helfen, dich zu entspannen und neue Energie zu tanken.<\/li>\n<\/ul>\n\n\n<div class=\"wp-block-image\">\n<figure class=\"aligncenter size-full is-resized\"><a href=\"http:\/\/www.aupair-usa.net\/wp-content\/uploads\/2015\/03\/au_pairs_usa1.jpg\"><img loading=\"lazy\" decoding=\"async\" width=\"320\" height=\"243\" src=\"http:\/\/www.aupair-usa.net\/wp-content\/uploads\/2015\/03\/au_pairs_usa1.jpg\" alt=\"au pair usa\" class=\"wp-image-6720\" style=\"width:241px;height:auto\" srcset=\"http:\/\/www.aupair-usa.net\/wp-content\/uploads\/2015\/03\/au_pairs_usa1.jpg 320w, http:\/\/www.aupair-usa.net\/wp-content\/uploads\/2015\/03\/au_pairs_usa1-300x228.jpg 300w, http:\/\/www.aupair-usa.net\/wp-content\/uploads\/2015\/03\/au_pairs_usa1-239x181.jpg 239w\" sizes=\"auto, (max-width: 320px) 100vw, 320px\" \/><\/a><\/figure>\n<\/div>\n\n\n<h3 class=\"wp-block-heading\">7. <strong>Hab keine Angst, um Hilfe zu bitten<\/strong><\/h3>\n\n\n\n<p>Die ersten Tage als Au Pair k\u00f6nnen sich \u00fcberw\u00e4ltigend anf\u00fchlen, und es ist in Ordnung, um Hilfe zu bitten, wenn du sie brauchst. Egal, ob du dir bei einer Aufgabe unsicher bist, Heimweh hast oder einfach nur einen Rat brauchst, z\u00f6gere nicht, deine Gastfamilie, Freunde oder sogar andere Au Pairs zu fragen. Sie haben wahrscheinlich \u00e4hnliche Erfahrungen gemacht und k\u00f6nnen dir mit Rat und Tat zur Seite stehen.<\/p>\n","protected":false},"excerpt":{"rendered":"<p>Der Beginn eines neuen Kapitels als Au Pair kann aufregend sein, aber er bringt auch einige Herausforderungen mit sich. Die ersten Tage sind entscheidend, um den Ton f\u00fcr deinen Aufenthalt anzugeben, und die Anpassung an das neue Familienleben und die Routine kann einige Zeit dauern. Mit der richtigen Herangehensweise wirst du dich jedoch in k\u00fcrzester &hellip; <a href=\"http:\/\/www.aupair-usa.net\/de\/erste-tage-als-au-pair\/\" class=\"more-link\"><span class=\"screen-reader-text\">Die ersten Tage als Au Pair<\/span> weiterlesen <span class=\"meta-nav\">&rarr;<\/span><\/a><\/p>\n","protected":false},"author":336,"featured_media":0,"parent":0,"menu_order":0,"comment_status":"closed","ping_status":"closed","template":"","meta":{"footnotes":""},"class_list":["post-6128","page","type-page","status-publish","hentry"],"yoast_head":"<!-- This site is optimized with the Yoast SEO plugin v23.9 - https:\/\/yoast.com\/wordpress\/plugins\/seo\/ -->\n<title>Die ersten Tage als Au Pair<\/title>\n<meta name=\"description\" content=\"Die ersten Tage als Au Pair k\u00f6nnen aufregend aber auch herausfordernd sein. Hier sind einige Tipps f\u00fcr dich.\" \/>\n<meta name=\"robots\" content=\"index, follow, max-snippet:-1, max-image-preview:large, max-video-preview:-1\" \/>\n<link rel=\"canonical\" href=\"https:\/\/www.aupair-usa.net\/de\/erste-tage-als-au-pair\/\" \/>\n<meta name=\"twitter:label1\" content=\"Gesch\u00e4tzte Lesezeit\" \/>\n\t<meta name=\"twitter:data1\" content=\"5\u00a0Minuten\" \/>\n<script type=\"application\/ld+json\" class=\"yoast-schema-graph\">{\"@context\":\"https:\/\/schema.org\",\"@graph\":[{\"@type\":\"WebPage\",\"@id\":\"https:\/\/www.aupair-usa.net\/de\/erste-tage-als-au-pair\/\",\"url\":\"https:\/\/www.aupair-usa.net\/de\/erste-tage-als-au-pair\/\",\"name\":\"Die ersten Tage als Au Pair\",\"isPartOf\":{\"@id\":\"http:\/\/www.aupair-usa.net\/#website\"},\"primaryImageOfPage\":{\"@id\":\"https:\/\/www.aupair-usa.net\/de\/erste-tage-als-au-pair\/#primaryimage\"},\"image\":{\"@id\":\"https:\/\/www.aupair-usa.net\/de\/erste-tage-als-au-pair\/#primaryimage\"},\"thumbnailUrl\":\"http:\/\/www.aupair-usa.net\/wp-content\/uploads\/2015\/03\/au_pairs_usa1.jpg\",\"datePublished\":\"2015-04-07T08:13:35+00:00\",\"dateModified\":\"2025-02-10T11:42:08+00:00\",\"description\":\"Die ersten Tage als Au Pair k\u00f6nnen aufregend aber auch herausfordernd sein. Hier sind einige Tipps f\u00fcr dich.\",\"breadcrumb\":{\"@id\":\"https:\/\/www.aupair-usa.net\/de\/erste-tage-als-au-pair\/#breadcrumb\"},\"inLanguage\":\"de\",\"potentialAction\":[{\"@type\":\"ReadAction\",\"target\":[\"https:\/\/www.aupair-usa.net\/de\/erste-tage-als-au-pair\/\"]}]},{\"@type\":\"ImageObject\",\"inLanguage\":\"de\",\"@id\":\"https:\/\/www.aupair-usa.net\/de\/erste-tage-als-au-pair\/#primaryimage\",\"url\":\"http:\/\/www.aupair-usa.net\/wp-content\/uploads\/2015\/03\/au_pairs_usa1.jpg\",\"contentUrl\":\"http:\/\/www.aupair-usa.net\/wp-content\/uploads\/2015\/03\/au_pairs_usa1.jpg\"},{\"@type\":\"BreadcrumbList\",\"@id\":\"https:\/\/www.aupair-usa.net\/de\/erste-tage-als-au-pair\/#breadcrumb\",\"itemListElement\":[{\"@type\":\"ListItem\",\"position\":1,\"name\":\"Startseite\",\"item\":\"https:\/\/www.aupair-usa.net\/de\/\"},{\"@type\":\"ListItem\",\"position\":2,\"name\":\"Die ersten Tage als Au Pair\"}]},{\"@type\":\"WebSite\",\"@id\":\"http:\/\/www.aupair-usa.net\/#website\",\"url\":\"http:\/\/www.aupair-usa.net\/\",\"name\":\"AuPair-USA.net\",\"description\":\"\",\"potentialAction\":[{\"@type\":\"SearchAction\",\"target\":{\"@type\":\"EntryPoint\",\"urlTemplate\":\"http:\/\/www.aupair-usa.net\/?s={search_term_string}\"},\"query-input\":{\"@type\":\"PropertyValueSpecification\",\"valueRequired\":true,\"valueName\":\"search_term_string\"}}],\"inLanguage\":\"de\"}]}<\/script>\n<!-- \/ Yoast SEO plugin. -->","yoast_head_json":{"title":"Die ersten Tage als Au Pair","description":"Die ersten Tage als Au Pair k\u00f6nnen aufregend aber auch herausfordernd sein. Hier sind einige Tipps f\u00fcr dich.","robots":{"index":"index","follow":"follow","max-snippet":"max-snippet:-1","max-image-preview":"max-image-preview:large","max-video-preview":"max-video-preview:-1"},"canonical":"https:\/\/www.aupair-usa.net\/de\/erste-tage-als-au-pair\/","twitter_misc":{"Gesch\u00e4tzte Lesezeit":"5\u00a0Minuten"},"schema":{"@context":"https:\/\/schema.org","@graph":[{"@type":"WebPage","@id":"https:\/\/www.aupair-usa.net\/de\/erste-tage-als-au-pair\/","url":"https:\/\/www.aupair-usa.net\/de\/erste-tage-als-au-pair\/","name":"Die ersten Tage als Au Pair","isPartOf":{"@id":"http:\/\/www.aupair-usa.net\/#website"},"primaryImageOfPage":{"@id":"https:\/\/www.aupair-usa.net\/de\/erste-tage-als-au-pair\/#primaryimage"},"image":{"@id":"https:\/\/www.aupair-usa.net\/de\/erste-tage-als-au-pair\/#primaryimage"},"thumbnailUrl":"http:\/\/www.aupair-usa.net\/wp-content\/uploads\/2015\/03\/au_pairs_usa1.jpg","datePublished":"2015-04-07T08:13:35+00:00","dateModified":"2025-02-10T11:42:08+00:00","description":"Die ersten Tage als Au Pair k\u00f6nnen aufregend aber auch herausfordernd sein. Hier sind einige Tipps f\u00fcr dich.","breadcrumb":{"@id":"https:\/\/www.aupair-usa.net\/de\/erste-tage-als-au-pair\/#breadcrumb"},"inLanguage":"de","potentialAction":[{"@type":"ReadAction","target":["https:\/\/www.aupair-usa.net\/de\/erste-tage-als-au-pair\/"]}]},{"@type":"ImageObject","inLanguage":"de","@id":"https:\/\/www.aupair-usa.net\/de\/erste-tage-als-au-pair\/#primaryimage","url":"http:\/\/www.aupair-usa.net\/wp-content\/uploads\/2015\/03\/au_pairs_usa1.jpg","contentUrl":"http:\/\/www.aupair-usa.net\/wp-content\/uploads\/2015\/03\/au_pairs_usa1.jpg"},{"@type":"BreadcrumbList","@id":"https:\/\/www.aupair-usa.net\/de\/erste-tage-als-au-pair\/#breadcrumb","itemListElement":[{"@type":"ListItem","position":1,"name":"Startseite","item":"https:\/\/www.aupair-usa.net\/de\/"},{"@type":"ListItem","position":2,"name":"Die ersten Tage als Au Pair"}]},{"@type":"WebSite","@id":"http:\/\/www.aupair-usa.net\/#website","url":"http:\/\/www.aupair-usa.net\/","name":"AuPair-USA.net","description":"","potentialAction":[{"@type":"SearchAction","target":{"@type":"EntryPoint","urlTemplate":"http:\/\/www.aupair-usa.net\/?s={search_term_string}"},"query-input":{"@type":"PropertyValueSpecification","valueRequired":true,"valueName":"search_term_string"}}],"inLanguage":"de"}]}},"_links":{"self":[{"href":"http:\/\/www.aupair-usa.net\/de\/wp-json\/wp\/v2\/pages\/6128","targetHints":{"allow":["GET"]}}],"collection":[{"href":"http:\/\/www.aupair-usa.net\/de\/wp-json\/wp\/v2\/pages"}],"about":[{"href":"http:\/\/www.aupair-usa.net\/de\/wp-json\/wp\/v2\/types\/page"}],"author":[{"embeddable":true,"href":"http:\/\/www.aupair-usa.net\/de\/wp-json\/wp\/v2\/users\/336"}],"replies":[{"embeddable":true,"href":"http:\/\/www.aupair-usa.net\/de\/wp-json\/wp\/v2\/comments?post=6128"}],"version-history":[{"count":6,"href":"http:\/\/www.aupair-usa.net\/de\/wp-json\/wp\/v2\/pages\/6128\/revisions"}],"predecessor-version":[{"id":6924,"href":"http:\/\/www.aupair-usa.net\/de\/wp-json\/wp\/v2\/pages\/6128\/revisions\/6924"}],"wp:attachment":[{"href":"http:\/\/www.aupair-usa.net\/de\/wp-json\/wp\/v2\/media?parent=6128"}],"curies":[{"name":"wp","href":"https:\/\/api.w.org\/{rel}","templated":true}]}}