{"id":6126,"date":"2015-04-07T10:12:55","date_gmt":"2015-04-07T08:12:55","guid":{"rendered":"http:\/\/www.aupair-usa.net\/?page_id=6126"},"modified":"2025-02-10T12:40:44","modified_gmt":"2025-02-10T10:40:44","slug":"au-pair-vertrag","status":"publish","type":"page","link":"http:\/\/www.aupair-usa.net\/de\/au-pair-vertrag\/","title":{"rendered":"Der Au Pair Vertrag"},"content":{"rendered":"\n<p>Bevor der Au Pair Aufenthalt beginnen kann, m\u00fcssen beide Parteien den Au Pair Vertrag unterschreiben.<\/p>\n\n\n\n<p>Alle legalen Au Pair Programme in den USA folgen den Vorschriften der US-Regierung, die Au Pairs und Gastfamilien sch\u00fctzen. Aufgrund dieser Vorschriften haben die Programme in den USA Au Pair und Gastfamilien Vereinbarungen (Vertr\u00e4ge). Beide Parteien m\u00fcssen ihn unterschreiben. Der Vertrag ist ein rechtliches Dokument, das die Regeln des Au Pair Programms festlegt, an die sich alle Teilnehmer zu jeder Zeit halten m\u00fcssen.<\/p>\n\n\n\n<h3 class=\"wp-block-heading\">Wichtige Punkte des Vertrags<\/h3>\n\n\n\n<ul class=\"wp-block-list\">\n<li>Dauer des Aufenthalts<\/li>\n\n\n\n<li>Anfangs- und Enddatum des Jobs<\/li>\n\n\n\n<li>Es sollte eine detaillierte Beschreibung des Zimmers, des Essens und der anderen Einrichtungen, die dem Au Pair zur Verf\u00fcgung gestellt werden, vorhanden sein<\/li>\n\n\n\n<li>Die Verantwortlichkeiten f\u00fcr die Kinderbetreuung sollten im Vertrag erw\u00e4hnt werden (max. 45 Stunden pro Woche)<\/li>\n\n\n\n<li>Arbeitszeiten, Krankenversicherung und andere Pflichten sollten in diesem Vertrag klar beschrieben werden<\/li>\n\n\n\n<li>Taschengeld (w\u00f6chentlich oder monatlich gezahlt) und bezahlter Urlaub (zwei Wochen Urlaub)<\/li>\n\n\n\n<li>Die K\u00fcndigungsfristen sollten in gegenseitigem Einvernehmen in den Vertrag aufgenommen werden.<\/li>\n\n\n\n<li>Informationen \u00fcber die Bef\u00f6rderung zum Sprachunterricht sollten bereitgestellt werden<\/li>\n\n\n\n<li>Informationen \u00fcber Anmeldeformalit\u00e4ten im Zusammenhang mit der Reise und dem Aufenthalt im Gastland<\/li>\n\n\n\n<li>Wichtige Informationen wie Telefonnummern und Adressen<\/li>\n<\/ul>\n\n\n\n<p>Der Vertrag ist wichtig f\u00fcr den Schutz aller Beteiligten und hilft, Missverst\u00e4ndnisse oder <a href=\"https:\/\/www.aupair.com\/de\/p-problem-loesen.php\" target=\"_blank\" rel=\"noreferrer noopener\">Probleme w\u00e4hrend des Aufenthalts<\/a> zu vermeiden. Er stellt auch sicher, dass alle Sponsorenorganisationen die Regeln der US-Regierung einhalten.<\/p>\n\n\n<div class=\"wp-block-image\">\n<figure class=\"aligncenter size-full is-resized\"><a href=\"http:\/\/www.aupair-usa.net\/wp-content\/uploads\/2015\/03\/usa.jpg\"><img loading=\"lazy\" decoding=\"async\" width=\"226\" height=\"337\" src=\"http:\/\/www.aupair-usa.net\/wp-content\/uploads\/2015\/03\/usa.jpg\" alt=\"au pair usa vertrag\" class=\"wp-image-6699\" style=\"width:162px;height:auto\" srcset=\"http:\/\/www.aupair-usa.net\/wp-content\/uploads\/2015\/03\/usa.jpg 226w, http:\/\/www.aupair-usa.net\/wp-content\/uploads\/2015\/03\/usa-201x300.jpg 201w\" sizes=\"auto, (max-width: 226px) 100vw, 226px\" \/><\/a><\/figure>\n<\/div>\n\n\n<p>Klicken Sie <a href=\"https:\/\/www.aupair.com\/documents\/de\/04_DE_vertrag_aupair.pdf\" target=\"_blank\" rel=\"noreferrer noopener\">hier<\/a>, um den Vertrag von <a href=\"https:\/\/www.aupair.com\/de\" target=\"_blank\" rel=\"noreferrer noopener\">AuPair.com<\/a> herunterzuladen.<\/p>\n\n\n\n<h4 class=\"wp-block-heading\">Was noch?<\/h4>\n\n\n\n<ul class=\"wp-block-list\">\n<li>Das Au Pair erh\u00e4lt au\u00dferdem ein unterschriebenes Einladungsschreiben von AuPair.com&#8217;s Partneragentur Agent Au Pair, das Informationen \u00fcber den Aufenthalt enth\u00e4lt. Nach der Landung des Flugzeugs in den USA kann es sein, dass die Grenzkontrolle einige Fragen \u00fcber den Aufenthalt stellt. Mit diesem Einladungsschreiben k\u00f6nnen sie den Grund f\u00fcr ihren Aufenthalt in den USA nachweisen.<\/li>\n\n\n\n<li>\u00a0Das Au Pair braucht alle diese Dokumente auch f\u00fcr den <a href=\"https:\/\/www.aupair.com\/de\/p-usa-amerika-visum.php\" target=\"_blank\" rel=\"noreferrer noopener\">Visumsantrag<\/a> bei der US-Botschaft. Wenn sie einige der Dokumente vergessen, m\u00fcssen sie einen neuen Termin vereinbaren.<\/li>\n<\/ul>\n","protected":false},"excerpt":{"rendered":"<p>Bevor der Au Pair Aufenthalt beginnen kann, m\u00fcssen beide Parteien den Au Pair Vertrag unterschreiben. Alle legalen Au Pair Programme in den USA folgen den Vorschriften der US-Regierung, die Au Pairs und Gastfamilien sch\u00fctzen. Aufgrund dieser Vorschriften haben die Programme in den USA Au Pair und Gastfamilien Vereinbarungen (Vertr\u00e4ge). Beide Parteien m\u00fcssen ihn unterschreiben. Der &hellip; <a href=\"http:\/\/www.aupair-usa.net\/de\/au-pair-vertrag\/\" class=\"more-link\"><span class=\"screen-reader-text\">Der Au Pair Vertrag<\/span> weiterlesen <span class=\"meta-nav\">&rarr;<\/span><\/a><\/p>\n","protected":false},"author":336,"featured_media":0,"parent":0,"menu_order":0,"comment_status":"closed","ping_status":"closed","template":"","meta":{"footnotes":""},"class_list":["post-6126","page","type-page","status-publish","hentry"],"yoast_head":"<!-- This site is optimized with the Yoast SEO plugin v23.9 - https:\/\/yoast.com\/wordpress\/plugins\/seo\/ -->\n<title>Der Au Pair Vertrag<\/title>\n<meta name=\"description\" content=\"Du willst Au Pair in den USA werden und fragst dich, welche Informationen im Au Pair Vertrag stehen m\u00fcssen? Lies hier mehr dar\u00fcber.\" \/>\n<meta name=\"robots\" content=\"index, follow, max-snippet:-1, max-image-preview:large, max-video-preview:-1\" \/>\n<link rel=\"canonical\" href=\"http:\/\/www.aupair-usa.net\/de\/au-pair-vertrag\/\" \/>\n<meta name=\"twitter:label1\" content=\"Gesch\u00e4tzte Lesezeit\" \/>\n\t<meta name=\"twitter:data1\" content=\"2\u00a0Minuten\" \/>\n<script type=\"application\/ld+json\" class=\"yoast-schema-graph\">{\"@context\":\"https:\/\/schema.org\",\"@graph\":[{\"@type\":\"WebPage\",\"@id\":\"http:\/\/www.aupair-usa.net\/de\/au-pair-vertrag\/\",\"url\":\"http:\/\/www.aupair-usa.net\/de\/au-pair-vertrag\/\",\"name\":\"Der Au Pair Vertrag\",\"isPartOf\":{\"@id\":\"http:\/\/www.aupair-usa.net\/#website\"},\"primaryImageOfPage\":{\"@id\":\"http:\/\/www.aupair-usa.net\/de\/au-pair-vertrag\/#primaryimage\"},\"image\":{\"@id\":\"http:\/\/www.aupair-usa.net\/de\/au-pair-vertrag\/#primaryimage\"},\"thumbnailUrl\":\"http:\/\/www.aupair-usa.net\/wp-content\/uploads\/2015\/03\/usa.jpg\",\"datePublished\":\"2015-04-07T08:12:55+00:00\",\"dateModified\":\"2025-02-10T10:40:44+00:00\",\"description\":\"Du willst Au Pair in den USA werden und fragst dich, welche Informationen im Au Pair Vertrag stehen m\u00fcssen? Lies hier mehr dar\u00fcber.\",\"breadcrumb\":{\"@id\":\"http:\/\/www.aupair-usa.net\/de\/au-pair-vertrag\/#breadcrumb\"},\"inLanguage\":\"de\",\"potentialAction\":[{\"@type\":\"ReadAction\",\"target\":[\"http:\/\/www.aupair-usa.net\/de\/au-pair-vertrag\/\"]}]},{\"@type\":\"ImageObject\",\"inLanguage\":\"de\",\"@id\":\"http:\/\/www.aupair-usa.net\/de\/au-pair-vertrag\/#primaryimage\",\"url\":\"http:\/\/www.aupair-usa.net\/wp-content\/uploads\/2015\/03\/usa.jpg\",\"contentUrl\":\"http:\/\/www.aupair-usa.net\/wp-content\/uploads\/2015\/03\/usa.jpg\"},{\"@type\":\"BreadcrumbList\",\"@id\":\"http:\/\/www.aupair-usa.net\/de\/au-pair-vertrag\/#breadcrumb\",\"itemListElement\":[{\"@type\":\"ListItem\",\"position\":1,\"name\":\"Startseite\",\"item\":\"https:\/\/www.aupair-usa.net\/de\/\"},{\"@type\":\"ListItem\",\"position\":2,\"name\":\"Der Au Pair Vertrag\"}]},{\"@type\":\"WebSite\",\"@id\":\"http:\/\/www.aupair-usa.net\/#website\",\"url\":\"http:\/\/www.aupair-usa.net\/\",\"name\":\"AuPair-USA.net\",\"description\":\"\",\"potentialAction\":[{\"@type\":\"SearchAction\",\"target\":{\"@type\":\"EntryPoint\",\"urlTemplate\":\"http:\/\/www.aupair-usa.net\/?s={search_term_string}\"},\"query-input\":{\"@type\":\"PropertyValueSpecification\",\"valueRequired\":true,\"valueName\":\"search_term_string\"}}],\"inLanguage\":\"de\"}]}<\/script>\n<!-- \/ Yoast SEO plugin. -->","yoast_head_json":{"title":"Der Au Pair Vertrag","description":"Du willst Au Pair in den USA werden und fragst dich, welche Informationen im Au Pair Vertrag stehen m\u00fcssen? Lies hier mehr dar\u00fcber.","robots":{"index":"index","follow":"follow","max-snippet":"max-snippet:-1","max-image-preview":"max-image-preview:large","max-video-preview":"max-video-preview:-1"},"canonical":"http:\/\/www.aupair-usa.net\/de\/au-pair-vertrag\/","twitter_misc":{"Gesch\u00e4tzte Lesezeit":"2\u00a0Minuten"},"schema":{"@context":"https:\/\/schema.org","@graph":[{"@type":"WebPage","@id":"http:\/\/www.aupair-usa.net\/de\/au-pair-vertrag\/","url":"http:\/\/www.aupair-usa.net\/de\/au-pair-vertrag\/","name":"Der Au Pair Vertrag","isPartOf":{"@id":"http:\/\/www.aupair-usa.net\/#website"},"primaryImageOfPage":{"@id":"http:\/\/www.aupair-usa.net\/de\/au-pair-vertrag\/#primaryimage"},"image":{"@id":"http:\/\/www.aupair-usa.net\/de\/au-pair-vertrag\/#primaryimage"},"thumbnailUrl":"http:\/\/www.aupair-usa.net\/wp-content\/uploads\/2015\/03\/usa.jpg","datePublished":"2015-04-07T08:12:55+00:00","dateModified":"2025-02-10T10:40:44+00:00","description":"Du willst Au Pair in den USA werden und fragst dich, welche Informationen im Au Pair Vertrag stehen m\u00fcssen? Lies hier mehr dar\u00fcber.","breadcrumb":{"@id":"http:\/\/www.aupair-usa.net\/de\/au-pair-vertrag\/#breadcrumb"},"inLanguage":"de","potentialAction":[{"@type":"ReadAction","target":["http:\/\/www.aupair-usa.net\/de\/au-pair-vertrag\/"]}]},{"@type":"ImageObject","inLanguage":"de","@id":"http:\/\/www.aupair-usa.net\/de\/au-pair-vertrag\/#primaryimage","url":"http:\/\/www.aupair-usa.net\/wp-content\/uploads\/2015\/03\/usa.jpg","contentUrl":"http:\/\/www.aupair-usa.net\/wp-content\/uploads\/2015\/03\/usa.jpg"},{"@type":"BreadcrumbList","@id":"http:\/\/www.aupair-usa.net\/de\/au-pair-vertrag\/#breadcrumb","itemListElement":[{"@type":"ListItem","position":1,"name":"Startseite","item":"https:\/\/www.aupair-usa.net\/de\/"},{"@type":"ListItem","position":2,"name":"Der Au Pair Vertrag"}]},{"@type":"WebSite","@id":"http:\/\/www.aupair-usa.net\/#website","url":"http:\/\/www.aupair-usa.net\/","name":"AuPair-USA.net","description":"","potentialAction":[{"@type":"SearchAction","target":{"@type":"EntryPoint","urlTemplate":"http:\/\/www.aupair-usa.net\/?s={search_term_string}"},"query-input":{"@type":"PropertyValueSpecification","valueRequired":true,"valueName":"search_term_string"}}],"inLanguage":"de"}]}},"_links":{"self":[{"href":"http:\/\/www.aupair-usa.net\/de\/wp-json\/wp\/v2\/pages\/6126","targetHints":{"allow":["GET"]}}],"collection":[{"href":"http:\/\/www.aupair-usa.net\/de\/wp-json\/wp\/v2\/pages"}],"about":[{"href":"http:\/\/www.aupair-usa.net\/de\/wp-json\/wp\/v2\/types\/page"}],"author":[{"embeddable":true,"href":"http:\/\/www.aupair-usa.net\/de\/wp-json\/wp\/v2\/users\/336"}],"replies":[{"embeddable":true,"href":"http:\/\/www.aupair-usa.net\/de\/wp-json\/wp\/v2\/comments?post=6126"}],"version-history":[{"count":6,"href":"http:\/\/www.aupair-usa.net\/de\/wp-json\/wp\/v2\/pages\/6126\/revisions"}],"predecessor-version":[{"id":6920,"href":"http:\/\/www.aupair-usa.net\/de\/wp-json\/wp\/v2\/pages\/6126\/revisions\/6920"}],"wp:attachment":[{"href":"http:\/\/www.aupair-usa.net\/de\/wp-json\/wp\/v2\/media?parent=6126"}],"curies":[{"name":"wp","href":"https:\/\/api.w.org\/{rel}","templated":true}]}}