{"id":6125,"date":"2015-04-07T10:14:52","date_gmt":"2015-04-07T08:14:52","guid":{"rendered":"http:\/\/www.aupair-usa.net\/?page_id=6125"},"modified":"2024-11-28T13:38:44","modified_gmt":"2024-11-28T11:38:44","slug":"abflug","status":"publish","type":"page","link":"http:\/\/www.aupair-usa.net\/de\/abflug\/","title":{"rendered":"Abflug und Ankunft bei der Gastfamilie"},"content":{"rendered":"<h2>Abflug und Ankunft bei der Gastfamilie<\/h2>\n<p style=\"text-align: justify;\">Normalerweise bucht deine Agentur den Flug in die USA. Nachdem das erledigt ist bekommst du die Flugdetails mitgeteilt, sprich Flughafen, Abreisedatum und Uhrzeit. M\u00f6glicherweise gibt es auch andere Au Pairs, die zur gleichen Zeit wie du in die USA fliegen!<br \/>\n<img loading=\"lazy\" decoding=\"async\" class=\" alignleft wp-image-6361\" src=\"http:\/\/www.aupair-usa.net\/wp-content\/uploads\/2015\/03\/flight_usa.jpg\" alt=\"flight_usa\" width=\"300\" height=\"225\" srcset=\"http:\/\/www.aupair-usa.net\/wp-content\/uploads\/2015\/03\/flight_usa.jpg 350w, http:\/\/www.aupair-usa.net\/wp-content\/uploads\/2015\/03\/flight_usa-300x225.jpg 300w, http:\/\/www.aupair-usa.net\/wp-content\/uploads\/2015\/03\/flight_usa-320x240.jpg 320w, http:\/\/www.aupair-usa.net\/wp-content\/uploads\/2015\/03\/flight_usa-239x180.jpg 239w\" sizes=\"auto, (max-width: 300px) 100vw, 300px\" \/>Bitte denke daran, dass du mindestens zwei Stunden vor Abflug am Flughafen sein solltest. Au\u00dferdem ist es sehr hilfreich, wenn du an deinem Koffer auf einem Anh\u00e4nger deinen Namen und Adresse vermerkst \u2013 nur f\u00fcr den Fall, dass etwas schief laufen sollte und der Koffer irgendwo anders landet. Die Fluggesellschaft stellt in solchen F\u00e4llen sicher, dass dein Koffer bei der angegebenen Adresse landet.<\/p>\n<p style=\"text-align: justify;\">Denke daran, dass es viele Einschr\u00e4nkungen gibt, was die Mitnahme von gewissen Gegenst\u00e4nden und Fl\u00fcssigkeiten gibt! Bitte pr\u00fcfe alle weiteren Details auf der Internetseite deiner Fluggesellschaft.<\/p>\n<p>[space]<\/p>\n<p>[\/space]<\/p>\n<p>[three_fourth valign=&#8220;top&#8220; animation=&#8220;none&#8220;]<\/p>\n<p>[\/three_fourth]<\/p>\n<p>[one_fourth_last valign=&#8220;top&#8220; animation=&#8220;none&#8220;]<\/p>\n<p>[box icon=&#8220;arrow-right&#8220; style=&#8220;solid&#8220;]<\/p>\n<p style=\"text-align: center;\"><a href=\"http:\/\/www.aupair-usa.net\/de\/vertrag\/\">Vertrag<\/a><\/p>\n<p>[\/box]<\/p>\n<p>[\/one_fourth_last]<\/p>\n<p>[divider_top]<\/p>\n<p>[\/divider_top]<\/p>\n","protected":false},"excerpt":{"rendered":"<p>Abflug und Ankunft bei der Gastfamilie Normalerweise bucht deine Agentur den Flug in die USA. Nachdem das erledigt ist bekommst du die Flugdetails mitgeteilt, sprich Flughafen, Abreisedatum und Uhrzeit. M\u00f6glicherweise gibt es auch andere Au Pairs, die zur gleichen Zeit wie du in die USA fliegen! Bitte denke daran, dass du mindestens zwei Stunden vor &hellip; <a href=\"http:\/\/www.aupair-usa.net\/de\/abflug\/\" class=\"more-link\"><span class=\"screen-reader-text\">Abflug und Ankunft bei der Gastfamilie<\/span> weiterlesen <span class=\"meta-nav\">&rarr;<\/span><\/a><\/p>\n","protected":false},"author":336,"featured_media":0,"parent":0,"menu_order":0,"comment_status":"closed","ping_status":"closed","template":"","meta":{"footnotes":""},"class_list":["post-6125","page","type-page","status-publish","hentry"],"yoast_head":"<!-- This site is optimized with the Yoast SEO plugin v23.9 - https:\/\/yoast.com\/wordpress\/plugins\/seo\/ -->\n<title>Abflug und Ankunft bei der Gastfamilie - AuPair-USA.net<\/title>\n<meta name=\"robots\" content=\"index, follow, max-snippet:-1, max-image-preview:large, max-video-preview:-1\" \/>\n<link rel=\"canonical\" href=\"http:\/\/www.aupair-usa.net\/de\/abflug\/\" \/>\n<meta name=\"twitter:label1\" content=\"Gesch\u00e4tzte Lesezeit\" \/>\n\t<meta name=\"twitter:data1\" content=\"1\u00a0Minute\" \/>\n<script type=\"application\/ld+json\" class=\"yoast-schema-graph\">{\"@context\":\"https:\/\/schema.org\",\"@graph\":[{\"@type\":\"WebPage\",\"@id\":\"http:\/\/www.aupair-usa.net\/de\/abflug\/\",\"url\":\"http:\/\/www.aupair-usa.net\/de\/abflug\/\",\"name\":\"Abflug und Ankunft bei der Gastfamilie - AuPair-USA.net\",\"isPartOf\":{\"@id\":\"http:\/\/www.aupair-usa.net\/#website\"},\"primaryImageOfPage\":{\"@id\":\"http:\/\/www.aupair-usa.net\/de\/abflug\/#primaryimage\"},\"image\":{\"@id\":\"http:\/\/www.aupair-usa.net\/de\/abflug\/#primaryimage\"},\"thumbnailUrl\":\"http:\/\/www.aupair-usa.net\/wp-content\/uploads\/2015\/03\/flight_usa.jpg\",\"datePublished\":\"2015-04-07T08:14:52+00:00\",\"dateModified\":\"2024-11-28T11:38:44+00:00\",\"breadcrumb\":{\"@id\":\"http:\/\/www.aupair-usa.net\/de\/abflug\/#breadcrumb\"},\"inLanguage\":\"de\",\"potentialAction\":[{\"@type\":\"ReadAction\",\"target\":[\"http:\/\/www.aupair-usa.net\/de\/abflug\/\"]}]},{\"@type\":\"ImageObject\",\"inLanguage\":\"de\",\"@id\":\"http:\/\/www.aupair-usa.net\/de\/abflug\/#primaryimage\",\"url\":\"http:\/\/www.aupair-usa.net\/wp-content\/uploads\/2015\/03\/flight_usa.jpg\",\"contentUrl\":\"http:\/\/www.aupair-usa.net\/wp-content\/uploads\/2015\/03\/flight_usa.jpg\"},{\"@type\":\"BreadcrumbList\",\"@id\":\"http:\/\/www.aupair-usa.net\/de\/abflug\/#breadcrumb\",\"itemListElement\":[{\"@type\":\"ListItem\",\"position\":1,\"name\":\"Startseite\",\"item\":\"https:\/\/www.aupair-usa.net\/de\/\"},{\"@type\":\"ListItem\",\"position\":2,\"name\":\"Abflug und Ankunft bei der Gastfamilie\"}]},{\"@type\":\"WebSite\",\"@id\":\"http:\/\/www.aupair-usa.net\/#website\",\"url\":\"http:\/\/www.aupair-usa.net\/\",\"name\":\"AuPair-USA.net\",\"description\":\"\",\"potentialAction\":[{\"@type\":\"SearchAction\",\"target\":{\"@type\":\"EntryPoint\",\"urlTemplate\":\"http:\/\/www.aupair-usa.net\/?s={search_term_string}\"},\"query-input\":{\"@type\":\"PropertyValueSpecification\",\"valueRequired\":true,\"valueName\":\"search_term_string\"}}],\"inLanguage\":\"de\"}]}<\/script>\n<!-- \/ Yoast SEO plugin. -->","yoast_head_json":{"title":"Abflug und Ankunft bei der Gastfamilie - AuPair-USA.net","robots":{"index":"index","follow":"follow","max-snippet":"max-snippet:-1","max-image-preview":"max-image-preview:large","max-video-preview":"max-video-preview:-1"},"canonical":"http:\/\/www.aupair-usa.net\/de\/abflug\/","twitter_misc":{"Gesch\u00e4tzte Lesezeit":"1\u00a0Minute"},"schema":{"@context":"https:\/\/schema.org","@graph":[{"@type":"WebPage","@id":"http:\/\/www.aupair-usa.net\/de\/abflug\/","url":"http:\/\/www.aupair-usa.net\/de\/abflug\/","name":"Abflug und Ankunft bei der Gastfamilie - AuPair-USA.net","isPartOf":{"@id":"http:\/\/www.aupair-usa.net\/#website"},"primaryImageOfPage":{"@id":"http:\/\/www.aupair-usa.net\/de\/abflug\/#primaryimage"},"image":{"@id":"http:\/\/www.aupair-usa.net\/de\/abflug\/#primaryimage"},"thumbnailUrl":"http:\/\/www.aupair-usa.net\/wp-content\/uploads\/2015\/03\/flight_usa.jpg","datePublished":"2015-04-07T08:14:52+00:00","dateModified":"2024-11-28T11:38:44+00:00","breadcrumb":{"@id":"http:\/\/www.aupair-usa.net\/de\/abflug\/#breadcrumb"},"inLanguage":"de","potentialAction":[{"@type":"ReadAction","target":["http:\/\/www.aupair-usa.net\/de\/abflug\/"]}]},{"@type":"ImageObject","inLanguage":"de","@id":"http:\/\/www.aupair-usa.net\/de\/abflug\/#primaryimage","url":"http:\/\/www.aupair-usa.net\/wp-content\/uploads\/2015\/03\/flight_usa.jpg","contentUrl":"http:\/\/www.aupair-usa.net\/wp-content\/uploads\/2015\/03\/flight_usa.jpg"},{"@type":"BreadcrumbList","@id":"http:\/\/www.aupair-usa.net\/de\/abflug\/#breadcrumb","itemListElement":[{"@type":"ListItem","position":1,"name":"Startseite","item":"https:\/\/www.aupair-usa.net\/de\/"},{"@type":"ListItem","position":2,"name":"Abflug und Ankunft bei der Gastfamilie"}]},{"@type":"WebSite","@id":"http:\/\/www.aupair-usa.net\/#website","url":"http:\/\/www.aupair-usa.net\/","name":"AuPair-USA.net","description":"","potentialAction":[{"@type":"SearchAction","target":{"@type":"EntryPoint","urlTemplate":"http:\/\/www.aupair-usa.net\/?s={search_term_string}"},"query-input":{"@type":"PropertyValueSpecification","valueRequired":true,"valueName":"search_term_string"}}],"inLanguage":"de"}]}},"_links":{"self":[{"href":"http:\/\/www.aupair-usa.net\/de\/wp-json\/wp\/v2\/pages\/6125","targetHints":{"allow":["GET"]}}],"collection":[{"href":"http:\/\/www.aupair-usa.net\/de\/wp-json\/wp\/v2\/pages"}],"about":[{"href":"http:\/\/www.aupair-usa.net\/de\/wp-json\/wp\/v2\/types\/page"}],"author":[{"embeddable":true,"href":"http:\/\/www.aupair-usa.net\/de\/wp-json\/wp\/v2\/users\/336"}],"replies":[{"embeddable":true,"href":"http:\/\/www.aupair-usa.net\/de\/wp-json\/wp\/v2\/comments?post=6125"}],"version-history":[{"count":7,"href":"http:\/\/www.aupair-usa.net\/de\/wp-json\/wp\/v2\/pages\/6125\/revisions"}],"predecessor-version":[{"id":6760,"href":"http:\/\/www.aupair-usa.net\/de\/wp-json\/wp\/v2\/pages\/6125\/revisions\/6760"}],"wp:attachment":[{"href":"http:\/\/www.aupair-usa.net\/de\/wp-json\/wp\/v2\/media?parent=6125"}],"curies":[{"name":"wp","href":"https:\/\/api.w.org\/{rel}","templated":true}]}}