{"id":6123,"date":"2015-04-07T10:11:37","date_gmt":"2015-04-07T08:11:37","guid":{"rendered":"http:\/\/www.aupair-usa.net\/?page_id=6123"},"modified":"2016-04-12T10:59:37","modified_gmt":"2016-04-12T08:59:37","slug":"gastgeschenke","status":"publish","type":"page","link":"http:\/\/www.aupair-usa.net\/de\/gastgeschenke\/","title":{"rendered":"Gastgeschenke"},"content":{"rendered":"<h3 style=\"text-align: justify;\">Geschenke<\/h3>\n<p>Viele Au Pairs sorgen sich um die Gastgeschenke f\u00fcr ihre Gastfamilie, daher findest du hier Tipps und eine Liste mit Idee.<\/p>\n<p>Ein Gastgeschenk f\u00fcr deine Gastfamilie kann helfen das Eis zwischen euch zu brechen. Sie werden mit Sicherheit begeistert sein, wenn du ihnen etwas Typisches aus deinem Heimatland mitbringst, was man in den USA vermutlich nicht kaufen kann. Du solltest auch deinen Gastkindern eine Kleinigkeit mitbringen. dann kannst du ja mal \u00dcberlege, was du in dem Alter gerne gemocht hast und orientiere dich daran.<\/p>\n<h3>Das solltest du bei den Geschenken im Hinterkopf behalten<\/h3>\n<p>Es gibt ein paar Dinge, die du im Hinterkopf behalten solltest, wenn du ein Gastgeschenk f\u00fcr deine Gastfamilie suchst. Das Geschenk sollte nicht zu gro\u00df, schwer und zu teuer sein. Es ist vielmehr eine nette Geste um dich deiner Gastfamilie anzun\u00e4hern. Denke auch daran, dass das Geschenk in deinen Koffer passen muss, indem auch schon deine Kleidung, Schuhe und andere Dinge sind. Es ist immer eine gute Idee, ein typisches Souvenir aus deinem Heimatland, deiner Region, oder etwas selbstgebasteltes mitzubringen.<\/p>\n<h3>Auf einen Blick:<\/h3>\n<p>&nbsp;<\/p>\n<p>&nbsp;<\/p>\n<ul>\n<ul>\n<li>Etwas Typisches aus deiner Region\/Heimat<\/li>\n<\/ul>\n<\/ul>\n<p>&nbsp;<\/p>\n<ul>\n<ul>\n<li>Nicht zu teuer<\/li>\n<\/ul>\n<\/ul>\n<p>&nbsp;<\/p>\n<ul>\n<ul>\n<li>Nicht zu gro\u00df und schwer &#8211; leicht zu transportieren<\/li>\n<\/ul>\n<\/ul>\n<p>&nbsp;<\/p>\n<ul>\n<ul>\n<li>Eine kleine \u00dcberraschung f\u00fcr deine Gastkinder<\/li>\n<\/ul>\n<\/ul>\n<p>&nbsp;<\/p>\n<p>&nbsp;<\/p>\n<p>[space]<\/p>\n<p>[\/space]<\/p>\n<p>[one_half valign=&#8220;top&#8220; animation=&#8220;none&#8220;]<\/p>\n<p>[box icon=&#8220;gift&#8220; style=&#8220;solid&#8220;]<\/p>\n<h2 style=\"text-align: center;\">Geschenkideen f\u00fcr Gasteltern<\/h2>\n<ul>\n<li>Typische S\u00fc\u00dfigkeiten aus deiner Heimat (z.B. Schokolade, Pralinen)<\/li>\n<li>Kochbuch mit Rezepten aus deiner Heimat (auf Englisch); Du k\u00f6nntest das Kochbuch mit deinen Lieblingsrezepten selbstgestalten<\/li>\n<li>Reise-Guide deines Heimatlandes<\/li>\n<li>Bilderbuch deines Heimatlandes\/deiner Heimatstadt<\/li>\n<li>Etwas Typisches aus deiner Heimatstadt (Kaffeebecher, Tasche mit dem Emblem deiner Stadt, etc.)<\/li>\n<li>Selbstgemachte Dekoration f\u00fcrs Haus<\/li>\n<li>Selbstgemachter Kalender mit Bildern deine Stadt, etc.<\/li>\n<\/ul>\n<p>[\/box]<\/p>\n<p>[\/one_half]<\/p>\n<p>[one_half_last valign=&#8220;top&#8220; animation=&#8220;none&#8220;]<\/p>\n<p>[box icon=&#8220;gift&#8220; style=&#8220;solid&#8220;]<\/p>\n<h2 style=\"text-align: center;\">Geschenkideen f\u00fcr Gastkinder<\/h2>\n<p>&nbsp;<\/p>\n<ul>\n<ul>\n<li>Brettspiele<\/li>\n<\/ul>\n<\/ul>\n<p>&nbsp;<\/p>\n<ul>\n<ul>\n<li>B\u00fccher mit M\u00e4rchen<\/li>\n<\/ul>\n<\/ul>\n<p>&nbsp;<\/p>\n<ul>\n<ul>\n<li>CD mit typischer Kindermusik<\/li>\n<\/ul>\n<\/ul>\n<p>&nbsp;<\/p>\n<ul>\n<ul>\n<li>Puzzle (Fotopuzzle)<\/li>\n<\/ul>\n<\/ul>\n<p>&nbsp;<\/p>\n<ul>\n<ul>\n<li>Malbuch + Farbe\/Wachsmaler<\/li>\n<\/ul>\n<\/ul>\n<p>&nbsp;<\/p>\n<ul>\n<ul>\n<li>Kuscheltier<\/li>\n<\/ul>\n<\/ul>\n<p>&nbsp;<\/p>\n<ul>\n<ul>\n<li>Schl\u00fcsselanh\u00e4nger<\/li>\n<\/ul>\n<\/ul>\n<p>&nbsp;<\/p>\n<ul>\n<ul>\n<li>Knete<\/li>\n<\/ul>\n<\/ul>\n<p>&nbsp;<\/p>\n<ul>\n<ul>\n<li>Outdoor-Spielzeug<\/li>\n<\/ul>\n<\/ul>\n<p>&nbsp;<\/p>\n<ul>\n<ul>\n<li>Glass\/Becher mit den Namen deiner Gastkinder<\/li>\n<\/ul>\n<\/ul>\n<p>&nbsp;<\/p>\n<p>[\/box]<\/p>\n<p>[\/one_half_last]<\/p>\n<p>[three_fourth valign=&#8220;top&#8220; animation=&#8220;none&#8220;]<\/p>\n<p>[\/three_fourth]<\/p>\n<p>[one_fourth_last valign=&#8220;top&#8220; animation=&#8220;none&#8220;]<\/p>\n<p>[box icon=&#8220;arrow-right&#8220; style=&#8220;solid&#8220;]<\/p>\n<p style=\"text-align: center;\"><a href=\"http:\/\/www.aupair-usa.net\/de\/ablflug\/\">Abflug und Ankunft bei der Gastfamilie<\/a><\/p>\n<p>[\/box]<\/p>\n<p>[\/one_fourth_last]<\/p>\n<p>[divider_top]<\/p>\n<p>[\/divider_top]<\/p>\n","protected":false},"excerpt":{"rendered":"<p>Geschenke Viele Au Pairs sorgen sich um die Gastgeschenke f\u00fcr ihre Gastfamilie, daher findest du hier Tipps und eine Liste mit Idee. Ein Gastgeschenk f\u00fcr deine Gastfamilie kann helfen das Eis zwischen euch zu brechen. Sie werden mit Sicherheit begeistert sein, wenn du ihnen etwas Typisches aus deinem Heimatland mitbringst, was man in den USA &hellip; <a href=\"http:\/\/www.aupair-usa.net\/de\/gastgeschenke\/\" class=\"more-link\"><span class=\"screen-reader-text\">Gastgeschenke<\/span> weiterlesen <span class=\"meta-nav\">&rarr;<\/span><\/a><\/p>\n","protected":false},"author":336,"featured_media":0,"parent":0,"menu_order":0,"comment_status":"closed","ping_status":"closed","template":"","meta":{"footnotes":""},"class_list":["post-6123","page","type-page","status-publish","hentry"],"yoast_head":"<!-- This site is optimized with the Yoast SEO plugin v23.9 - https:\/\/yoast.com\/wordpress\/plugins\/seo\/ -->\n<title>Gastgeschenke - AuPair-USA.net<\/title>\n<meta name=\"robots\" content=\"index, follow, max-snippet:-1, max-image-preview:large, max-video-preview:-1\" \/>\n<link rel=\"canonical\" href=\"http:\/\/www.aupair-usa.net\/de\/gastgeschenke\/\" \/>\n<meta name=\"twitter:label1\" content=\"Gesch\u00e4tzte Lesezeit\" \/>\n\t<meta name=\"twitter:data1\" content=\"2\u00a0Minuten\" \/>\n<script type=\"application\/ld+json\" class=\"yoast-schema-graph\">{\"@context\":\"https:\/\/schema.org\",\"@graph\":[{\"@type\":\"WebPage\",\"@id\":\"http:\/\/www.aupair-usa.net\/de\/gastgeschenke\/\",\"url\":\"http:\/\/www.aupair-usa.net\/de\/gastgeschenke\/\",\"name\":\"Gastgeschenke - AuPair-USA.net\",\"isPartOf\":{\"@id\":\"http:\/\/www.aupair-usa.net\/#website\"},\"datePublished\":\"2015-04-07T08:11:37+00:00\",\"dateModified\":\"2016-04-12T08:59:37+00:00\",\"breadcrumb\":{\"@id\":\"http:\/\/www.aupair-usa.net\/de\/gastgeschenke\/#breadcrumb\"},\"inLanguage\":\"de\",\"potentialAction\":[{\"@type\":\"ReadAction\",\"target\":[\"http:\/\/www.aupair-usa.net\/de\/gastgeschenke\/\"]}]},{\"@type\":\"BreadcrumbList\",\"@id\":\"http:\/\/www.aupair-usa.net\/de\/gastgeschenke\/#breadcrumb\",\"itemListElement\":[{\"@type\":\"ListItem\",\"position\":1,\"name\":\"Startseite\",\"item\":\"https:\/\/www.aupair-usa.net\/de\/\"},{\"@type\":\"ListItem\",\"position\":2,\"name\":\"Gastgeschenke\"}]},{\"@type\":\"WebSite\",\"@id\":\"http:\/\/www.aupair-usa.net\/#website\",\"url\":\"http:\/\/www.aupair-usa.net\/\",\"name\":\"AuPair-USA.net\",\"description\":\"\",\"potentialAction\":[{\"@type\":\"SearchAction\",\"target\":{\"@type\":\"EntryPoint\",\"urlTemplate\":\"http:\/\/www.aupair-usa.net\/?s={search_term_string}\"},\"query-input\":{\"@type\":\"PropertyValueSpecification\",\"valueRequired\":true,\"valueName\":\"search_term_string\"}}],\"inLanguage\":\"de\"}]}<\/script>\n<!-- \/ Yoast SEO plugin. -->","yoast_head_json":{"title":"Gastgeschenke - AuPair-USA.net","robots":{"index":"index","follow":"follow","max-snippet":"max-snippet:-1","max-image-preview":"max-image-preview:large","max-video-preview":"max-video-preview:-1"},"canonical":"http:\/\/www.aupair-usa.net\/de\/gastgeschenke\/","twitter_misc":{"Gesch\u00e4tzte Lesezeit":"2\u00a0Minuten"},"schema":{"@context":"https:\/\/schema.org","@graph":[{"@type":"WebPage","@id":"http:\/\/www.aupair-usa.net\/de\/gastgeschenke\/","url":"http:\/\/www.aupair-usa.net\/de\/gastgeschenke\/","name":"Gastgeschenke - AuPair-USA.net","isPartOf":{"@id":"http:\/\/www.aupair-usa.net\/#website"},"datePublished":"2015-04-07T08:11:37+00:00","dateModified":"2016-04-12T08:59:37+00:00","breadcrumb":{"@id":"http:\/\/www.aupair-usa.net\/de\/gastgeschenke\/#breadcrumb"},"inLanguage":"de","potentialAction":[{"@type":"ReadAction","target":["http:\/\/www.aupair-usa.net\/de\/gastgeschenke\/"]}]},{"@type":"BreadcrumbList","@id":"http:\/\/www.aupair-usa.net\/de\/gastgeschenke\/#breadcrumb","itemListElement":[{"@type":"ListItem","position":1,"name":"Startseite","item":"https:\/\/www.aupair-usa.net\/de\/"},{"@type":"ListItem","position":2,"name":"Gastgeschenke"}]},{"@type":"WebSite","@id":"http:\/\/www.aupair-usa.net\/#website","url":"http:\/\/www.aupair-usa.net\/","name":"AuPair-USA.net","description":"","potentialAction":[{"@type":"SearchAction","target":{"@type":"EntryPoint","urlTemplate":"http:\/\/www.aupair-usa.net\/?s={search_term_string}"},"query-input":{"@type":"PropertyValueSpecification","valueRequired":true,"valueName":"search_term_string"}}],"inLanguage":"de"}]}},"_links":{"self":[{"href":"http:\/\/www.aupair-usa.net\/de\/wp-json\/wp\/v2\/pages\/6123","targetHints":{"allow":["GET"]}}],"collection":[{"href":"http:\/\/www.aupair-usa.net\/de\/wp-json\/wp\/v2\/pages"}],"about":[{"href":"http:\/\/www.aupair-usa.net\/de\/wp-json\/wp\/v2\/types\/page"}],"author":[{"embeddable":true,"href":"http:\/\/www.aupair-usa.net\/de\/wp-json\/wp\/v2\/users\/336"}],"replies":[{"embeddable":true,"href":"http:\/\/www.aupair-usa.net\/de\/wp-json\/wp\/v2\/comments?post=6123"}],"version-history":[{"count":9,"href":"http:\/\/www.aupair-usa.net\/de\/wp-json\/wp\/v2\/pages\/6123\/revisions"}],"predecessor-version":[{"id":6643,"href":"http:\/\/www.aupair-usa.net\/de\/wp-json\/wp\/v2\/pages\/6123\/revisions\/6643"}],"wp:attachment":[{"href":"http:\/\/www.aupair-usa.net\/de\/wp-json\/wp\/v2\/media?parent=6123"}],"curies":[{"name":"wp","href":"https:\/\/api.w.org\/{rel}","templated":true}]}}