{"id":6120,"date":"2015-04-07T10:10:09","date_gmt":"2015-04-07T08:10:09","guid":{"rendered":"http:\/\/www.aupair-usa.net\/?page_id=6120"},"modified":"2016-04-12T10:46:05","modified_gmt":"2016-04-12T08:46:05","slug":"packliste","status":"publish","type":"page","link":"http:\/\/www.aupair-usa.net\/de\/packliste\/","title":{"rendered":"Packliste"},"content":{"rendered":"<p>Soweit hast du alles erledigt? Die perfekte Gastfamilie ist gefunden, das Visum beantragt und die Flugdaten sind auch schon da?! Dann bist du f\u00fcr deine Ausreise fast bereit \u2013 es fehlt nur noch der gepackte Koffer!<\/p>\n<p>Im ersten Moment wirst du vielleicht den Eindruck haben, dass das ein un\u00fcberwindliches Hindernis ist. Wie soll man blo\u00df f\u00fcr ein Jahr packen?! Keine Sorge, wir helfen dir herauszufinden, welches die wichtigsten Dinge sind und was du ohne Probleme zu Hause lassen kannst.<\/p>\n<p>[space]<\/p>\n<p>[\/space]<\/p>\n<p>[one_half valign=&#8220;top&#8220; animation=&#8220;none&#8220;]<\/p>\n<h3 style=\"text-align: center;\">Das solltest du nicht vergessen:<\/h3>\n<p>[\/one_half]<\/p>\n<p>[one_half_last valign=&#8220;top&#8220; animation=&#8220;none&#8220;]<\/p>\n<h3 style=\"text-align: center;\">5 Dinge, die zu Hause bleiben k\u00f6nnen:<\/h3>\n<p>[\/one_half_last]<\/p>\n<p>[one_half valign=&#8220;top&#8220; animation=&#8220;none&#8220;]<\/p>\n<p>[box icon=&#8220;check&#8220; style=&#8220;solid&#8220;]<\/p>\n<ul>\n<li>Reisepass + Visum<\/li>\n<li>Flugtickets<\/li>\n<li>Kontaktdetails und wichtige Telefonnummern + Telefonnummer der Botschaft<\/li>\n<li>Bargeld ($200) + Kreditkarte<\/li>\n<li>Versicherungskarte<\/li>\n<li>Internationalen F\u00fchrerschein<\/li>\n<li>Bequeme Kleidung!<\/li>\n<li>Pflegeartikel + Medikamente<\/li>\n<li>Pers\u00f6nliche Gegenst\u00e4nde, wie elektronische Ger\u00e4te, Brille, &#8230;<\/li>\n<\/ul>\n<p>[\/box]<\/p>\n<p>[\/one_half]<\/p>\n<p>[one_half_last valign=&#8220;top&#8220; animation=&#8220;none&#8220;]<\/p>\n<p>[box icon=&#8220;home&#8220; style=&#8220;solid&#8220;]<\/p>\n<ul>\n<li>Handt\u00fccher<\/li>\n<li>Bettbez\u00fcge, Decke oder Kissen<\/li>\n<li>Dicke B\u00fccher, Filme, CDs<\/li>\n<li>Zu schicke Kleidung oder Schuhe<\/li>\n<li>F\u00f6hn, Lockenstab oder \u00e4hnliches<\/li>\n<\/ul>\n<p>[\/box]<\/p>\n<p>[\/one_half_last]<\/p>\n<p>[space]<\/p>\n<p>[\/space]<\/p>\n<p>[three_fourth valign=&#8220;top&#8220; animation=&#8220;none&#8220;]<\/p>\n<p>[\/three_fourth]<\/p>\n<p>[one_fourth_last valign=&#8220;top&#8220; animation=&#8220;none&#8220;]<\/p>\n<p>[box icon=&#8220;arrow-right&#8220; style=&#8220;solid&#8220;]<\/p>\n<p style=\"text-align: center;\"><a href=\"http:\/\/www.aupair-usa.net\/?p=6456\">Hier gibt&#8217;s mehr<\/a><\/p>\n<p>[\/box]<\/p>\n<p>[\/one_fourth_last]<\/p>\n<p>[divider_top]<\/p>\n<p>[\/divider_top]<\/p>\n","protected":false},"excerpt":{"rendered":"<p>Soweit hast du alles erledigt? Die perfekte Gastfamilie ist gefunden, das Visum beantragt und die Flugdaten sind auch schon da?! Dann bist du f\u00fcr deine Ausreise fast bereit \u2013 es fehlt nur noch der gepackte Koffer! Im ersten Moment wirst du vielleicht den Eindruck haben, dass das ein un\u00fcberwindliches Hindernis ist. Wie soll man blo\u00df &hellip; <a href=\"http:\/\/www.aupair-usa.net\/de\/packliste\/\" class=\"more-link\"><span class=\"screen-reader-text\">Packliste<\/span> weiterlesen <span class=\"meta-nav\">&rarr;<\/span><\/a><\/p>\n","protected":false},"author":336,"featured_media":0,"parent":0,"menu_order":0,"comment_status":"closed","ping_status":"closed","template":"","meta":{"footnotes":""},"class_list":["post-6120","page","type-page","status-publish","hentry"],"yoast_head":"<!-- This site is optimized with the Yoast SEO plugin v23.9 - https:\/\/yoast.com\/wordpress\/plugins\/seo\/ -->\n<title>Packliste - AuPair-USA.net<\/title>\n<meta name=\"robots\" content=\"index, follow, max-snippet:-1, max-image-preview:large, max-video-preview:-1\" \/>\n<link rel=\"canonical\" href=\"http:\/\/www.aupair-usa.net\/de\/packliste\/\" \/>\n<meta name=\"twitter:label1\" content=\"Gesch\u00e4tzte Lesezeit\" \/>\n\t<meta name=\"twitter:data1\" content=\"1\u00a0Minute\" \/>\n<script type=\"application\/ld+json\" class=\"yoast-schema-graph\">{\"@context\":\"https:\/\/schema.org\",\"@graph\":[{\"@type\":\"WebPage\",\"@id\":\"http:\/\/www.aupair-usa.net\/de\/packliste\/\",\"url\":\"http:\/\/www.aupair-usa.net\/de\/packliste\/\",\"name\":\"Packliste - AuPair-USA.net\",\"isPartOf\":{\"@id\":\"http:\/\/www.aupair-usa.net\/#website\"},\"datePublished\":\"2015-04-07T08:10:09+00:00\",\"dateModified\":\"2016-04-12T08:46:05+00:00\",\"breadcrumb\":{\"@id\":\"http:\/\/www.aupair-usa.net\/de\/packliste\/#breadcrumb\"},\"inLanguage\":\"de\",\"potentialAction\":[{\"@type\":\"ReadAction\",\"target\":[\"http:\/\/www.aupair-usa.net\/de\/packliste\/\"]}]},{\"@type\":\"BreadcrumbList\",\"@id\":\"http:\/\/www.aupair-usa.net\/de\/packliste\/#breadcrumb\",\"itemListElement\":[{\"@type\":\"ListItem\",\"position\":1,\"name\":\"Startseite\",\"item\":\"https:\/\/www.aupair-usa.net\/de\/\"},{\"@type\":\"ListItem\",\"position\":2,\"name\":\"Packliste\"}]},{\"@type\":\"WebSite\",\"@id\":\"http:\/\/www.aupair-usa.net\/#website\",\"url\":\"http:\/\/www.aupair-usa.net\/\",\"name\":\"AuPair-USA.net\",\"description\":\"\",\"potentialAction\":[{\"@type\":\"SearchAction\",\"target\":{\"@type\":\"EntryPoint\",\"urlTemplate\":\"http:\/\/www.aupair-usa.net\/?s={search_term_string}\"},\"query-input\":{\"@type\":\"PropertyValueSpecification\",\"valueRequired\":true,\"valueName\":\"search_term_string\"}}],\"inLanguage\":\"de\"}]}<\/script>\n<!-- \/ Yoast SEO plugin. -->","yoast_head_json":{"title":"Packliste - AuPair-USA.net","robots":{"index":"index","follow":"follow","max-snippet":"max-snippet:-1","max-image-preview":"max-image-preview:large","max-video-preview":"max-video-preview:-1"},"canonical":"http:\/\/www.aupair-usa.net\/de\/packliste\/","twitter_misc":{"Gesch\u00e4tzte Lesezeit":"1\u00a0Minute"},"schema":{"@context":"https:\/\/schema.org","@graph":[{"@type":"WebPage","@id":"http:\/\/www.aupair-usa.net\/de\/packliste\/","url":"http:\/\/www.aupair-usa.net\/de\/packliste\/","name":"Packliste - AuPair-USA.net","isPartOf":{"@id":"http:\/\/www.aupair-usa.net\/#website"},"datePublished":"2015-04-07T08:10:09+00:00","dateModified":"2016-04-12T08:46:05+00:00","breadcrumb":{"@id":"http:\/\/www.aupair-usa.net\/de\/packliste\/#breadcrumb"},"inLanguage":"de","potentialAction":[{"@type":"ReadAction","target":["http:\/\/www.aupair-usa.net\/de\/packliste\/"]}]},{"@type":"BreadcrumbList","@id":"http:\/\/www.aupair-usa.net\/de\/packliste\/#breadcrumb","itemListElement":[{"@type":"ListItem","position":1,"name":"Startseite","item":"https:\/\/www.aupair-usa.net\/de\/"},{"@type":"ListItem","position":2,"name":"Packliste"}]},{"@type":"WebSite","@id":"http:\/\/www.aupair-usa.net\/#website","url":"http:\/\/www.aupair-usa.net\/","name":"AuPair-USA.net","description":"","potentialAction":[{"@type":"SearchAction","target":{"@type":"EntryPoint","urlTemplate":"http:\/\/www.aupair-usa.net\/?s={search_term_string}"},"query-input":{"@type":"PropertyValueSpecification","valueRequired":true,"valueName":"search_term_string"}}],"inLanguage":"de"}]}},"_links":{"self":[{"href":"http:\/\/www.aupair-usa.net\/de\/wp-json\/wp\/v2\/pages\/6120","targetHints":{"allow":["GET"]}}],"collection":[{"href":"http:\/\/www.aupair-usa.net\/de\/wp-json\/wp\/v2\/pages"}],"about":[{"href":"http:\/\/www.aupair-usa.net\/de\/wp-json\/wp\/v2\/types\/page"}],"author":[{"embeddable":true,"href":"http:\/\/www.aupair-usa.net\/de\/wp-json\/wp\/v2\/users\/336"}],"replies":[{"embeddable":true,"href":"http:\/\/www.aupair-usa.net\/de\/wp-json\/wp\/v2\/comments?post=6120"}],"version-history":[{"count":10,"href":"http:\/\/www.aupair-usa.net\/de\/wp-json\/wp\/v2\/pages\/6120\/revisions"}],"predecessor-version":[{"id":6642,"href":"http:\/\/www.aupair-usa.net\/de\/wp-json\/wp\/v2\/pages\/6120\/revisions\/6642"}],"wp:attachment":[{"href":"http:\/\/www.aupair-usa.net\/de\/wp-json\/wp\/v2\/media?parent=6120"}],"curies":[{"name":"wp","href":"https:\/\/api.w.org\/{rel}","templated":true}]}}