{"id":6115,"date":"2015-04-07T10:07:43","date_gmt":"2015-04-07T08:07:43","guid":{"rendered":"http:\/\/www.aupair-usa.net\/?page_id=6115"},"modified":"2025-02-27T15:02:06","modified_gmt":"2025-02-27T13:02:06","slug":"interview-au-pair","status":"publish","type":"page","link":"http:\/\/www.aupair-usa.net\/de\/interview-au-pair\/","title":{"rendered":"Interview"},"content":{"rendered":"<p style=\"text-align: justify;\">Das Interview ist ein wesentlicher Schritt in die richtige Richtung um eine Gastfamilie zu finden! Hier findest du einige n\u00fctzliche Tipps und Infos, damit du nicht vergisst die wirklich wichtigen Fragen zu stellen. Wir raten immer dazu, so viel wie nur m\u00f6glich zu fragen um sp\u00e4tere Entt\u00e4uschungen zu vermeiden, weil Dinge unausgesprochen geblieben sind! Au\u00dferdem ist ein Video-Gespr\u00e4ch von Vorteil, um einen besseren Eindruck von den Menschen zu erhalten, mit denen du m\u00f6glicherweise bald zusammen leben wirst.<\/p>\n<p style=\"text-align: justify;\">\nDu gibst dir sicherlich sehr viel M\u00fche bei der Vorbereitung deines Auslandsaufenthaltes und m\u00f6chtest ihn so angenehm und sch\u00f6n wie m\u00f6glich gestalten. Daher ist es wichtig, gen\u00fcgend Zeit einzuplanen, die richtige Gastfamilie zu finden, denn du verbringst die meiste Zeit in deinem Auslandsjahr mit deiner Familie. Am besten sprichst du mit deiner zuk\u00fcnftigen Gastfamilie ein paar Mal, bevor du dich f\u00fcr bzw. gegen sie entscheidest. Auch das <a href=\"https:\/\/www.aupair.com\/de\/p-skype-interview.php\" target=\"_blank\" rel=\"noopener\">Telefon-Interview<\/a> bietet eine gute M\u00f6glichkeit deine zuk\u00fcnftige Gastfamilie kennen zu lernen und alle wichtigen Details zu deinem Job zu kl\u00e4ren. Frag nach der t\u00e4glichen Routine, deinen zuk\u00fcnftigen Aufgaben, etc. Z\u00f6gere nicht, alle Fragen, die dich interessieren zu stellen!<\/p>\n<h2>Fragen f\u00fcr die Gastfamilie<\/h2>\n<p>Auf der folgenden Seite findest du eine Liste mit hilfreichen Fragen, die du deiner Gastfamilie stellen k\u00f6nntest. Die nachfolgenden Fragen sind in unterschiedliche Kategorien eingeteilt aus denen du ausw\u00e4hlen kannst, um deine Gastfamilie besser kennen zu lernen. Nat\u00fcrlich kannst du dir noch eigenen Fragen ausdenken!<\/p>\n<ul>\n<li>Was sind die Erwartungen der Gastfamilie?<\/li>\n<li>Wie l\u00e4uft das allt\u00e4gliche Leben der Gastfamilie ab?<\/li>\n<li>Wie wird dein Alltag sein?<\/li>\n<li>Welche Aufgaben und Pflichten musst du \u00fcbernehmen?<\/li>\n<li>Musst du f\u00fcr die Kinder kochen?<\/li>\n<li>Wirst du Autofahren m\u00fcssen?<\/li>\n<li>Erstellt die Gastfamilie einen w\u00f6chentlichen Arbeitsplan mit <a href=\"http:\/\/www.aupair-usa.net\/de\/taschengeld-freizeit-urlaub-au-pair-usa\/\">Aufgaben, Arbeitsstunden, Freizeit<\/a>, etc.?<\/li>\n<li>Wie sehen deine\u00a0Arbeitszeiten aus?<\/li>\n<li>Wie sind die Arbeitszeiten der Gasteltern?<\/li>\n<li>Musst du abends arbeiten? Falls ja, wie viele Abende pro Woche?<\/li>\n<li>Wann ist dein freier Tag?<\/li>\n<li>Welche Hobbies hat die Gastfamilie?<\/li>\n<li>Gibt es besondere Dinge, die die Gastfamilie gerne macht?<\/li>\n<li>Was macht die Gastfamilie am Wochenende?<\/li>\n<li>Was m\u00f6gen die Kinder? Und was sind ihre Lieblingsspiele?<\/li>\n<li>Haben die Kinder Hobbies?<\/li>\n<li>Gibt es Besonderheiten, die man wissen sollte? Spezielle Bed\u00fcrfnisse, Allergien, Krankheiten, etc.?<\/li>\n<li>Hat die Gastfamilie Haustiere?<\/li>\n<li>Wieso m\u00f6chte die Gastfamilie ein Au Pair aufnehmen?<\/li>\n<li>Ern\u00e4hrt die Gastfamilie sich besonders? Was gibt es generell zum Essen?<\/li>\n<li>Wie sieht dein Zimmer aus?<\/li>\n<li>Hast du dein eigenes Badezimmer?<\/li>\n<li>Kannst du die n\u00e4chst gr\u00f6\u00dfere Stadt\/Sprachschule leicht erreichen? Gibt es \u00f6ffentliche Verkehrsmittel?<\/li>\n<li>Was ist mit Feiertagen und Ferien? F\u00e4hrst du mit der Gastfamilie in den Urlaub? Falls ja, k\u00fcmmerst du dich dann auch um die Kinder?<\/li>\n<li>An welchem Tag kannst du eine Sprachschule besuchen?<\/li>\n<li>Hilft dir die Gastfamilie dabei die richtige Gastfamilie zu finden bzw. sich anzumelden?<\/li>\n<li>Gibt es eine Zeit, wann du zu Hause sein solltest?<\/li>\n<li>Gibt es in der Umgebung andere Au Pairs?<\/li>\n<li>Bist du das erste Au Pair?<\/li>\n<li>Hat deine Gastfamilie im Moment ein Au Pair? Falls ja, frag deine Gastfamilie, \u00a0ob du mit dem Au Pair in Kontakt treten kannst<\/li>\n<li>Wirst du die M\u00f6glichkeit haben an den Au Pair Treffen teilzunehmen?<\/li>\n<\/ul>\n<h2>So bereitest du dich f\u00fcr das Interview vor<\/h2>\n<p style=\"text-align: justify;\">Die meisten Au Pairs sind beim ersten Telefonat sehr nerv\u00f6s. Aber keine Sorge! Deine Gastfamilie ist bestimmt genauso aufgeregt und nerv\u00f6s wie du. Schlie\u00dflich wissen sie auch nicht mit wem sie es zu tun haben.<br \/>\nEs ist immer eine gute Idee eine Liste mit Fragen vorzubereiten, damit du nicht vergisst, was du die Gastfamilie fragen m\u00f6chtest (siehe oben). Du kannst dir auch schon \u00fcberlegen, welche Fragen dir die Gastfamilie stellen k\u00f6nnte und dir eine Antwort im Voraus zurechtlegen. In der unteren Box haben wir ein paar Fragen zusammengestellt, die dich deine Gastfamilie fragen k\u00f6nnte.<\/p>\n<ul>\n<li style=\"list-style-type: none;\">\n<ul>\n<li>Wieso m\u00f6chtest du Au Pair werden?<\/li>\n<\/ul>\n<\/li>\n<\/ul>\n<ul>\n<li style=\"list-style-type: none;\">\n<ul>\n<li>Wie viel Kinderbetreuungserfahrung hast du? Wo hast du auf Kinder aufgepasst?<\/li>\n<\/ul>\n<\/li>\n<\/ul>\n<ul>\n<li style=\"list-style-type: none;\">\n<ul>\n<li>Was sind deine Hobbies?<\/li>\n<\/ul>\n<\/li>\n<\/ul>\n<ul>\n<li style=\"list-style-type: none;\">\n<ul>\n<li>Wie f\u00fchlst du dich dabei f\u00fcr so lange Zeit ohne deine Familie und Freunde zu leben? Wie gehst du mit Heimweh um?<\/li>\n<\/ul>\n<\/li>\n<\/ul>\n<ul>\n<li style=\"list-style-type: none;\">\n<ul>\n<li>Wie ist dein Familienleben?<\/li>\n<\/ul>\n<\/li>\n<\/ul>\n<p style=\"text-align: justify;\">Es ist verst\u00e4ndlich, dass du aufgeregt bist, wenn du mit deine Gastfamilie auf Englisch sprechen musst. Aber trau dich ruhig nochmal nach zu fragen bzw. sie zu bitten etwas langsamer zu sprechen. Deine Gastfamilie erwartet keine perfekten Sprachkenntnisse! Wenn du Interesse an ihren Kindern zeigst und sie sehen, dass du dir M\u00fche gibst die Familie schon im Vorhinein besser kennen zu lernen, dann wird die Familie dies wertsch\u00e4tzen. Falls du nach dem ersten Gespr\u00e4ch noch unsicher sein solltest, vereinbare ein weiteres Telefonat. Du musst dich nicht gezwungen f\u00fchlen der ersten Familie zuzusagen. H\u00f6r auf dein Bauchgef\u00fchl und suche einfach weiter.<\/p>\n","protected":false},"excerpt":{"rendered":"<p>Das Interview ist ein wesentlicher Schritt in die richtige Richtung um eine Gastfamilie zu finden! Hier findest du einige n\u00fctzliche Tipps und Infos, damit du nicht vergisst die wirklich wichtigen Fragen zu stellen. Wir raten immer dazu, so viel wie nur m\u00f6glich zu fragen um sp\u00e4tere Entt\u00e4uschungen zu vermeiden, weil Dinge unausgesprochen geblieben sind! Au\u00dferdem &hellip; <a href=\"http:\/\/www.aupair-usa.net\/de\/interview-au-pair\/\" class=\"more-link\"><span class=\"screen-reader-text\">Interview<\/span> weiterlesen <span class=\"meta-nav\">&rarr;<\/span><\/a><\/p>\n","protected":false},"author":336,"featured_media":0,"parent":0,"menu_order":0,"comment_status":"closed","ping_status":"closed","template":"","meta":{"footnotes":""},"class_list":["post-6115","page","type-page","status-publish","hentry"],"yoast_head":"<!-- This site is optimized with the Yoast SEO plugin v23.9 - https:\/\/yoast.com\/wordpress\/plugins\/seo\/ -->\n<title>Interview<\/title>\n<meta name=\"description\" content=\"Das Interview ist ein entscheidender Punkt im Au Pair Prozess, denn du lernst die Gastfamilien kennen. Hier sind alle wichtigen Informationen.\" \/>\n<meta name=\"robots\" content=\"index, follow, max-snippet:-1, max-image-preview:large, max-video-preview:-1\" \/>\n<link rel=\"canonical\" href=\"https:\/\/www.aupair-usa.net\/de\/interview-au-pair\/\" \/>\n<meta name=\"twitter:label1\" content=\"Gesch\u00e4tzte Lesezeit\" \/>\n\t<meta name=\"twitter:data1\" content=\"4\u00a0Minuten\" \/>\n<script type=\"application\/ld+json\" class=\"yoast-schema-graph\">{\"@context\":\"https:\/\/schema.org\",\"@graph\":[{\"@type\":\"WebPage\",\"@id\":\"https:\/\/www.aupair-usa.net\/de\/interview-au-pair\/\",\"url\":\"https:\/\/www.aupair-usa.net\/de\/interview-au-pair\/\",\"name\":\"Interview\",\"isPartOf\":{\"@id\":\"http:\/\/www.aupair-usa.net\/#website\"},\"datePublished\":\"2015-04-07T08:07:43+00:00\",\"dateModified\":\"2025-02-27T13:02:06+00:00\",\"description\":\"Das Interview ist ein entscheidender Punkt im Au Pair Prozess, denn du lernst die Gastfamilien kennen. Hier sind alle wichtigen Informationen.\",\"breadcrumb\":{\"@id\":\"https:\/\/www.aupair-usa.net\/de\/interview-au-pair\/#breadcrumb\"},\"inLanguage\":\"de\",\"potentialAction\":[{\"@type\":\"ReadAction\",\"target\":[\"https:\/\/www.aupair-usa.net\/de\/interview-au-pair\/\"]}]},{\"@type\":\"BreadcrumbList\",\"@id\":\"https:\/\/www.aupair-usa.net\/de\/interview-au-pair\/#breadcrumb\",\"itemListElement\":[{\"@type\":\"ListItem\",\"position\":1,\"name\":\"Startseite\",\"item\":\"https:\/\/www.aupair-usa.net\/de\/\"},{\"@type\":\"ListItem\",\"position\":2,\"name\":\"Interview\"}]},{\"@type\":\"WebSite\",\"@id\":\"http:\/\/www.aupair-usa.net\/#website\",\"url\":\"http:\/\/www.aupair-usa.net\/\",\"name\":\"AuPair-USA.net\",\"description\":\"\",\"potentialAction\":[{\"@type\":\"SearchAction\",\"target\":{\"@type\":\"EntryPoint\",\"urlTemplate\":\"http:\/\/www.aupair-usa.net\/?s={search_term_string}\"},\"query-input\":{\"@type\":\"PropertyValueSpecification\",\"valueRequired\":true,\"valueName\":\"search_term_string\"}}],\"inLanguage\":\"de\"}]}<\/script>\n<!-- \/ Yoast SEO plugin. -->","yoast_head_json":{"title":"Interview","description":"Das Interview ist ein entscheidender Punkt im Au Pair Prozess, denn du lernst die Gastfamilien kennen. Hier sind alle wichtigen Informationen.","robots":{"index":"index","follow":"follow","max-snippet":"max-snippet:-1","max-image-preview":"max-image-preview:large","max-video-preview":"max-video-preview:-1"},"canonical":"https:\/\/www.aupair-usa.net\/de\/interview-au-pair\/","twitter_misc":{"Gesch\u00e4tzte Lesezeit":"4\u00a0Minuten"},"schema":{"@context":"https:\/\/schema.org","@graph":[{"@type":"WebPage","@id":"https:\/\/www.aupair-usa.net\/de\/interview-au-pair\/","url":"https:\/\/www.aupair-usa.net\/de\/interview-au-pair\/","name":"Interview","isPartOf":{"@id":"http:\/\/www.aupair-usa.net\/#website"},"datePublished":"2015-04-07T08:07:43+00:00","dateModified":"2025-02-27T13:02:06+00:00","description":"Das Interview ist ein entscheidender Punkt im Au Pair Prozess, denn du lernst die Gastfamilien kennen. Hier sind alle wichtigen Informationen.","breadcrumb":{"@id":"https:\/\/www.aupair-usa.net\/de\/interview-au-pair\/#breadcrumb"},"inLanguage":"de","potentialAction":[{"@type":"ReadAction","target":["https:\/\/www.aupair-usa.net\/de\/interview-au-pair\/"]}]},{"@type":"BreadcrumbList","@id":"https:\/\/www.aupair-usa.net\/de\/interview-au-pair\/#breadcrumb","itemListElement":[{"@type":"ListItem","position":1,"name":"Startseite","item":"https:\/\/www.aupair-usa.net\/de\/"},{"@type":"ListItem","position":2,"name":"Interview"}]},{"@type":"WebSite","@id":"http:\/\/www.aupair-usa.net\/#website","url":"http:\/\/www.aupair-usa.net\/","name":"AuPair-USA.net","description":"","potentialAction":[{"@type":"SearchAction","target":{"@type":"EntryPoint","urlTemplate":"http:\/\/www.aupair-usa.net\/?s={search_term_string}"},"query-input":{"@type":"PropertyValueSpecification","valueRequired":true,"valueName":"search_term_string"}}],"inLanguage":"de"}]}},"_links":{"self":[{"href":"http:\/\/www.aupair-usa.net\/de\/wp-json\/wp\/v2\/pages\/6115","targetHints":{"allow":["GET"]}}],"collection":[{"href":"http:\/\/www.aupair-usa.net\/de\/wp-json\/wp\/v2\/pages"}],"about":[{"href":"http:\/\/www.aupair-usa.net\/de\/wp-json\/wp\/v2\/types\/page"}],"author":[{"embeddable":true,"href":"http:\/\/www.aupair-usa.net\/de\/wp-json\/wp\/v2\/users\/336"}],"replies":[{"embeddable":true,"href":"http:\/\/www.aupair-usa.net\/de\/wp-json\/wp\/v2\/comments?post=6115"}],"version-history":[{"count":10,"href":"http:\/\/www.aupair-usa.net\/de\/wp-json\/wp\/v2\/pages\/6115\/revisions"}],"predecessor-version":[{"id":6943,"href":"http:\/\/www.aupair-usa.net\/de\/wp-json\/wp\/v2\/pages\/6115\/revisions\/6943"}],"wp:attachment":[{"href":"http:\/\/www.aupair-usa.net\/de\/wp-json\/wp\/v2\/media?parent=6115"}],"curies":[{"name":"wp","href":"https:\/\/api.w.org\/{rel}","templated":true}]}}