{"id":6101,"date":"2015-04-07T10:00:35","date_gmt":"2015-04-07T08:00:35","guid":{"rendered":"http:\/\/www.aupair-usa.net\/?page_id=6101"},"modified":"2025-01-08T14:12:22","modified_gmt":"2025-01-08T12:12:22","slug":"gastfamilie-finden","status":"publish","type":"page","link":"http:\/\/www.aupair-usa.net\/de\/gastfamilie-finden\/","title":{"rendered":"Finde eine Gastfamilie"},"content":{"rendered":"\n<p>Du hast alle wichtigen Informationen gelesen und bist dir sicher, dass du ein Au Pair in den USA werden m\u00f6chtest? Dann ist es Zeit eine Gastfamilie zu finden. Unten findest du einen Schritt-f\u00fcr-Schritt Guide, der dir helfen wird ein Teil der Au Pair Erfahrung zu werden. Lass uns die einzelnen Schritte im Detail anschauen!<\/p>\n\n\n\n<h3 class=\"wp-block-heading\">1. Registriere dich auf AuPair.com und erstelle ein Profil<\/h3>\n\n\n\n<p>Als Au Pair kannst du die Plattform <a href=\"https:\/\/www.aupair.com\/de\" target=\"_blank\" rel=\"noreferrer noopener\">AuPair.com<\/a> kostenlos nutzen, Nachrichten senden, Profile durchst\u00f6bern und viele weitere Vorteile erhalten.\u00a0<\/p>\n\n\n\n<p>Um dich von anderen Au Pairs abzuheben, solltest du ein wirklich interessantes Profil erstellen. Gib den potentiellen Gastfamilien so viele Infos \u00fcber dich wie m\u00f6glich, lade\u00a0<a href=\"https:\/\/www.aupair.com\/de\/p-fotos.php\" target=\"_blank\" rel=\"noreferrer noopener\">Fotos<\/a>\u00a0und ein\u00a0<a href=\"https:\/\/www.aupair.com\/de\/p-video.php\">Video<\/a>\u00a0hoch und mache dein Profil so noch pers\u00f6nlicher! F\u00fcge Zertifikate und Referenzen hinzu, um deine Erfahrungen zu bescheinigen. Schreibe auch einen\u00a0<a href=\"https:\/\/www.aupair.com\/de\/p-gastfamilienbrief.php\" target=\"_blank\" rel=\"noreferrer noopener\">Brief an die Gastfamilie<\/a>, um deine Erwartungen und deine Motivation ein Au Pair zu werden mit deiner Gastfamilie zu teilen. Du kannst selber entscheiden, welche Infos \u00f6ffentlich und welche privat sein sollen.\u00a0<\/p>\n\n\n\n<h3 class=\"wp-block-heading\">2. Suche nach einer passenden Gastfamilie<\/h3>\n\n\n\n<p>Sobald du dich als Au Pair registriert hast, kannst du nach <a href=\"https:\/\/www.aupair.com\/find_family.php?quick_search=search&amp;countryQ=210&amp;language=en\" target=\"_blank\" rel=\"noreferrer noopener\">Gastfamilien in den USA<\/a> suchen. Die Plattform bietet dir die M\u00f6glichkeit, verschiedene Profile zu durchsuchen, die deinen Pr\u00e4ferenzen und Wunschzielen entsprechen. Du kannst Gastfamilien auch zu deinen Favoriten hinzuf\u00fcgen und hast so alle deine \u201cLieblings-Familien\u201d auf einen Blick.\u00a0<\/p>\n\n\n\n<p>Du kannst auch kostenlose Anfragen an Gastfamilien deiner Wahl schicken. Diese erhalten dann eine Benachrichtigung und k\u00f6nnen deine Anfrage dann akzeptieren oder ablehnen. Wusstest du schon, dass du sehen kannst, welche Gastfamilien Premium sind, sobald du eine Aktivit\u00e4tsrate von 100% hast? Warte also nicht l\u00e4nger und beantworte die ungelesenen Nachrichten in deinem Posteingang!<\/p>\n\n\n\n<h3 class=\"wp-block-heading\">3. Vereinbart ein Videointerview<\/h3>\n\n\n\n<p>Nachdem du geeignete Gastfamilien kontaktiert hast, ist es besonders wichtig, mit ihnen pers\u00f6nlich zu sprechen, um sich besser kennenzulernen. In einem Videointerview k\u00f6nnt ihr gemeinsam \u00fcber eure Erwartungen und wichtige Details sprechen. So kannst du auch herausfinden, welche Familie am besten zu dir passt. Au\u00dferdem kannst du mit einem Videointerview sicherstellen, dass es sich nicht um einen Betrugsversuch handelt. Da Betr\u00fcger sich nicht zeigen wollen, werden sie einem Skype-Anruf nicht zustimmen.<\/p>\n\n\n\n<p>\u00dcberlege dir vorher, welche Fragen du gerne stellen und welche Punkte du kl\u00e4ren m\u00f6chtest. Wenn dir w\u00e4hrend des Interviews eine bestimmte Familie ganz besonders gut gef\u00e4llt, vereinbart ein weiteres Gespr\u00e4ch, um \u00fcber Details, wie die&nbsp;<a href=\"https:\/\/www.aupair.com\/de\/p-au-pair-zimmer.php\">Unterkunft<\/a>,&nbsp;<a href=\"https:\/\/www.aupair.com\/de\/p-au-pair-taschengeld-gehalt.php\">Taschengeld<\/a>&nbsp;die n\u00f6tigen Dokumente, die&nbsp;<a href=\"https:\/\/www.aupair.com\/de\/p-aupair-versicherung.php\">Versicherung<\/a>,&nbsp;<a href=\"https:\/\/www.aupair.com\/de\/p-au-pair-visum.php\">Visums-Anforderungen<\/a>, die Reise und andere wichtige Punkte zu sprechen.&nbsp;<\/p>\n\n\n\n<p>Hier findest du einige\u00a0<a href=\"https:\/\/www.aupair.com\/de\/p-skype-interview.php\">Tipps f\u00fcr das Interview<\/a>, die dir helfen sollen, die Konversation organisierter und produktiver zu f\u00fchren.<\/p>\n\n\n\n<h3 class=\"wp-block-heading\">4. Unterschreibe den Vertrag und kl\u00e4re andere Formalit\u00e4ten<\/h3>\n\n\n\n<p>Wenn du eine Gastfamilie auf AuPair.com gefunden hast, stelle sicher, dass du und die Familie die gleiche lokale Agentur kontaktieren, um den <a href=\"https:\/\/www.aupair.com\/de\/p-au-pair-vertrag.php\" target=\"_blank\" rel=\"noreferrer noopener\">Au Pair Vertrag<\/a> zu unterschreiben und ein <a href=\"https:\/\/www.aupair.com\/de\/p-j-1-visa.php\" target=\"_blank\" rel=\"noreferrer noopener\">Visum<\/a> zu beantragen! Der Au Pair Vertrag ist ein rechtliches Dokument, das die <a href=\"https:\/\/www.aupair.com\/de\/p-au-pair-definition.php\" target=\"_blank\" rel=\"noreferrer noopener\">Regeln des Au Pair Programms<\/a> festlegt, an die sich alle Teilnehmer zu jeder Zeit halten m\u00fcssen. Er ist wichtig f\u00fcr den Schutz aller Beteiligten und hilft, Missverst\u00e4ndnisse oder <a href=\"https:\/\/www.aupair.com\/de\/p-problem-loesen.php\" target=\"_blank\" rel=\"noreferrer noopener\">Probleme w\u00e4hrend des Aufenthalts<\/a> zu vermeiden. Er stellt auch sicher, dass alle Tr\u00e4gerorganisationen die Regeln der US-Regierung einhalten.<\/p>\n\n\n\n<p>Wenn du dich f\u00fcr eine Familie entschieden, eine Agentur gefunden und den Vertrag unterschrieben hast, kannst du dich auf deine Reise vorbereiten. Finde <a href=\"https:\/\/www.aupair.com\/de\/p-au-pair-werden-info.php\" target=\"_blank\" rel=\"noreferrer noopener\">hier<\/a> mehr heraus!<\/p>\n\n\n<p>\u00a0<\/p>\n<p><a href=\"http:\/\/www.aupair-usa.net\/wp-content\/uploads\/2015\/03\/housing_usa.jpg\"><img loading=\"lazy\" decoding=\"async\" class=\"alignnone size-medium wp-image-6355\" src=\"http:\/\/www.aupair-usa.net\/wp-content\/uploads\/2015\/03\/housing_usa-300x200.jpg\" alt=\"housing_usa\" width=\"300\" height=\"200\" srcset=\"http:\/\/www.aupair-usa.net\/wp-content\/uploads\/2015\/03\/housing_usa-300x200.jpg 300w, http:\/\/www.aupair-usa.net\/wp-content\/uploads\/2015\/03\/housing_usa-320x213.jpg 320w, http:\/\/www.aupair-usa.net\/wp-content\/uploads\/2015\/03\/housing_usa-239x159.jpg 239w, http:\/\/www.aupair-usa.net\/wp-content\/uploads\/2015\/03\/housing_usa.jpg 350w\" sizes=\"auto, (max-width: 300px) 100vw, 300px\" \/><\/a><\/p>","protected":false},"excerpt":{"rendered":"<p>Du hast alle wichtigen Informationen gelesen und bist dir sicher, dass du ein Au Pair in den USA werden m\u00f6chtest? Dann ist es Zeit eine Gastfamilie zu finden. Unten findest du einen Schritt-f\u00fcr-Schritt Guide, der dir helfen wird ein Teil der Au Pair Erfahrung zu werden. Lass uns die einzelnen Schritte im Detail anschauen! 1. &hellip; <a href=\"http:\/\/www.aupair-usa.net\/de\/gastfamilie-finden\/\" class=\"more-link\"><span class=\"screen-reader-text\">Finde eine Gastfamilie<\/span> weiterlesen <span class=\"meta-nav\">&rarr;<\/span><\/a><\/p>\n","protected":false},"author":336,"featured_media":0,"parent":0,"menu_order":0,"comment_status":"closed","ping_status":"closed","template":"","meta":{"footnotes":""},"class_list":["post-6101","page","type-page","status-publish","hentry"],"yoast_head":"<!-- This site is optimized with the Yoast SEO plugin v23.9 - https:\/\/yoast.com\/wordpress\/plugins\/seo\/ -->\n<title>Finde eine Gastfamilie<\/title>\n<meta name=\"description\" content=\"Du bist daran interessiert, ein Au Pair in den USA zu werden? Lies mehr \u00fcber die Suche nach einer Gastfamilie als n\u00e4chsten Schritt.\" \/>\n<meta name=\"robots\" content=\"index, follow, max-snippet:-1, max-image-preview:large, max-video-preview:-1\" \/>\n<link rel=\"canonical\" href=\"https:\/\/www.aupair-usa.net\/de\/gastfamilie-finden\/\" \/>\n<meta name=\"twitter:label1\" content=\"Gesch\u00e4tzte Lesezeit\" \/>\n\t<meta name=\"twitter:data1\" content=\"3\u00a0Minuten\" \/>\n<script type=\"application\/ld+json\" class=\"yoast-schema-graph\">{\"@context\":\"https:\/\/schema.org\",\"@graph\":[{\"@type\":\"WebPage\",\"@id\":\"https:\/\/www.aupair-usa.net\/de\/gastfamilie-finden\/\",\"url\":\"https:\/\/www.aupair-usa.net\/de\/gastfamilie-finden\/\",\"name\":\"Finde eine Gastfamilie\",\"isPartOf\":{\"@id\":\"http:\/\/www.aupair-usa.net\/#website\"},\"primaryImageOfPage\":{\"@id\":\"https:\/\/www.aupair-usa.net\/de\/gastfamilie-finden\/#primaryimage\"},\"image\":{\"@id\":\"https:\/\/www.aupair-usa.net\/de\/gastfamilie-finden\/#primaryimage\"},\"thumbnailUrl\":\"http:\/\/www.aupair-usa.net\/wp-content\/uploads\/2015\/03\/housing_usa-300x200.jpg\",\"datePublished\":\"2015-04-07T08:00:35+00:00\",\"dateModified\":\"2025-01-08T12:12:22+00:00\",\"description\":\"Du bist daran interessiert, ein Au Pair in den USA zu werden? Lies mehr \u00fcber die Suche nach einer Gastfamilie als n\u00e4chsten Schritt.\",\"breadcrumb\":{\"@id\":\"https:\/\/www.aupair-usa.net\/de\/gastfamilie-finden\/#breadcrumb\"},\"inLanguage\":\"de\",\"potentialAction\":[{\"@type\":\"ReadAction\",\"target\":[\"https:\/\/www.aupair-usa.net\/de\/gastfamilie-finden\/\"]}]},{\"@type\":\"ImageObject\",\"inLanguage\":\"de\",\"@id\":\"https:\/\/www.aupair-usa.net\/de\/gastfamilie-finden\/#primaryimage\",\"url\":\"http:\/\/www.aupair-usa.net\/wp-content\/uploads\/2015\/03\/housing_usa-300x200.jpg\",\"contentUrl\":\"http:\/\/www.aupair-usa.net\/wp-content\/uploads\/2015\/03\/housing_usa-300x200.jpg\"},{\"@type\":\"BreadcrumbList\",\"@id\":\"https:\/\/www.aupair-usa.net\/de\/gastfamilie-finden\/#breadcrumb\",\"itemListElement\":[{\"@type\":\"ListItem\",\"position\":1,\"name\":\"Startseite\",\"item\":\"https:\/\/www.aupair-usa.net\/de\/\"},{\"@type\":\"ListItem\",\"position\":2,\"name\":\"Finde eine Gastfamilie\"}]},{\"@type\":\"WebSite\",\"@id\":\"http:\/\/www.aupair-usa.net\/#website\",\"url\":\"http:\/\/www.aupair-usa.net\/\",\"name\":\"AuPair-USA.net\",\"description\":\"\",\"potentialAction\":[{\"@type\":\"SearchAction\",\"target\":{\"@type\":\"EntryPoint\",\"urlTemplate\":\"http:\/\/www.aupair-usa.net\/?s={search_term_string}\"},\"query-input\":{\"@type\":\"PropertyValueSpecification\",\"valueRequired\":true,\"valueName\":\"search_term_string\"}}],\"inLanguage\":\"de\"}]}<\/script>\n<!-- \/ Yoast SEO plugin. -->","yoast_head_json":{"title":"Finde eine Gastfamilie","description":"Du bist daran interessiert, ein Au Pair in den USA zu werden? Lies mehr \u00fcber die Suche nach einer Gastfamilie als n\u00e4chsten Schritt.","robots":{"index":"index","follow":"follow","max-snippet":"max-snippet:-1","max-image-preview":"max-image-preview:large","max-video-preview":"max-video-preview:-1"},"canonical":"https:\/\/www.aupair-usa.net\/de\/gastfamilie-finden\/","twitter_misc":{"Gesch\u00e4tzte Lesezeit":"3\u00a0Minuten"},"schema":{"@context":"https:\/\/schema.org","@graph":[{"@type":"WebPage","@id":"https:\/\/www.aupair-usa.net\/de\/gastfamilie-finden\/","url":"https:\/\/www.aupair-usa.net\/de\/gastfamilie-finden\/","name":"Finde eine Gastfamilie","isPartOf":{"@id":"http:\/\/www.aupair-usa.net\/#website"},"primaryImageOfPage":{"@id":"https:\/\/www.aupair-usa.net\/de\/gastfamilie-finden\/#primaryimage"},"image":{"@id":"https:\/\/www.aupair-usa.net\/de\/gastfamilie-finden\/#primaryimage"},"thumbnailUrl":"http:\/\/www.aupair-usa.net\/wp-content\/uploads\/2015\/03\/housing_usa-300x200.jpg","datePublished":"2015-04-07T08:00:35+00:00","dateModified":"2025-01-08T12:12:22+00:00","description":"Du bist daran interessiert, ein Au Pair in den USA zu werden? Lies mehr \u00fcber die Suche nach einer Gastfamilie als n\u00e4chsten Schritt.","breadcrumb":{"@id":"https:\/\/www.aupair-usa.net\/de\/gastfamilie-finden\/#breadcrumb"},"inLanguage":"de","potentialAction":[{"@type":"ReadAction","target":["https:\/\/www.aupair-usa.net\/de\/gastfamilie-finden\/"]}]},{"@type":"ImageObject","inLanguage":"de","@id":"https:\/\/www.aupair-usa.net\/de\/gastfamilie-finden\/#primaryimage","url":"http:\/\/www.aupair-usa.net\/wp-content\/uploads\/2015\/03\/housing_usa-300x200.jpg","contentUrl":"http:\/\/www.aupair-usa.net\/wp-content\/uploads\/2015\/03\/housing_usa-300x200.jpg"},{"@type":"BreadcrumbList","@id":"https:\/\/www.aupair-usa.net\/de\/gastfamilie-finden\/#breadcrumb","itemListElement":[{"@type":"ListItem","position":1,"name":"Startseite","item":"https:\/\/www.aupair-usa.net\/de\/"},{"@type":"ListItem","position":2,"name":"Finde eine Gastfamilie"}]},{"@type":"WebSite","@id":"http:\/\/www.aupair-usa.net\/#website","url":"http:\/\/www.aupair-usa.net\/","name":"AuPair-USA.net","description":"","potentialAction":[{"@type":"SearchAction","target":{"@type":"EntryPoint","urlTemplate":"http:\/\/www.aupair-usa.net\/?s={search_term_string}"},"query-input":{"@type":"PropertyValueSpecification","valueRequired":true,"valueName":"search_term_string"}}],"inLanguage":"de"}]}},"_links":{"self":[{"href":"http:\/\/www.aupair-usa.net\/de\/wp-json\/wp\/v2\/pages\/6101","targetHints":{"allow":["GET"]}}],"collection":[{"href":"http:\/\/www.aupair-usa.net\/de\/wp-json\/wp\/v2\/pages"}],"about":[{"href":"http:\/\/www.aupair-usa.net\/de\/wp-json\/wp\/v2\/types\/page"}],"author":[{"embeddable":true,"href":"http:\/\/www.aupair-usa.net\/de\/wp-json\/wp\/v2\/users\/336"}],"replies":[{"embeddable":true,"href":"http:\/\/www.aupair-usa.net\/de\/wp-json\/wp\/v2\/comments?post=6101"}],"version-history":[{"count":14,"href":"http:\/\/www.aupair-usa.net\/de\/wp-json\/wp\/v2\/pages\/6101\/revisions"}],"predecessor-version":[{"id":6883,"href":"http:\/\/www.aupair-usa.net\/de\/wp-json\/wp\/v2\/pages\/6101\/revisions\/6883"}],"wp:attachment":[{"href":"http:\/\/www.aupair-usa.net\/de\/wp-json\/wp\/v2\/media?parent=6101"}],"curies":[{"name":"wp","href":"https:\/\/api.w.org\/{rel}","templated":true}]}}