{"id":6097,"date":"2015-04-07T09:58:18","date_gmt":"2015-04-07T07:58:18","guid":{"rendered":"http:\/\/www.aupair-usa.net\/?page_id=6097"},"modified":"2025-02-10T12:15:22","modified_gmt":"2025-02-10T10:15:22","slug":"taschengeld-freizeit-urlaub-au-pair-usa","status":"publish","type":"page","link":"http:\/\/www.aupair-usa.net\/de\/taschengeld-freizeit-urlaub-au-pair-usa\/","title":{"rendered":"Au Pair in den USA &#8211; Taschengeld, Freizeit, Urlaub und mehr"},"content":{"rendered":"\n<p class=\"has-off-white-background-color has-background\">Taschengeld, Arbeitszeiten und Urlaub f\u00fcr legale internationale Au Pairs in den USA sind vom US Department of State geregelt. In diesem Artikel erz\u00e4hlen wir dir mehr dazu:<br><br>&#8211; <a href=\"#hoursusa\">Arbeitszeiten<\/a><br>&#8211; <a href=\"#usa-urlaub\">Freizeit und Urlaub<\/a><br>&#8211; <a href=\"#usa-pocketmoney\">Taschengeld<\/a><\/p>\n\n\n\n<h2 class=\"wp-block-heading\"><a id=\"hoursusa\" name=\"hoursusa\">Arbeitszeiten<\/a><\/h2>\n\n\n\n<p>Die von der US-Regierung festgelegten Regeln besagen, dass Au Pairs bis zu 45 Stunden pro Woche und nicht mehr als 10 Stunden pro Tag die Kinderbetreuung \u00fcbernehmen d\u00fcrfen &#8211; Babysitting inklusive!<\/p>\n\n\n\n<p>45 Stunden sind viel, deshalb sollte das Au Pair mit der <a href=\"https:\/\/au-pair.org\/de\/rechte-und-pflichten-gastfamilie\/\" target=\"_blank\" rel=\"noreferrer noopener\">Gastfamilie<\/a> genau besprechen, zu welchen Zeiten die Kinder betreut werden m\u00fcssen, damit es auch Freizeit und Zeit f\u00fcr den College-Kurs einplanen kann. Die Gastfamilie sollte jedoch immer an erster Stelle stehen und der Arbeitsplan sollte an ihre Bed\u00fcrfnisse angepasst werden. Aber denkt daran:&nbsp; Die Freizeit des Au Pairs ist die Freizeit des Au Pairs.<\/p>\n\n\n\n<p>Wenn die Gastfamilie zus\u00e4tzliche Betreuung ben\u00f6tigt, die \u00fcber das hinausgeht, was das <a href=\"https:\/\/au-pair.org\/de\/rechte-und-pflichten-au-pair\/\" target=\"_blank\" rel=\"noreferrer noopener\">Au Pair legal leisten<\/a> darf, empfehlen wir, eine andere Form der Kinderbetreuung zu finden, wie z.B. eine Vollzeit-Nanny.<\/p>\n\n\n\n<h2 class=\"wp-block-heading\"><a id=\"usa-urlaub\" name=\"usa-urlaub\">Freizeit und Urlaub<\/a><\/h2>\n\n\n\n<p>Die Regeln sehen vor, dass die Gastfamilie ihrem Au Pair mindestens <strong>1,5 freie Tage pro Woche<\/strong> und mindestens <strong>ein komplett freies Wochenende pro Monat<\/strong> gew\u00e4hren muss.<\/p>\n\n\n\n<p>Au\u00dferdem hat das Au Pair w\u00e4hrend seines Aufenthalts Anspruch auf <strong>2 Wochen bezahlten Urlaub<\/strong>. Wenn die Gastfamilie das Au Pair in den Urlaub mitnimmt, muss besprochen werden, ob dies Teil des bezahlten Urlaubs des Au Pairs ist oder nicht. Dies sollte unbedingt im Vertrag festgehalten werden!<\/p>\n\n\n<div class=\"wp-block-image\">\n<figure class=\"aligncenter size-full is-resized\"><a href=\"http:\/\/www.aupair-usa.net\/wp-content\/uploads\/2015\/03\/flight_usa.jpg\"><img loading=\"lazy\" decoding=\"async\" width=\"350\" height=\"263\" src=\"http:\/\/www.aupair-usa.net\/wp-content\/uploads\/2015\/03\/flight_usa.jpg\" alt=\"au pair usa\" class=\"wp-image-6729\" style=\"width:267px;height:auto\" srcset=\"http:\/\/www.aupair-usa.net\/wp-content\/uploads\/2015\/03\/flight_usa.jpg 350w, http:\/\/www.aupair-usa.net\/wp-content\/uploads\/2015\/03\/flight_usa-300x225.jpg 300w, http:\/\/www.aupair-usa.net\/wp-content\/uploads\/2015\/03\/flight_usa-320x240.jpg 320w, http:\/\/www.aupair-usa.net\/wp-content\/uploads\/2015\/03\/flight_usa-239x180.jpg 239w\" sizes=\"auto, (max-width: 350px) 100vw, 350px\" \/><\/a><\/figure>\n<\/div>\n\n\n<h2 class=\"wp-block-heading\"><a id=\"usa-pocketmoney\" name=\"usa-pocketmoney\">Taschengeld<\/a><\/h2>\n\n\n\n<p>Derzeit betr\u00e4gt das Taschengeld, das die Gastfamilien ihrem neuen Familienmitglied zahlen m\u00fcssen, <strong>mindestens 195,75 $ pro Woche<\/strong>.<\/p>\n\n\n\n<p>Dies gilt f\u00fcr alle Teilnehmer, aber einige Organisationen bieten auch \u201cprofessional\u201d oder \u201ceducational\u201d Optionen an. Professionelle Au Pairs erhalten in der Regel ein h\u00f6heres Taschengeld als 195,75 $, m\u00fcssen aber auch mehr Erfahrung mitbringen, um sich f\u00fcr diese Position zu qualifizieren.<\/p>\n\n\n\n<p>Das \u201ceducational\u201d Programm erm\u00f6glicht es den Teilnehmern, in Familien mit \u00e4lteren Kindern zu arbeiten, deren j\u00fcngstes Kind den ganzen Tag in der Schule ist. Die Teilnehmer arbeiten bis zu 30 Stunden pro Woche, erhalten aber ein etwas geringeres Taschengeld als 195,75 \u20ac.<\/p>\n\n\n\n<p>Mehr Informationen \u00fcber das Au Pair Programm in den USA k\u00f6nnen Sie in weiteren Artikeln auf <a href=\"http:\/\/aupair-usa.net\">unserer Website<\/a> lesen.<\/p>\n","protected":false},"excerpt":{"rendered":"<p>Taschengeld, Arbeitszeiten und Urlaub f\u00fcr legale internationale Au Pairs in den USA sind vom US Department of State geregelt. In diesem Artikel erz\u00e4hlen wir dir mehr dazu: &#8211; Arbeitszeiten&#8211; Freizeit und Urlaub&#8211; Taschengeld Arbeitszeiten Die von der US-Regierung festgelegten Regeln besagen, dass Au Pairs bis zu 45 Stunden pro Woche und nicht mehr als 10 &hellip; <a href=\"http:\/\/www.aupair-usa.net\/de\/taschengeld-freizeit-urlaub-au-pair-usa\/\" class=\"more-link\"><span class=\"screen-reader-text\">Au Pair in den USA &#8211; Taschengeld, Freizeit, Urlaub und mehr<\/span> weiterlesen <span class=\"meta-nav\">&rarr;<\/span><\/a><\/p>\n","protected":false},"author":336,"featured_media":0,"parent":0,"menu_order":0,"comment_status":"closed","ping_status":"closed","template":"","meta":{"footnotes":""},"class_list":["post-6097","page","type-page","status-publish","hentry"],"yoast_head":"<!-- This site is optimized with the Yoast SEO plugin v23.9 - https:\/\/yoast.com\/wordpress\/plugins\/seo\/ -->\n<title>Au Pair in den USA - Taschengeld, Freizeit, Urlaub und mehr<\/title>\n<meta name=\"description\" content=\"Wie viel verdient ein Au Pair in den USA? Wie viele Stunden die Woche muss es arbeiten? Lies mehr dazu hier in diesem Artikel.\" \/>\n<meta name=\"robots\" content=\"index, follow, max-snippet:-1, max-image-preview:large, max-video-preview:-1\" \/>\n<link rel=\"canonical\" href=\"http:\/\/www.aupair-usa.net\/de\/taschengeld-freizeit-urlaub-au-pair-usa\/\" \/>\n<meta name=\"twitter:label1\" content=\"Gesch\u00e4tzte Lesezeit\" \/>\n\t<meta name=\"twitter:data1\" content=\"2\u00a0Minuten\" \/>\n<script type=\"application\/ld+json\" class=\"yoast-schema-graph\">{\"@context\":\"https:\/\/schema.org\",\"@graph\":[{\"@type\":\"WebPage\",\"@id\":\"http:\/\/www.aupair-usa.net\/de\/taschengeld-freizeit-urlaub-au-pair-usa\/\",\"url\":\"http:\/\/www.aupair-usa.net\/de\/taschengeld-freizeit-urlaub-au-pair-usa\/\",\"name\":\"Au Pair in den USA - Taschengeld, Freizeit, Urlaub und mehr\",\"isPartOf\":{\"@id\":\"http:\/\/www.aupair-usa.net\/#website\"},\"primaryImageOfPage\":{\"@id\":\"http:\/\/www.aupair-usa.net\/de\/taschengeld-freizeit-urlaub-au-pair-usa\/#primaryimage\"},\"image\":{\"@id\":\"http:\/\/www.aupair-usa.net\/de\/taschengeld-freizeit-urlaub-au-pair-usa\/#primaryimage\"},\"thumbnailUrl\":\"http:\/\/www.aupair-usa.net\/wp-content\/uploads\/2015\/03\/flight_usa.jpg\",\"datePublished\":\"2015-04-07T07:58:18+00:00\",\"dateModified\":\"2025-02-10T10:15:22+00:00\",\"description\":\"Wie viel verdient ein Au Pair in den USA? Wie viele Stunden die Woche muss es arbeiten? Lies mehr dazu hier in diesem Artikel.\",\"breadcrumb\":{\"@id\":\"http:\/\/www.aupair-usa.net\/de\/taschengeld-freizeit-urlaub-au-pair-usa\/#breadcrumb\"},\"inLanguage\":\"de\",\"potentialAction\":[{\"@type\":\"ReadAction\",\"target\":[\"http:\/\/www.aupair-usa.net\/de\/taschengeld-freizeit-urlaub-au-pair-usa\/\"]}]},{\"@type\":\"ImageObject\",\"inLanguage\":\"de\",\"@id\":\"http:\/\/www.aupair-usa.net\/de\/taschengeld-freizeit-urlaub-au-pair-usa\/#primaryimage\",\"url\":\"http:\/\/www.aupair-usa.net\/wp-content\/uploads\/2015\/03\/flight_usa.jpg\",\"contentUrl\":\"http:\/\/www.aupair-usa.net\/wp-content\/uploads\/2015\/03\/flight_usa.jpg\"},{\"@type\":\"BreadcrumbList\",\"@id\":\"http:\/\/www.aupair-usa.net\/de\/taschengeld-freizeit-urlaub-au-pair-usa\/#breadcrumb\",\"itemListElement\":[{\"@type\":\"ListItem\",\"position\":1,\"name\":\"Startseite\",\"item\":\"https:\/\/www.aupair-usa.net\/de\/\"},{\"@type\":\"ListItem\",\"position\":2,\"name\":\"Au Pair in den USA &#8211; Taschengeld, Freizeit, Urlaub und mehr\"}]},{\"@type\":\"WebSite\",\"@id\":\"http:\/\/www.aupair-usa.net\/#website\",\"url\":\"http:\/\/www.aupair-usa.net\/\",\"name\":\"AuPair-USA.net\",\"description\":\"\",\"potentialAction\":[{\"@type\":\"SearchAction\",\"target\":{\"@type\":\"EntryPoint\",\"urlTemplate\":\"http:\/\/www.aupair-usa.net\/?s={search_term_string}\"},\"query-input\":{\"@type\":\"PropertyValueSpecification\",\"valueRequired\":true,\"valueName\":\"search_term_string\"}}],\"inLanguage\":\"de\"}]}<\/script>\n<!-- \/ Yoast SEO plugin. -->","yoast_head_json":{"title":"Au Pair in den USA - Taschengeld, Freizeit, Urlaub und mehr","description":"Wie viel verdient ein Au Pair in den USA? Wie viele Stunden die Woche muss es arbeiten? Lies mehr dazu hier in diesem Artikel.","robots":{"index":"index","follow":"follow","max-snippet":"max-snippet:-1","max-image-preview":"max-image-preview:large","max-video-preview":"max-video-preview:-1"},"canonical":"http:\/\/www.aupair-usa.net\/de\/taschengeld-freizeit-urlaub-au-pair-usa\/","twitter_misc":{"Gesch\u00e4tzte Lesezeit":"2\u00a0Minuten"},"schema":{"@context":"https:\/\/schema.org","@graph":[{"@type":"WebPage","@id":"http:\/\/www.aupair-usa.net\/de\/taschengeld-freizeit-urlaub-au-pair-usa\/","url":"http:\/\/www.aupair-usa.net\/de\/taschengeld-freizeit-urlaub-au-pair-usa\/","name":"Au Pair in den USA - Taschengeld, Freizeit, Urlaub und mehr","isPartOf":{"@id":"http:\/\/www.aupair-usa.net\/#website"},"primaryImageOfPage":{"@id":"http:\/\/www.aupair-usa.net\/de\/taschengeld-freizeit-urlaub-au-pair-usa\/#primaryimage"},"image":{"@id":"http:\/\/www.aupair-usa.net\/de\/taschengeld-freizeit-urlaub-au-pair-usa\/#primaryimage"},"thumbnailUrl":"http:\/\/www.aupair-usa.net\/wp-content\/uploads\/2015\/03\/flight_usa.jpg","datePublished":"2015-04-07T07:58:18+00:00","dateModified":"2025-02-10T10:15:22+00:00","description":"Wie viel verdient ein Au Pair in den USA? Wie viele Stunden die Woche muss es arbeiten? Lies mehr dazu hier in diesem Artikel.","breadcrumb":{"@id":"http:\/\/www.aupair-usa.net\/de\/taschengeld-freizeit-urlaub-au-pair-usa\/#breadcrumb"},"inLanguage":"de","potentialAction":[{"@type":"ReadAction","target":["http:\/\/www.aupair-usa.net\/de\/taschengeld-freizeit-urlaub-au-pair-usa\/"]}]},{"@type":"ImageObject","inLanguage":"de","@id":"http:\/\/www.aupair-usa.net\/de\/taschengeld-freizeit-urlaub-au-pair-usa\/#primaryimage","url":"http:\/\/www.aupair-usa.net\/wp-content\/uploads\/2015\/03\/flight_usa.jpg","contentUrl":"http:\/\/www.aupair-usa.net\/wp-content\/uploads\/2015\/03\/flight_usa.jpg"},{"@type":"BreadcrumbList","@id":"http:\/\/www.aupair-usa.net\/de\/taschengeld-freizeit-urlaub-au-pair-usa\/#breadcrumb","itemListElement":[{"@type":"ListItem","position":1,"name":"Startseite","item":"https:\/\/www.aupair-usa.net\/de\/"},{"@type":"ListItem","position":2,"name":"Au Pair in den USA &#8211; Taschengeld, Freizeit, Urlaub und mehr"}]},{"@type":"WebSite","@id":"http:\/\/www.aupair-usa.net\/#website","url":"http:\/\/www.aupair-usa.net\/","name":"AuPair-USA.net","description":"","potentialAction":[{"@type":"SearchAction","target":{"@type":"EntryPoint","urlTemplate":"http:\/\/www.aupair-usa.net\/?s={search_term_string}"},"query-input":{"@type":"PropertyValueSpecification","valueRequired":true,"valueName":"search_term_string"}}],"inLanguage":"de"}]}},"_links":{"self":[{"href":"http:\/\/www.aupair-usa.net\/de\/wp-json\/wp\/v2\/pages\/6097","targetHints":{"allow":["GET"]}}],"collection":[{"href":"http:\/\/www.aupair-usa.net\/de\/wp-json\/wp\/v2\/pages"}],"about":[{"href":"http:\/\/www.aupair-usa.net\/de\/wp-json\/wp\/v2\/types\/page"}],"author":[{"embeddable":true,"href":"http:\/\/www.aupair-usa.net\/de\/wp-json\/wp\/v2\/users\/336"}],"replies":[{"embeddable":true,"href":"http:\/\/www.aupair-usa.net\/de\/wp-json\/wp\/v2\/comments?post=6097"}],"version-history":[{"count":14,"href":"http:\/\/www.aupair-usa.net\/de\/wp-json\/wp\/v2\/pages\/6097\/revisions"}],"predecessor-version":[{"id":6918,"href":"http:\/\/www.aupair-usa.net\/de\/wp-json\/wp\/v2\/pages\/6097\/revisions\/6918"}],"wp:attachment":[{"href":"http:\/\/www.aupair-usa.net\/de\/wp-json\/wp\/v2\/media?parent=6097"}],"curies":[{"name":"wp","href":"https:\/\/api.w.org\/{rel}","templated":true}]}}