{"id":6092,"date":"2015-04-07T09:54:32","date_gmt":"2015-04-07T07:54:32","guid":{"rendered":"http:\/\/www.aupair-usa.net\/?page_id=6092"},"modified":"2025-02-06T10:39:18","modified_gmt":"2025-02-06T08:39:18","slug":"voraussetzungen-au-pair-usa","status":"publish","type":"page","link":"http:\/\/www.aupair-usa.net\/de\/voraussetzungen-au-pair-usa\/","title":{"rendered":"Voraussetzungen f\u00fcr Au Pairs in den USA"},"content":{"rendered":"<p>Du m\u00f6chtest als Au Pair in das Land der unbegrenzten M\u00f6glichkeiten reisen?<br \/>\nDann solltest du nicht z\u00f6gern den \u201aAmerican Way of Life\u2018 kennen zu lernen und <a href=\"https:\/\/www.aupair.com\/de\/p-au-pair-info.php\" target=\"_blank\" rel=\"noopener\">als Au Pair in die USA gehen<\/a>.<\/p>\n<p>Um am Au Pair Programm in den USA teilzunehmen, m\u00fcssen bestimmte <a href=\"https:\/\/www.aupair.com\/de\/p-au-pair-in-den-usa-voraussetzungen.php\" target=\"_blank\" rel=\"noopener\">Voraussetzungen <\/a>erf\u00fcllt werden:<\/p>\n<ol style=\"list-style: url('sym.png');\">\n<li>Du bist zwischen 18 und 26 Jahren alt<\/li>\n<li>Du m\u00f6chtest mindestens 12 Monate in den USA als Au Pair arbeiten (+ 1 zus\u00e4tzlicher Reisemonat) eine Verl\u00e4ngerung von 6, 9 und 12 Monaten ist m\u00f6glich<\/li>\n<li>Du hast mindestens 500 Kinderbetreuungsstunden (letzten 2 Jahre)<\/li>\n<li>Du hast die Mittlere Reife oder vergleichbaren Schulabschluss<\/li>\n<li>Du ben\u00f6tigst einen F\u00fchrerschein und Fahrpraxis<\/li>\n<li>Du bist nicht verheiratet und hast keine Kinder<\/li>\n<li>Du sprichst gutes Englisch<\/li>\n<li>Du bist bereit im Haushalt zu helfen<\/li>\n<li>Du rauchst nicht<\/li>\n<li>Du ben\u00f6tigst ein einwandfreies polizeiliches F\u00fchrungszeugnis<\/li>\n<\/ol>\n<p>Wenn du diese Voraussetzungen erf\u00fcllst, kannst du den n\u00e4chsten Schritt machen und dich auf die <a href=\"http:\/\/www.aupair-usa.net\/de\/agentur\/\" target=\"_blank\" rel=\"noopener\">Suche nach einer Gastfamilie<\/a> machen.<\/p>\n<p><img loading=\"lazy\" decoding=\"async\" class=\"alignnone size-full wp-image-6342\" src=\"http:\/\/www.aupair-usa.net\/wp-content\/uploads\/2015\/03\/flight1.jpg\" alt=\"flight\" width=\"200\" height=\"133\" \/><\/p>\n<p style=\"text-align: center;\"><a href=\"http:\/\/www.aupair-usa.net\/de\/aufgaben-pflichten-au-pair\/\">Aufgaben und Pflichten eines Au Pairs<\/a><\/p>\n","protected":false},"excerpt":{"rendered":"<p>Du m\u00f6chtest als Au Pair in das Land der unbegrenzten M\u00f6glichkeiten reisen? Dann solltest du nicht z\u00f6gern den \u201aAmerican Way of Life\u2018 kennen zu lernen und als Au Pair in die USA gehen. Um am Au Pair Programm in den USA teilzunehmen, m\u00fcssen bestimmte Voraussetzungen erf\u00fcllt werden: Du bist zwischen 18 und 26 Jahren alt &hellip; <a href=\"http:\/\/www.aupair-usa.net\/de\/voraussetzungen-au-pair-usa\/\" class=\"more-link\"><span class=\"screen-reader-text\">Voraussetzungen f\u00fcr Au Pairs in den USA<\/span> weiterlesen <span class=\"meta-nav\">&rarr;<\/span><\/a><\/p>\n","protected":false},"author":336,"featured_media":0,"parent":0,"menu_order":0,"comment_status":"closed","ping_status":"closed","template":"","meta":{"footnotes":""},"class_list":["post-6092","page","type-page","status-publish","hentry"],"yoast_head":"<!-- This site is optimized with the Yoast SEO plugin v23.9 - https:\/\/yoast.com\/wordpress\/plugins\/seo\/ -->\n<title>Voraussetzungen f\u00fcr Au Pairs in den USA<\/title>\n<meta name=\"description\" content=\"Interessiert daran ein Au Pair in den USA zu werden? Erfahre hier alles \u00fcber die wichtigsten Voraussetzungen.\" \/>\n<meta name=\"robots\" content=\"index, follow, max-snippet:-1, max-image-preview:large, max-video-preview:-1\" \/>\n<link rel=\"canonical\" href=\"https:\/\/www.aupair-usa.net\/de\/voraussetzungen-au-pair-usa\/\" \/>\n<meta name=\"twitter:label1\" content=\"Gesch\u00e4tzte Lesezeit\" \/>\n\t<meta name=\"twitter:data1\" content=\"1\u00a0Minute\" \/>\n<script type=\"application\/ld+json\" class=\"yoast-schema-graph\">{\"@context\":\"https:\/\/schema.org\",\"@graph\":[{\"@type\":\"WebPage\",\"@id\":\"https:\/\/www.aupair-usa.net\/de\/voraussetzungen-au-pair-usa\/\",\"url\":\"https:\/\/www.aupair-usa.net\/de\/voraussetzungen-au-pair-usa\/\",\"name\":\"Voraussetzungen f\u00fcr Au Pairs in den USA\",\"isPartOf\":{\"@id\":\"http:\/\/www.aupair-usa.net\/#website\"},\"primaryImageOfPage\":{\"@id\":\"https:\/\/www.aupair-usa.net\/de\/voraussetzungen-au-pair-usa\/#primaryimage\"},\"image\":{\"@id\":\"https:\/\/www.aupair-usa.net\/de\/voraussetzungen-au-pair-usa\/#primaryimage\"},\"thumbnailUrl\":\"http:\/\/www.aupair-usa.net\/wp-content\/uploads\/2015\/03\/flight1.jpg\",\"datePublished\":\"2015-04-07T07:54:32+00:00\",\"dateModified\":\"2025-02-06T08:39:18+00:00\",\"description\":\"Interessiert daran ein Au Pair in den USA zu werden? Erfahre hier alles \u00fcber die wichtigsten Voraussetzungen.\",\"breadcrumb\":{\"@id\":\"https:\/\/www.aupair-usa.net\/de\/voraussetzungen-au-pair-usa\/#breadcrumb\"},\"inLanguage\":\"de\",\"potentialAction\":[{\"@type\":\"ReadAction\",\"target\":[\"https:\/\/www.aupair-usa.net\/de\/voraussetzungen-au-pair-usa\/\"]}]},{\"@type\":\"ImageObject\",\"inLanguage\":\"de\",\"@id\":\"https:\/\/www.aupair-usa.net\/de\/voraussetzungen-au-pair-usa\/#primaryimage\",\"url\":\"http:\/\/www.aupair-usa.net\/wp-content\/uploads\/2015\/03\/flight1.jpg\",\"contentUrl\":\"http:\/\/www.aupair-usa.net\/wp-content\/uploads\/2015\/03\/flight1.jpg\"},{\"@type\":\"BreadcrumbList\",\"@id\":\"https:\/\/www.aupair-usa.net\/de\/voraussetzungen-au-pair-usa\/#breadcrumb\",\"itemListElement\":[{\"@type\":\"ListItem\",\"position\":1,\"name\":\"Startseite\",\"item\":\"https:\/\/www.aupair-usa.net\/de\/\"},{\"@type\":\"ListItem\",\"position\":2,\"name\":\"Voraussetzungen f\u00fcr Au Pairs in den USA\"}]},{\"@type\":\"WebSite\",\"@id\":\"http:\/\/www.aupair-usa.net\/#website\",\"url\":\"http:\/\/www.aupair-usa.net\/\",\"name\":\"AuPair-USA.net\",\"description\":\"\",\"potentialAction\":[{\"@type\":\"SearchAction\",\"target\":{\"@type\":\"EntryPoint\",\"urlTemplate\":\"http:\/\/www.aupair-usa.net\/?s={search_term_string}\"},\"query-input\":{\"@type\":\"PropertyValueSpecification\",\"valueRequired\":true,\"valueName\":\"search_term_string\"}}],\"inLanguage\":\"de\"}]}<\/script>\n<!-- \/ Yoast SEO plugin. -->","yoast_head_json":{"title":"Voraussetzungen f\u00fcr Au Pairs in den USA","description":"Interessiert daran ein Au Pair in den USA zu werden? Erfahre hier alles \u00fcber die wichtigsten Voraussetzungen.","robots":{"index":"index","follow":"follow","max-snippet":"max-snippet:-1","max-image-preview":"max-image-preview:large","max-video-preview":"max-video-preview:-1"},"canonical":"https:\/\/www.aupair-usa.net\/de\/voraussetzungen-au-pair-usa\/","twitter_misc":{"Gesch\u00e4tzte Lesezeit":"1\u00a0Minute"},"schema":{"@context":"https:\/\/schema.org","@graph":[{"@type":"WebPage","@id":"https:\/\/www.aupair-usa.net\/de\/voraussetzungen-au-pair-usa\/","url":"https:\/\/www.aupair-usa.net\/de\/voraussetzungen-au-pair-usa\/","name":"Voraussetzungen f\u00fcr Au Pairs in den USA","isPartOf":{"@id":"http:\/\/www.aupair-usa.net\/#website"},"primaryImageOfPage":{"@id":"https:\/\/www.aupair-usa.net\/de\/voraussetzungen-au-pair-usa\/#primaryimage"},"image":{"@id":"https:\/\/www.aupair-usa.net\/de\/voraussetzungen-au-pair-usa\/#primaryimage"},"thumbnailUrl":"http:\/\/www.aupair-usa.net\/wp-content\/uploads\/2015\/03\/flight1.jpg","datePublished":"2015-04-07T07:54:32+00:00","dateModified":"2025-02-06T08:39:18+00:00","description":"Interessiert daran ein Au Pair in den USA zu werden? Erfahre hier alles \u00fcber die wichtigsten Voraussetzungen.","breadcrumb":{"@id":"https:\/\/www.aupair-usa.net\/de\/voraussetzungen-au-pair-usa\/#breadcrumb"},"inLanguage":"de","potentialAction":[{"@type":"ReadAction","target":["https:\/\/www.aupair-usa.net\/de\/voraussetzungen-au-pair-usa\/"]}]},{"@type":"ImageObject","inLanguage":"de","@id":"https:\/\/www.aupair-usa.net\/de\/voraussetzungen-au-pair-usa\/#primaryimage","url":"http:\/\/www.aupair-usa.net\/wp-content\/uploads\/2015\/03\/flight1.jpg","contentUrl":"http:\/\/www.aupair-usa.net\/wp-content\/uploads\/2015\/03\/flight1.jpg"},{"@type":"BreadcrumbList","@id":"https:\/\/www.aupair-usa.net\/de\/voraussetzungen-au-pair-usa\/#breadcrumb","itemListElement":[{"@type":"ListItem","position":1,"name":"Startseite","item":"https:\/\/www.aupair-usa.net\/de\/"},{"@type":"ListItem","position":2,"name":"Voraussetzungen f\u00fcr Au Pairs in den USA"}]},{"@type":"WebSite","@id":"http:\/\/www.aupair-usa.net\/#website","url":"http:\/\/www.aupair-usa.net\/","name":"AuPair-USA.net","description":"","potentialAction":[{"@type":"SearchAction","target":{"@type":"EntryPoint","urlTemplate":"http:\/\/www.aupair-usa.net\/?s={search_term_string}"},"query-input":{"@type":"PropertyValueSpecification","valueRequired":true,"valueName":"search_term_string"}}],"inLanguage":"de"}]}},"_links":{"self":[{"href":"http:\/\/www.aupair-usa.net\/de\/wp-json\/wp\/v2\/pages\/6092","targetHints":{"allow":["GET"]}}],"collection":[{"href":"http:\/\/www.aupair-usa.net\/de\/wp-json\/wp\/v2\/pages"}],"about":[{"href":"http:\/\/www.aupair-usa.net\/de\/wp-json\/wp\/v2\/types\/page"}],"author":[{"embeddable":true,"href":"http:\/\/www.aupair-usa.net\/de\/wp-json\/wp\/v2\/users\/336"}],"replies":[{"embeddable":true,"href":"http:\/\/www.aupair-usa.net\/de\/wp-json\/wp\/v2\/comments?post=6092"}],"version-history":[{"count":10,"href":"http:\/\/www.aupair-usa.net\/de\/wp-json\/wp\/v2\/pages\/6092\/revisions"}],"predecessor-version":[{"id":6916,"href":"http:\/\/www.aupair-usa.net\/de\/wp-json\/wp\/v2\/pages\/6092\/revisions\/6916"}],"wp:attachment":[{"href":"http:\/\/www.aupair-usa.net\/de\/wp-json\/wp\/v2\/media?parent=6092"}],"curies":[{"name":"wp","href":"https:\/\/api.w.org\/{rel}","templated":true}]}}