{"id":6090,"date":"2015-04-07T09:53:23","date_gmt":"2015-04-07T07:53:23","guid":{"rendered":"http:\/\/www.aupair-usa.net\/?page_id=6090"},"modified":"2025-05-06T15:01:22","modified_gmt":"2025-05-06T13:01:22","slug":"au-pair-usa","status":"publish","type":"page","link":"http:\/\/www.aupair-usa.net\/de\/au-pair-usa\/","title":{"rendered":"Wieso sollte ich als Au Pair in die USA gehen?"},"content":{"rendered":"<p style=\"text-align: justify;\">Die Antwort ist ganz einfach: Du hast schon immer von einem Auslandsabenteuer getr\u00e4umt, m\u00f6chtest Menschen aus der ganzen Welt treffen und du k\u00fcmmerst dich sehr gerne um Kinder?<br \/>\nDann bewirb dich und <a href=\"https:\/\/www.aupair.com\/de\/p-au-pair-info.php\" target=\"_blank\" rel=\"noopener\">werde Au Pair in den USA<\/a>!<\/p>\n<p style=\"text-align: justify;\">Die USA sind ein riesiges Land mit einer gro\u00dfen Vielfalt an Menschen, vielseitigen Landschaften und einer abwechslungsreichen Kultur.<br \/>\nDu willst die ber\u00fchmten Wellen Kaliforniens surfen? New York erkunden, die Stadt die niemals schl\u00e4ft? Den Wilden Westen in Texas entdecken?<br \/>\nEgal f\u00fcr welche der zahlreichen M\u00f6glichkeiten du dich entscheidest, die Vereinigten Staaten von Amerika werden dir Erlebnisse bieten, die du dein ganzes Leben lang nicht mehr vergessen wirst.<\/p>\n<p style=\"text-align: justify;\">Auf den folgenden Seiten erf\u00e4hrst mehr zum Au Pair Programm in den USA.<\/p>\n<p><img loading=\"lazy\" decoding=\"async\" class=\"alignnone size-full wp-image-6339\" src=\"http:\/\/www.aupair-usa.net\/wp-content\/uploads\/2015\/03\/flag1.jpg\" alt=\"flag\" width=\"350\" height=\"234\" srcset=\"http:\/\/www.aupair-usa.net\/wp-content\/uploads\/2015\/03\/flag1.jpg 350w, http:\/\/www.aupair-usa.net\/wp-content\/uploads\/2015\/03\/flag1-300x201.jpg 300w, http:\/\/www.aupair-usa.net\/wp-content\/uploads\/2015\/03\/flag1-320x214.jpg 320w, http:\/\/www.aupair-usa.net\/wp-content\/uploads\/2015\/03\/flag1-239x160.jpg 239w\" sizes=\"auto, (max-width: 350px) 100vw, 350px\" \/><\/p>\n<p style=\"text-align: center;\"><a href=\"http:\/\/www.aupair-usa.net\/de\/voraussetzungen-au-pair-usa\/\">Voraussetzungen f\u00fcr Au Pairs in den USA<\/a><\/p>\n","protected":false},"excerpt":{"rendered":"<p>Die Antwort ist ganz einfach: Du hast schon immer von einem Auslandsabenteuer getr\u00e4umt, m\u00f6chtest Menschen aus der ganzen Welt treffen und du k\u00fcmmerst dich sehr gerne um Kinder? Dann bewirb dich und werde Au Pair in den USA! Die USA sind ein riesiges Land mit einer gro\u00dfen Vielfalt an Menschen, vielseitigen Landschaften und einer abwechslungsreichen &hellip; <a href=\"http:\/\/www.aupair-usa.net\/de\/au-pair-usa\/\" class=\"more-link\"><span class=\"screen-reader-text\">Wieso sollte ich als Au Pair in die USA gehen?<\/span> weiterlesen <span class=\"meta-nav\">&rarr;<\/span><\/a><\/p>\n","protected":false},"author":336,"featured_media":0,"parent":0,"menu_order":0,"comment_status":"closed","ping_status":"closed","template":"","meta":{"footnotes":""},"class_list":["post-6090","page","type-page","status-publish","hentry"],"yoast_head":"<!-- This site is optimized with the Yoast SEO plugin v23.9 - https:\/\/yoast.com\/wordpress\/plugins\/seo\/ -->\n<title>Wieso sollte ich als Au Pair in die USA gehen? - AuPair-USA.net<\/title>\n<meta name=\"robots\" content=\"index, follow, max-snippet:-1, max-image-preview:large, max-video-preview:-1\" \/>\n<link rel=\"canonical\" href=\"https:\/\/www.aupair-usa.net\/de\/au-pair-usa\/\" \/>\n<meta name=\"twitter:label1\" content=\"Gesch\u00e4tzte Lesezeit\" \/>\n\t<meta name=\"twitter:data1\" content=\"1\u00a0Minute\" \/>\n<script type=\"application\/ld+json\" class=\"yoast-schema-graph\">{\"@context\":\"https:\/\/schema.org\",\"@graph\":[{\"@type\":\"WebPage\",\"@id\":\"https:\/\/www.aupair-usa.net\/de\/au-pair-usa\/\",\"url\":\"https:\/\/www.aupair-usa.net\/de\/au-pair-usa\/\",\"name\":\"Wieso sollte ich als Au Pair in die USA gehen? - AuPair-USA.net\",\"isPartOf\":{\"@id\":\"http:\/\/www.aupair-usa.net\/#website\"},\"primaryImageOfPage\":{\"@id\":\"https:\/\/www.aupair-usa.net\/de\/au-pair-usa\/#primaryimage\"},\"image\":{\"@id\":\"https:\/\/www.aupair-usa.net\/de\/au-pair-usa\/#primaryimage\"},\"thumbnailUrl\":\"http:\/\/www.aupair-usa.net\/wp-content\/uploads\/2015\/03\/flag1.jpg\",\"datePublished\":\"2015-04-07T07:53:23+00:00\",\"dateModified\":\"2025-05-06T13:01:22+00:00\",\"breadcrumb\":{\"@id\":\"https:\/\/www.aupair-usa.net\/de\/au-pair-usa\/#breadcrumb\"},\"inLanguage\":\"de\",\"potentialAction\":[{\"@type\":\"ReadAction\",\"target\":[\"https:\/\/www.aupair-usa.net\/de\/au-pair-usa\/\"]}]},{\"@type\":\"ImageObject\",\"inLanguage\":\"de\",\"@id\":\"https:\/\/www.aupair-usa.net\/de\/au-pair-usa\/#primaryimage\",\"url\":\"http:\/\/www.aupair-usa.net\/wp-content\/uploads\/2015\/03\/flag1.jpg\",\"contentUrl\":\"http:\/\/www.aupair-usa.net\/wp-content\/uploads\/2015\/03\/flag1.jpg\"},{\"@type\":\"BreadcrumbList\",\"@id\":\"https:\/\/www.aupair-usa.net\/de\/au-pair-usa\/#breadcrumb\",\"itemListElement\":[{\"@type\":\"ListItem\",\"position\":1,\"name\":\"Startseite\",\"item\":\"https:\/\/www.aupair-usa.net\/de\/\"},{\"@type\":\"ListItem\",\"position\":2,\"name\":\"Wieso sollte ich als Au Pair in die USA gehen?\"}]},{\"@type\":\"WebSite\",\"@id\":\"http:\/\/www.aupair-usa.net\/#website\",\"url\":\"http:\/\/www.aupair-usa.net\/\",\"name\":\"AuPair-USA.net\",\"description\":\"\",\"potentialAction\":[{\"@type\":\"SearchAction\",\"target\":{\"@type\":\"EntryPoint\",\"urlTemplate\":\"http:\/\/www.aupair-usa.net\/?s={search_term_string}\"},\"query-input\":{\"@type\":\"PropertyValueSpecification\",\"valueRequired\":true,\"valueName\":\"search_term_string\"}}],\"inLanguage\":\"de\"}]}<\/script>\n<!-- \/ Yoast SEO plugin. -->","yoast_head_json":{"title":"Wieso sollte ich als Au Pair in die USA gehen? - AuPair-USA.net","robots":{"index":"index","follow":"follow","max-snippet":"max-snippet:-1","max-image-preview":"max-image-preview:large","max-video-preview":"max-video-preview:-1"},"canonical":"https:\/\/www.aupair-usa.net\/de\/au-pair-usa\/","twitter_misc":{"Gesch\u00e4tzte Lesezeit":"1\u00a0Minute"},"schema":{"@context":"https:\/\/schema.org","@graph":[{"@type":"WebPage","@id":"https:\/\/www.aupair-usa.net\/de\/au-pair-usa\/","url":"https:\/\/www.aupair-usa.net\/de\/au-pair-usa\/","name":"Wieso sollte ich als Au Pair in die USA gehen? - AuPair-USA.net","isPartOf":{"@id":"http:\/\/www.aupair-usa.net\/#website"},"primaryImageOfPage":{"@id":"https:\/\/www.aupair-usa.net\/de\/au-pair-usa\/#primaryimage"},"image":{"@id":"https:\/\/www.aupair-usa.net\/de\/au-pair-usa\/#primaryimage"},"thumbnailUrl":"http:\/\/www.aupair-usa.net\/wp-content\/uploads\/2015\/03\/flag1.jpg","datePublished":"2015-04-07T07:53:23+00:00","dateModified":"2025-05-06T13:01:22+00:00","breadcrumb":{"@id":"https:\/\/www.aupair-usa.net\/de\/au-pair-usa\/#breadcrumb"},"inLanguage":"de","potentialAction":[{"@type":"ReadAction","target":["https:\/\/www.aupair-usa.net\/de\/au-pair-usa\/"]}]},{"@type":"ImageObject","inLanguage":"de","@id":"https:\/\/www.aupair-usa.net\/de\/au-pair-usa\/#primaryimage","url":"http:\/\/www.aupair-usa.net\/wp-content\/uploads\/2015\/03\/flag1.jpg","contentUrl":"http:\/\/www.aupair-usa.net\/wp-content\/uploads\/2015\/03\/flag1.jpg"},{"@type":"BreadcrumbList","@id":"https:\/\/www.aupair-usa.net\/de\/au-pair-usa\/#breadcrumb","itemListElement":[{"@type":"ListItem","position":1,"name":"Startseite","item":"https:\/\/www.aupair-usa.net\/de\/"},{"@type":"ListItem","position":2,"name":"Wieso sollte ich als Au Pair in die USA gehen?"}]},{"@type":"WebSite","@id":"http:\/\/www.aupair-usa.net\/#website","url":"http:\/\/www.aupair-usa.net\/","name":"AuPair-USA.net","description":"","potentialAction":[{"@type":"SearchAction","target":{"@type":"EntryPoint","urlTemplate":"http:\/\/www.aupair-usa.net\/?s={search_term_string}"},"query-input":{"@type":"PropertyValueSpecification","valueRequired":true,"valueName":"search_term_string"}}],"inLanguage":"de"}]}},"_links":{"self":[{"href":"http:\/\/www.aupair-usa.net\/de\/wp-json\/wp\/v2\/pages\/6090","targetHints":{"allow":["GET"]}}],"collection":[{"href":"http:\/\/www.aupair-usa.net\/de\/wp-json\/wp\/v2\/pages"}],"about":[{"href":"http:\/\/www.aupair-usa.net\/de\/wp-json\/wp\/v2\/types\/page"}],"author":[{"embeddable":true,"href":"http:\/\/www.aupair-usa.net\/de\/wp-json\/wp\/v2\/users\/336"}],"replies":[{"embeddable":true,"href":"http:\/\/www.aupair-usa.net\/de\/wp-json\/wp\/v2\/comments?post=6090"}],"version-history":[{"count":8,"href":"http:\/\/www.aupair-usa.net\/de\/wp-json\/wp\/v2\/pages\/6090\/revisions"}],"predecessor-version":[{"id":6954,"href":"http:\/\/www.aupair-usa.net\/de\/wp-json\/wp\/v2\/pages\/6090\/revisions\/6954"}],"wp:attachment":[{"href":"http:\/\/www.aupair-usa.net\/de\/wp-json\/wp\/v2\/media?parent=6090"}],"curies":[{"name":"wp","href":"https:\/\/api.w.org\/{rel}","templated":true}]}}