{"id":6085,"date":"2015-04-07T09:49:33","date_gmt":"2015-04-07T07:49:33","guid":{"rendered":"http:\/\/www.aupair-usa.net\/?page_id=6085"},"modified":"2025-02-10T15:59:12","modified_gmt":"2025-02-10T13:59:12","slug":"au-pair-finden","status":"publish","type":"page","link":"http:\/\/www.aupair-usa.net\/de\/au-pair-finden\/","title":{"rendered":"Finden Sie ein Au Pair"},"content":{"rendered":"\n<p>Sie haben alle wichtigen Informationen gelesen und ziehen das <a href=\"https:\/\/www.aupair.com\/de\/p-au-pair-definition.php\" target=\"_blank\" rel=\"noreferrer noopener\">Au Pair Programm<\/a> als Kinderbetreuungsl\u00f6sung f\u00fcr Ihre Familie in Betracht? Im Folgenden finden Sie eine Schritt-f\u00fcr-Schritt-Anleitung, die Ihnen helfen wird, Teil der Au Pair Erfahrung zu werden. <\/p>\n\n\n\n<h3 class=\"wp-block-heading\">1. Registrieren Sie sich kostenlos auf AuPair.com und erstellen Sie Ihr Profil<\/h3>\n\n\n\n<p>Sie k\u00f6nnen sich auf AuPair.com <a href=\"https:\/\/www.aupair.com\/de\/p-familien-registrierung.php\" target=\"_blank\" rel=\"noreferrer noopener\">kostenlos registrieren<\/a>, um Ihr ideales Au Pair zu finden. Jeden Tag melden sich mehr als 600 neue Nutzer bei uns an, so dass Sie eine gro\u00dfe Auswahl haben werden. Um sich von den anderen Familien abzuheben, empfehlen wir Ihnen, Ihr Profil interessant und wettbewerbsf\u00e4hig zu gestalten.<\/p>\n\n\n\n<p>Ihre Vermittlungsagentur wird Ihnen einen Registrierungslink zusenden, um Ihr <a href=\"https:\/\/www.aupair.com\/de\/p-profil.php\" target=\"_blank\" rel=\"noreferrer noopener\">Profil<\/a> zu aktivieren.<\/p>\n\n\n\n<h3 class=\"wp-block-heading\">2. Suche nach einem potenziellen Au Pair<\/h3>\n\n\n\n<p>Sobald Ihr Profil aktiviert ist, k\u00f6nnen Sie sich Profile von Au Pairs ansehen und sie zu Ihren \u201eFavoriten\u201c hinzuf\u00fcgen. Auf diese Weise erstellen Sie eine selektive Liste von bevorzugten Nutzern und diese erhalten ebenfalls eine Benachrichtigung \u00fcber Ihr Interesse. Sie k\u00f6nnen auch eine <a href=\"https:\/\/www.aupair.com\/de\/p-nachrichtensystem-auf-aupair-com.php\" target=\"_blank\" rel=\"noreferrer noopener\">kostenlose Anfrage<\/a> an die besten Kandidaten senden. Die Au Pairs k\u00f6nnen Ihre Anfrage entweder annehmen oder ablehnen.\u00a0<\/p>\n\n\n\n<h3 class=\"wp-block-heading\">3. Werden Sie Premium-Mitglied!<\/h3>\n\n\n\n<p>\u00a0Wenn Sie mehrere Au Pair Profile gefunden haben, die Sie interessieren, werden Sie <a href=\"https:\/\/www.aupair.com\/de\/p-premium-mitgliedschaft-preise.php\" target=\"_blank\" rel=\"noreferrer noopener\">Premium Mitglied<\/a>. Mit einer Premium-Mitgliedschaft haben Sie die M\u00f6glichkeit, verschiedenen Au Pairs personalisierte Nachrichten zu schreiben, die Ihnen dann auch antworten k\u00f6nnen. Auf diese Weise lernen Sie sich gegenseitig besser kennen und k\u00f6nnen weitere Kontaktdaten austauschen. Versuchen Sie, 5-10 Au Pairs pro Tag zu kontaktieren, um den Matching-Prozess effizienter zu gestalten.<\/p>\n\n\n\n<h3 class=\"wp-block-heading\">4. Vereinbaren Sie ein Video-Interview<\/h3>\n\n\n\n<p>Nachdem Sie E-Mails mit Ihrem Au Pair ausgetauscht haben, k\u00f6nnen Sie einen Termin f\u00fcr ein Telefoninterview vereinbaren. Auf diese Weise k\u00f6nnen Sie sich besser kennenlernen und herausfinden, welches Au Pair am besten f\u00fcr Ihre Familie geeignet ist. Bereiten Sie das Telefoninterview im Voraus vor. \u00dcberlegen Sie sich, was Sie das Au Pair fragen wollen und notieren Sie sich gegebenenfalls die Themen, die Sie mit dem Au Pair besprechen wollen.<\/p>\n\n\n\n<p>Denken Sie daran, dass Ihr zuk\u00fcnftiges Au Pair und Sie eine zus\u00e4tzliche lokale Agentur kontaktieren m\u00fcssen, um ein Visum zu bekommen.<\/p>\n\n\n\n<h3 class=\"wp-block-heading\">5. Unterschreiben Sie den Au Pair Vertrag und erledigen Sie andere Formalit\u00e4ten<\/h3>\n\n\n\n<p>Wenn Sie und das Au Pair ein Match eingehen m\u00f6chten, k\u00f6nnen Sie den <a href=\"http:\/\/www.aupair-usa.net\/de\/au-pair-vertrag\/\">Au Pair Vertrag<\/a> unterschreiben. Der Au Pair Vertrag ist ein Dokument, das die wichtigsten Details der Zusammenarbeit zwischen einem Au Pair und einer Gastfamilie enth\u00e4lt. Er kann euch helfen, viele m\u00f6gliche Missverst\u00e4ndnisse und <a href=\"https:\/\/www.aupair.com\/de\/p-problem-loesen.php\" target=\"_blank\" rel=\"noreferrer noopener\">Probleme w\u00e4hrend des Au Pair Aufenthalts<\/a> zu vermeiden.<\/p>\n\n\n\n<h3 class=\"wp-block-heading\">6. Bereiten Sie sich auf die Ankunft Ihres Au Pairs vor<\/h3>\n\n\n\n<p>Wenn alle Formalit\u00e4ten erledigt sind und Ihr Au Pair ankommt, gibt es einige Dinge, die Sie im Voraus vorbereiten m\u00fcssen:<\/p>\n\n\n\n<ul class=\"wp-block-list\">\n<li><strong>Kinder<\/strong>:Es ist hilfreich, Ihren Kindern die Situation zu erkl\u00e4ren und \u00fcber das neue Au Pair zu sprechen. Das hilft ihnen, sich anzupassen und sich schneller mit dem Au Pair vertraut zu machen.<\/li>\n\n\n\n<li><strong>Au Pair Zimmer<\/strong>: Vergewissern Sie sich, dass das <a href=\"https:\/\/www.aupair.com\/de\/p-au-pair-zimmer.php\" target=\"_blank\" rel=\"noreferrer noopener\">Zimmer<\/a> den erforderlichen Anforderungen entspricht und angemessen eingerichtet ist.<\/li>\n\n\n\n<li><strong>Kontaktinformationen<\/strong>: Tauschen Sie die Kontaktdaten mit Ihrem Au Pair aus, einschlie\u00dflich Mobil- und Festnetznummer, Ihre Adresse und die Kontaktdaten der Eltern des Au Pairs. So ist sichergestellt, dass ihr euch im Falle von Versp\u00e4tungen oder Plan\u00e4nderungen gegenseitig erreichen k\u00f6nnt.<\/li>\n\n\n\n<li><strong>Zeitplan<\/strong>: Wir empfehlen, einen <a href=\"https:\/\/www.aupair.com\/de\/p-au-pair-arbeitsplan.php\" target=\"_blank\" rel=\"noreferrer noopener\">Tagesplan<\/a> zu erstellen, damit Ihr Au Pair einen typischen Tag in Ihrer Familie nachvollziehen kann. Dies wird ihnen auch helfen, ihre Freizeit zu planen und eventuell an Kursen oder Aktivit\u00e4ten teilzunehmen, um sich besser kennenzulernen.<\/li>\n<\/ul>\n\n\n\n<h3 class=\"wp-block-heading\">7. Treffen Sie Ihr Au Pair und genie\u00dfen Sie die Erfahrung<\/h3>\n\n\n\n<p>Machen Sie Ihr Au Pair mit Ihrer Familie und Ihrem Tagesablauf vertraut. Es kann ein paar Tage dauern, bis sich das Au Pair wohl f\u00fchlt und Vertrauen fasst. Seien Sie geduldig und verst\u00e4ndnisvoll, denn das Au Pair lebt bei einer fremden Familie in einem neuen Land, in dem die Sprache und die Kultur anders sein k\u00f6nnen.<\/p>\n\n\n\n<p>Um ihnen zu helfen, sich schneller anzupassen, empfehlen wir, die folgenden Punkte mit Ihrem Au Pair zu Beginn des Aufenthalts zu besprechen:<\/p>\n\n\n\n<ul class=\"wp-block-list\">\n<li><strong>W\u00f6chentlicher Zeitplan<\/strong>: Kl\u00e4ren Sie, was Sie von Ihrem Au Pair erwarten und wann.<\/li>\n\n\n\n<li><strong>Hausregeln<\/strong>: Legen Sie die Erwartungen an das Verhalten und die Verantwortlichkeiten fest.<\/li>\n\n\n\n<li><strong>Nutzung von Internet und Telefon<\/strong>: Legen Sie Grenzen und Richtlinien fest.<\/li>\n\n\n\n<li><strong>Sprachkurs<\/strong>: Besprechen Sie die M\u00f6glichkeiten des Spracherwerbs, da dies eine Voraussetzung f\u00fcr das Programm ist.<\/li>\n\n\n\n<li><strong>Finanzielle Angelegenheiten<\/strong>: Besprechen Sie alle finanziellen Vereinbarungen.<\/li>\n\n\n\n<li><strong>Bankkonto<\/strong>: Richten Sie alle notwendigen Bankverbindungen ein.<\/li>\n\n\n\n<li><strong>Notfallma\u00dfnahmen<\/strong>: Besprechen Sie, was in einem Notfall zu tun ist.<\/li>\n<\/ul>\n\n\n\n<p>Achten Sie darauf, dass Sie diese Gespr\u00e4che in einer freundlichen Art und Weise f\u00fchren, so dass sich Ihr Au Pair wohl f\u00fchlt Ihnen alles zu erz\u00e4hlen.<\/p>\n\n\n\n<p>Wir w\u00fcnschen Ihnen eine tolle Erfahrung!<\/p>\n\n\n<p>Finden Sie hier Informationen zum Thema <a href=\"http:\/\/www.aupairvermittlung.de\" target=\"_blank\" rel=\"noopener\">Gastfamilie<\/a> und <a href=\"http:\/\/www.aupairvermittlung.de\" target=\"_blank\" rel=\"noopener\">Au Pair<\/a> in anderen L\u00e4ndern.<\/p>","protected":false},"excerpt":{"rendered":"<p>Sie haben alle wichtigen Informationen gelesen und ziehen das Au Pair Programm als Kinderbetreuungsl\u00f6sung f\u00fcr Ihre Familie in Betracht? Im Folgenden finden Sie eine Schritt-f\u00fcr-Schritt-Anleitung, die Ihnen helfen wird, Teil der Au Pair Erfahrung zu werden. 1. Registrieren Sie sich kostenlos auf AuPair.com und erstellen Sie Ihr Profil Sie k\u00f6nnen sich auf AuPair.com kostenlos registrieren, &hellip; <a href=\"http:\/\/www.aupair-usa.net\/de\/au-pair-finden\/\" class=\"more-link\"><span class=\"screen-reader-text\">Finden Sie ein Au Pair<\/span> weiterlesen <span class=\"meta-nav\">&rarr;<\/span><\/a><\/p>\n","protected":false},"author":336,"featured_media":0,"parent":0,"menu_order":0,"comment_status":"closed","ping_status":"closed","template":"","meta":{"footnotes":""},"class_list":["post-6085","page","type-page","status-publish","hentry"],"yoast_head":"<!-- This site is optimized with the Yoast SEO plugin v23.9 - https:\/\/yoast.com\/wordpress\/plugins\/seo\/ -->\n<title>Finden Sie ein Au Pair<\/title>\n<meta name=\"description\" content=\"Sie denken dar\u00fcber nach, ein Au Pair einzustellen? In diesem Leitfaden erfahren Sie Schritt f\u00fcr Schritt, was Sie tun m\u00fcssen, um Ihr Au Pair zu finden!\" \/>\n<meta name=\"robots\" content=\"index, follow, max-snippet:-1, max-image-preview:large, max-video-preview:-1\" \/>\n<link rel=\"canonical\" href=\"https:\/\/www.aupair-usa.net\/de\/au-pair-finden\/\" \/>\n<meta name=\"twitter:label1\" content=\"Gesch\u00e4tzte Lesezeit\" \/>\n\t<meta name=\"twitter:data1\" content=\"4\u00a0Minuten\" \/>\n<script type=\"application\/ld+json\" class=\"yoast-schema-graph\">{\"@context\":\"https:\/\/schema.org\",\"@graph\":[{\"@type\":\"WebPage\",\"@id\":\"https:\/\/www.aupair-usa.net\/de\/au-pair-finden\/\",\"url\":\"https:\/\/www.aupair-usa.net\/de\/au-pair-finden\/\",\"name\":\"Finden Sie ein Au Pair\",\"isPartOf\":{\"@id\":\"http:\/\/www.aupair-usa.net\/#website\"},\"datePublished\":\"2015-04-07T07:49:33+00:00\",\"dateModified\":\"2025-02-10T13:59:12+00:00\",\"description\":\"Sie denken dar\u00fcber nach, ein Au Pair einzustellen? In diesem Leitfaden erfahren Sie Schritt f\u00fcr Schritt, was Sie tun m\u00fcssen, um Ihr Au Pair zu finden!\",\"breadcrumb\":{\"@id\":\"https:\/\/www.aupair-usa.net\/de\/au-pair-finden\/#breadcrumb\"},\"inLanguage\":\"de\",\"potentialAction\":[{\"@type\":\"ReadAction\",\"target\":[\"https:\/\/www.aupair-usa.net\/de\/au-pair-finden\/\"]}]},{\"@type\":\"BreadcrumbList\",\"@id\":\"https:\/\/www.aupair-usa.net\/de\/au-pair-finden\/#breadcrumb\",\"itemListElement\":[{\"@type\":\"ListItem\",\"position\":1,\"name\":\"Startseite\",\"item\":\"https:\/\/www.aupair-usa.net\/de\/\"},{\"@type\":\"ListItem\",\"position\":2,\"name\":\"Finden Sie ein Au Pair\"}]},{\"@type\":\"WebSite\",\"@id\":\"http:\/\/www.aupair-usa.net\/#website\",\"url\":\"http:\/\/www.aupair-usa.net\/\",\"name\":\"AuPair-USA.net\",\"description\":\"\",\"potentialAction\":[{\"@type\":\"SearchAction\",\"target\":{\"@type\":\"EntryPoint\",\"urlTemplate\":\"http:\/\/www.aupair-usa.net\/?s={search_term_string}\"},\"query-input\":{\"@type\":\"PropertyValueSpecification\",\"valueRequired\":true,\"valueName\":\"search_term_string\"}}],\"inLanguage\":\"de\"}]}<\/script>\n<!-- \/ Yoast SEO plugin. -->","yoast_head_json":{"title":"Finden Sie ein Au Pair","description":"Sie denken dar\u00fcber nach, ein Au Pair einzustellen? In diesem Leitfaden erfahren Sie Schritt f\u00fcr Schritt, was Sie tun m\u00fcssen, um Ihr Au Pair zu finden!","robots":{"index":"index","follow":"follow","max-snippet":"max-snippet:-1","max-image-preview":"max-image-preview:large","max-video-preview":"max-video-preview:-1"},"canonical":"https:\/\/www.aupair-usa.net\/de\/au-pair-finden\/","twitter_misc":{"Gesch\u00e4tzte Lesezeit":"4\u00a0Minuten"},"schema":{"@context":"https:\/\/schema.org","@graph":[{"@type":"WebPage","@id":"https:\/\/www.aupair-usa.net\/de\/au-pair-finden\/","url":"https:\/\/www.aupair-usa.net\/de\/au-pair-finden\/","name":"Finden Sie ein Au Pair","isPartOf":{"@id":"http:\/\/www.aupair-usa.net\/#website"},"datePublished":"2015-04-07T07:49:33+00:00","dateModified":"2025-02-10T13:59:12+00:00","description":"Sie denken dar\u00fcber nach, ein Au Pair einzustellen? In diesem Leitfaden erfahren Sie Schritt f\u00fcr Schritt, was Sie tun m\u00fcssen, um Ihr Au Pair zu finden!","breadcrumb":{"@id":"https:\/\/www.aupair-usa.net\/de\/au-pair-finden\/#breadcrumb"},"inLanguage":"de","potentialAction":[{"@type":"ReadAction","target":["https:\/\/www.aupair-usa.net\/de\/au-pair-finden\/"]}]},{"@type":"BreadcrumbList","@id":"https:\/\/www.aupair-usa.net\/de\/au-pair-finden\/#breadcrumb","itemListElement":[{"@type":"ListItem","position":1,"name":"Startseite","item":"https:\/\/www.aupair-usa.net\/de\/"},{"@type":"ListItem","position":2,"name":"Finden Sie ein Au Pair"}]},{"@type":"WebSite","@id":"http:\/\/www.aupair-usa.net\/#website","url":"http:\/\/www.aupair-usa.net\/","name":"AuPair-USA.net","description":"","potentialAction":[{"@type":"SearchAction","target":{"@type":"EntryPoint","urlTemplate":"http:\/\/www.aupair-usa.net\/?s={search_term_string}"},"query-input":{"@type":"PropertyValueSpecification","valueRequired":true,"valueName":"search_term_string"}}],"inLanguage":"de"}]}},"_links":{"self":[{"href":"http:\/\/www.aupair-usa.net\/de\/wp-json\/wp\/v2\/pages\/6085","targetHints":{"allow":["GET"]}}],"collection":[{"href":"http:\/\/www.aupair-usa.net\/de\/wp-json\/wp\/v2\/pages"}],"about":[{"href":"http:\/\/www.aupair-usa.net\/de\/wp-json\/wp\/v2\/types\/page"}],"author":[{"embeddable":true,"href":"http:\/\/www.aupair-usa.net\/de\/wp-json\/wp\/v2\/users\/336"}],"replies":[{"embeddable":true,"href":"http:\/\/www.aupair-usa.net\/de\/wp-json\/wp\/v2\/comments?post=6085"}],"version-history":[{"count":10,"href":"http:\/\/www.aupair-usa.net\/de\/wp-json\/wp\/v2\/pages\/6085\/revisions"}],"predecessor-version":[{"id":6929,"href":"http:\/\/www.aupair-usa.net\/de\/wp-json\/wp\/v2\/pages\/6085\/revisions\/6929"}],"wp:attachment":[{"href":"http:\/\/www.aupair-usa.net\/de\/wp-json\/wp\/v2\/media?parent=6085"}],"curies":[{"name":"wp","href":"https:\/\/api.w.org\/{rel}","templated":true}]}}