{"id":6070,"date":"2015-04-07T09:44:11","date_gmt":"2015-04-07T07:44:11","guid":{"rendered":"http:\/\/www.aupair-usa.net\/?page_id=6070"},"modified":"2025-05-06T12:59:43","modified_gmt":"2025-05-06T10:59:43","slug":"wieso-au-pair-aufnehmen","status":"publish","type":"page","link":"http:\/\/www.aupair-usa.net\/de\/wieso-au-pair-aufnehmen\/","title":{"rendered":"Wieso sollten wir ein Au Pair bei uns aufnehmen?"},"content":{"rendered":"<p style=\"text-align: justify;\">Es gibt viele Gr\u00fcnde, warum das <a href=\"https:\/\/www.aupair.com\/de\/p-was-heisst-au-pair-oder-gastfamilie.php\" target=\"_blank\" rel=\"noopener\">Au Pair Programm<\/a> rund um den Globus so viel Aufmerksamkeit auf sich zieht. Jeden Tag entscheiden sich mehr und mehr Familien dazu ein Au Pair bei sich zu Hause aufzunehmen. Besonders das <a href=\"http:\/\/www.aupair.net\/de\/usa\/\" target=\"_blank\" rel=\"noopener\">Au Pair Programm in den USA<\/a> ist f\u00fcr viele Gastfamilien und Au Pairs interessant! Sie fragen sich noch wieso Sie ein Au Pair aufnehmen sollten?<\/p>\n<p style=\"text-align: justify;\">\n<img loading=\"lazy\" decoding=\"async\" class=\" size-full wp-image-6334 alignleft\" src=\"http:\/\/www.aupair-usa.net\/wp-content\/uploads\/2015\/03\/au_pairs_usa1.jpg\" alt=\"au_pairs_usa\" width=\"320\" height=\"243\" srcset=\"http:\/\/www.aupair-usa.net\/wp-content\/uploads\/2015\/03\/au_pairs_usa1.jpg 320w, http:\/\/www.aupair-usa.net\/wp-content\/uploads\/2015\/03\/au_pairs_usa1-300x228.jpg 300w, http:\/\/www.aupair-usa.net\/wp-content\/uploads\/2015\/03\/au_pairs_usa1-239x181.jpg 239w\" sizes=\"auto, (max-width: 320px) 100vw, 320px\" \/>Es gibt zahlreiche Gr\u00fcnde, die f\u00fcr eine Aufnahme sprechen. Zu allererst ist das Au Pair Programm eine bezahlbare und gute L\u00f6sung f\u00fcr die Kinderbetreuung und ist um einiges g\u00fcnstiger als vergleichbare Optionen. Au\u00dferdem ist es sch\u00f6n, dass das Au Pair als vertrauensw\u00fcrdiges, zus\u00e4tzliches Familienmitglied im eigenen Haus wohnt. Man erh\u00e4lt die M\u00f6glichkeit, viele wertvolle Erfahrungen und Ansichten mit jemandem aus einem anderen Kulturkreis zu teilen. Die Kinder k\u00f6nnen in einem multikulturellen Umfeld aufwachsen und sich eine global gepr\u00e4gte Weltansicht aneignen! Sie k\u00f6nnen viel \u00fcber die Kultur des Au Pairs lernen, befassen sich mit anderen Norm- und Wertvorstellungen und k\u00f6nnen sogar eine weitere Sprache dazu lernen.<\/p>\n<p style=\"text-align: justify;\">\nAls Eltern wissen Sie, dass kein Tag wie der andere ist und man manchmal sehr flexibel sein muss um den Alltag zu bew\u00e4ltigen &#8211; ein Au Pair kann in solchen F\u00e4llen eine sehr gro\u00dfe Hilfe sein, da man gemeinsam einen Wochenplan erstellen kann. Das Au Pair Programm in den USA schreibt vor, dass das Au Pair bis zu 45 Stunden in der Woche arbeiten darf, maximal 10 Stunden am Tag. Diese Anzahl an Stunden k\u00f6nnen Sie flexibel in Absprache mit dem Au Pair verteilen um den Alltag unkomplizierter zu gestalten.<\/p>\n<p style=\"text-align: center;\"><a href=\"http:\/\/www.aupair-usa.net\/de\/voraussetzungen-gastfamilien-usa\/\">Voraussetzungen f\u00fcr Gastfamilien in den USA<\/a><\/p>\n","protected":false},"excerpt":{"rendered":"<p>Es gibt viele Gr\u00fcnde, warum das Au Pair Programm rund um den Globus so viel Aufmerksamkeit auf sich zieht. Jeden Tag entscheiden sich mehr und mehr Familien dazu ein Au Pair bei sich zu Hause aufzunehmen. Besonders das Au Pair Programm in den USA ist f\u00fcr viele Gastfamilien und Au Pairs interessant! Sie fragen sich &hellip; <a href=\"http:\/\/www.aupair-usa.net\/de\/wieso-au-pair-aufnehmen\/\" class=\"more-link\"><span class=\"screen-reader-text\">Wieso sollten wir ein Au Pair bei uns aufnehmen?<\/span> weiterlesen <span class=\"meta-nav\">&rarr;<\/span><\/a><\/p>\n","protected":false},"author":336,"featured_media":0,"parent":0,"menu_order":0,"comment_status":"closed","ping_status":"closed","template":"","meta":{"footnotes":""},"class_list":["post-6070","page","type-page","status-publish","hentry"],"yoast_head":"<!-- This site is optimized with the Yoast SEO plugin v23.9 - https:\/\/yoast.com\/wordpress\/plugins\/seo\/ -->\n<title>Wieso sollten wir ein Au Pair bei uns aufnehmen?<\/title>\n<meta name=\"description\" content=\"Sie m\u00f6chten gerne Gastfamilie werden und stellen sich noch die Frage, wieso Sie ein Au Pair aufnehmen sollten? Erfahren Sie hier mehr.\" \/>\n<meta name=\"robots\" content=\"index, follow, max-snippet:-1, max-image-preview:large, max-video-preview:-1\" \/>\n<link rel=\"canonical\" href=\"https:\/\/www.aupair-usa.net\/de\/wieso-au-pair-aufnehmen\/\" \/>\n<meta name=\"twitter:label1\" content=\"Gesch\u00e4tzte Lesezeit\" \/>\n\t<meta name=\"twitter:data1\" content=\"2\u00a0Minuten\" \/>\n<script type=\"application\/ld+json\" class=\"yoast-schema-graph\">{\"@context\":\"https:\/\/schema.org\",\"@graph\":[{\"@type\":\"WebPage\",\"@id\":\"https:\/\/www.aupair-usa.net\/de\/wieso-au-pair-aufnehmen\/\",\"url\":\"https:\/\/www.aupair-usa.net\/de\/wieso-au-pair-aufnehmen\/\",\"name\":\"Wieso sollten wir ein Au Pair bei uns aufnehmen?\",\"isPartOf\":{\"@id\":\"http:\/\/www.aupair-usa.net\/#website\"},\"primaryImageOfPage\":{\"@id\":\"https:\/\/www.aupair-usa.net\/de\/wieso-au-pair-aufnehmen\/#primaryimage\"},\"image\":{\"@id\":\"https:\/\/www.aupair-usa.net\/de\/wieso-au-pair-aufnehmen\/#primaryimage\"},\"thumbnailUrl\":\"http:\/\/www.aupair-usa.net\/wp-content\/uploads\/2015\/03\/au_pairs_usa1.jpg\",\"datePublished\":\"2015-04-07T07:44:11+00:00\",\"dateModified\":\"2025-05-06T10:59:43+00:00\",\"description\":\"Sie m\u00f6chten gerne Gastfamilie werden und stellen sich noch die Frage, wieso Sie ein Au Pair aufnehmen sollten? Erfahren Sie hier mehr.\",\"breadcrumb\":{\"@id\":\"https:\/\/www.aupair-usa.net\/de\/wieso-au-pair-aufnehmen\/#breadcrumb\"},\"inLanguage\":\"de\",\"potentialAction\":[{\"@type\":\"ReadAction\",\"target\":[\"https:\/\/www.aupair-usa.net\/de\/wieso-au-pair-aufnehmen\/\"]}]},{\"@type\":\"ImageObject\",\"inLanguage\":\"de\",\"@id\":\"https:\/\/www.aupair-usa.net\/de\/wieso-au-pair-aufnehmen\/#primaryimage\",\"url\":\"http:\/\/www.aupair-usa.net\/wp-content\/uploads\/2015\/03\/au_pairs_usa1.jpg\",\"contentUrl\":\"http:\/\/www.aupair-usa.net\/wp-content\/uploads\/2015\/03\/au_pairs_usa1.jpg\"},{\"@type\":\"BreadcrumbList\",\"@id\":\"https:\/\/www.aupair-usa.net\/de\/wieso-au-pair-aufnehmen\/#breadcrumb\",\"itemListElement\":[{\"@type\":\"ListItem\",\"position\":1,\"name\":\"Startseite\",\"item\":\"https:\/\/www.aupair-usa.net\/de\/\"},{\"@type\":\"ListItem\",\"position\":2,\"name\":\"Wieso sollten wir ein Au Pair bei uns aufnehmen?\"}]},{\"@type\":\"WebSite\",\"@id\":\"http:\/\/www.aupair-usa.net\/#website\",\"url\":\"http:\/\/www.aupair-usa.net\/\",\"name\":\"AuPair-USA.net\",\"description\":\"\",\"potentialAction\":[{\"@type\":\"SearchAction\",\"target\":{\"@type\":\"EntryPoint\",\"urlTemplate\":\"http:\/\/www.aupair-usa.net\/?s={search_term_string}\"},\"query-input\":{\"@type\":\"PropertyValueSpecification\",\"valueRequired\":true,\"valueName\":\"search_term_string\"}}],\"inLanguage\":\"de\"}]}<\/script>\n<!-- \/ Yoast SEO plugin. -->","yoast_head_json":{"title":"Wieso sollten wir ein Au Pair bei uns aufnehmen?","description":"Sie m\u00f6chten gerne Gastfamilie werden und stellen sich noch die Frage, wieso Sie ein Au Pair aufnehmen sollten? Erfahren Sie hier mehr.","robots":{"index":"index","follow":"follow","max-snippet":"max-snippet:-1","max-image-preview":"max-image-preview:large","max-video-preview":"max-video-preview:-1"},"canonical":"https:\/\/www.aupair-usa.net\/de\/wieso-au-pair-aufnehmen\/","twitter_misc":{"Gesch\u00e4tzte Lesezeit":"2\u00a0Minuten"},"schema":{"@context":"https:\/\/schema.org","@graph":[{"@type":"WebPage","@id":"https:\/\/www.aupair-usa.net\/de\/wieso-au-pair-aufnehmen\/","url":"https:\/\/www.aupair-usa.net\/de\/wieso-au-pair-aufnehmen\/","name":"Wieso sollten wir ein Au Pair bei uns aufnehmen?","isPartOf":{"@id":"http:\/\/www.aupair-usa.net\/#website"},"primaryImageOfPage":{"@id":"https:\/\/www.aupair-usa.net\/de\/wieso-au-pair-aufnehmen\/#primaryimage"},"image":{"@id":"https:\/\/www.aupair-usa.net\/de\/wieso-au-pair-aufnehmen\/#primaryimage"},"thumbnailUrl":"http:\/\/www.aupair-usa.net\/wp-content\/uploads\/2015\/03\/au_pairs_usa1.jpg","datePublished":"2015-04-07T07:44:11+00:00","dateModified":"2025-05-06T10:59:43+00:00","description":"Sie m\u00f6chten gerne Gastfamilie werden und stellen sich noch die Frage, wieso Sie ein Au Pair aufnehmen sollten? Erfahren Sie hier mehr.","breadcrumb":{"@id":"https:\/\/www.aupair-usa.net\/de\/wieso-au-pair-aufnehmen\/#breadcrumb"},"inLanguage":"de","potentialAction":[{"@type":"ReadAction","target":["https:\/\/www.aupair-usa.net\/de\/wieso-au-pair-aufnehmen\/"]}]},{"@type":"ImageObject","inLanguage":"de","@id":"https:\/\/www.aupair-usa.net\/de\/wieso-au-pair-aufnehmen\/#primaryimage","url":"http:\/\/www.aupair-usa.net\/wp-content\/uploads\/2015\/03\/au_pairs_usa1.jpg","contentUrl":"http:\/\/www.aupair-usa.net\/wp-content\/uploads\/2015\/03\/au_pairs_usa1.jpg"},{"@type":"BreadcrumbList","@id":"https:\/\/www.aupair-usa.net\/de\/wieso-au-pair-aufnehmen\/#breadcrumb","itemListElement":[{"@type":"ListItem","position":1,"name":"Startseite","item":"https:\/\/www.aupair-usa.net\/de\/"},{"@type":"ListItem","position":2,"name":"Wieso sollten wir ein Au Pair bei uns aufnehmen?"}]},{"@type":"WebSite","@id":"http:\/\/www.aupair-usa.net\/#website","url":"http:\/\/www.aupair-usa.net\/","name":"AuPair-USA.net","description":"","potentialAction":[{"@type":"SearchAction","target":{"@type":"EntryPoint","urlTemplate":"http:\/\/www.aupair-usa.net\/?s={search_term_string}"},"query-input":{"@type":"PropertyValueSpecification","valueRequired":true,"valueName":"search_term_string"}}],"inLanguage":"de"}]}},"_links":{"self":[{"href":"http:\/\/www.aupair-usa.net\/de\/wp-json\/wp\/v2\/pages\/6070","targetHints":{"allow":["GET"]}}],"collection":[{"href":"http:\/\/www.aupair-usa.net\/de\/wp-json\/wp\/v2\/pages"}],"about":[{"href":"http:\/\/www.aupair-usa.net\/de\/wp-json\/wp\/v2\/types\/page"}],"author":[{"embeddable":true,"href":"http:\/\/www.aupair-usa.net\/de\/wp-json\/wp\/v2\/users\/336"}],"replies":[{"embeddable":true,"href":"http:\/\/www.aupair-usa.net\/de\/wp-json\/wp\/v2\/comments?post=6070"}],"version-history":[{"count":9,"href":"http:\/\/www.aupair-usa.net\/de\/wp-json\/wp\/v2\/pages\/6070\/revisions"}],"predecessor-version":[{"id":6952,"href":"http:\/\/www.aupair-usa.net\/de\/wp-json\/wp\/v2\/pages\/6070\/revisions\/6952"}],"wp:attachment":[{"href":"http:\/\/www.aupair-usa.net\/de\/wp-json\/wp\/v2\/media?parent=6070"}],"curies":[{"name":"wp","href":"https:\/\/api.w.org\/{rel}","templated":true}]}}