{"id":6066,"date":"2015-04-07T09:43:33","date_gmt":"2015-04-07T07:43:33","guid":{"rendered":"http:\/\/www.aupair-usa.net\/?page_id=6066"},"modified":"2025-01-10T11:53:59","modified_gmt":"2025-01-10T09:53:59","slug":"au-pair-guide","status":"publish","type":"page","link":"http:\/\/www.aupair-usa.net\/de\/au-pair-guide\/","title":{"rendered":"Au Pair &#8211; Guide"},"content":{"rendered":"\n<p>Au Pair zu werden ist eine aufregende Gelegenheit zu reisen, eine neue Kultur kennenzulernen und einen positiven Einfluss auf das Leben einer Familie zu nehmen. Wenn du dar\u00fcber nachdenkst, dich auf diese Reise zu begeben, wird dich dieser Au Pair Leitfaden durch einige der wichtigsten Schritte f\u00fchren. Lasst uns eintauchen!<\/p>\n\n\n<h2 style=\"text-align: center;\">Die Agentur<\/h2>\n<p>Wenn man als Au Pair in die USA gehen m\u00f6chte braucht man eine zus\u00e4tzliche lokale Au Pair Agentur, die von der US-Regierung anerkannt ist. Nur zugelassene Agenturen k\u00f6nnen dir ein J-1 Visum ausstellen. Weitere Infos findest du hier <a href=\"http:\/\/www.aupair-usa.net\/de\/aupair-com\/\">&gt;&gt;&gt;<\/a><\/p>\n<p><img loading=\"lazy\" decoding=\"async\" class=\"size-full wp-image-6379 aligncenter\" src=\"http:\/\/www.aupair-usa.net\/wp-content\/uploads\/2015\/04\/aupair.com_.jpg\" alt=\"aupair.com\" width=\"200\" height=\"133\" \/><\/p>\n<h2 style=\"text-align: center;\">Kosten f\u00fcr einen Au Pair Aufenthalt in den USA<\/h2>\n<p>Nat\u00fcrlich ist ein Au Pair Aufenthalt auch mit gewissen Kosten verbunden. Hier findest du dazu weitere Infos,\u00a0 damit du dein Budget entsprechend planen kannst<a href=\"http:\/\/www.aupair-usa.net\/de\/kosten-au-pair-aufenthalt\/\">&gt;&gt;&gt;<\/a><\/p>\n<h2 style=\"text-align: center;\">Interview und Matching<\/h2>\n<p>Der Matching Prozess ist ein wichtiger Teil des Au Pair Abenteuers. Die Interviews sind daf\u00fcr da eine Familie zu finden, die zu deinen F\u00e4higkeiten und deiner Pers\u00f6nlichkeit passt. Hier findest du alle wichtigen Informationen f\u00fcr die Vorbereitung auf diese Phase des Prozesses <a href=\"http:\/\/www.aupair-usa.net\/de\/interview-matching\/\">&gt;&gt;&gt;<\/a><\/p>\n<p><img loading=\"lazy\" decoding=\"async\" class=\"aligncenter wp-image-6378 size-full\" src=\"http:\/\/www.aupair-usa.net\/wp-content\/uploads\/2015\/04\/statue_of_liberty.jpg\" alt=\"au pair guide usa\" width=\"200\" height=\"133\" \/><\/p>\n<h2 style=\"text-align: center;\">J-1 visa<\/h2>\n<p>Das J-1 Visum ist f\u00fcr jeden erforderlich, der als Als Au Pair in den USA arbeiten m\u00f6chte. Alle wichtigen Informationen \u00fcber das Visum sowie die Beantragung findest du hier <a href=\"http:\/\/www.aupair-usa.net\/de\/j-1-visum\/\">&gt;&gt;&gt;<\/a><\/p>\n<h2 style=\"text-align: center;\">Packliste<\/h2>\n<p>Das Packen f\u00fcr dein Au Pair Abenteuer kann knifflig sein, da man eine gute Balance zwischen pers\u00f6nlichen Dingen und den unbedingt Notwendigen Dingen finden muss. Mehr \u00fcber Dinge, die du unbedingt mitnehmen solltest und solche die du zu Hause lassen kannst findest du hier <a href=\"http:\/\/www.aupair-usa.net\/de\/packliste\/\">&gt;&gt;&gt;<\/a><\/p>\n<p><img loading=\"lazy\" decoding=\"async\" class=\"size-full wp-image-6388 aligncenter\" src=\"http:\/\/www.aupair-usa.net\/wp-content\/uploads\/2015\/04\/packing.jpg\" alt=\"packing\" width=\"200\" height=\"133\" \/><\/p>\n<h2 style=\"text-align: center;\">Geschenke f\u00fcr deine Gastfamilie<\/h2>\n<p>Als Zeichen der Wertsch\u00e4tzung ist es \u00fcblich der Gastfamilie ein kleines Geschenk mitzubringen. Diese Geste kann viel dazu beitragen, die Beziehung auf positive Weise zu starten. Ist gar nicht so leicht die richtigen Geschenke f\u00fcr deine Gastfamilie zu finden? N\u00fctzliche Tipps findest du hier <a href=\"http:\/\/www.aupair-usa.net\/de\/gastfamilien-geschenke\/\">&gt;&gt;&gt;<\/a><\/p>\n<h2 style=\"text-align: center;\">Abflug und Ankunft bei der Gastfamilie<\/h2>\n<p>Sobald dein Match best\u00e4tigt ist, ist es an der Zeit den Flug ins Gastland zu buchen. Es wird ernst?! Dann findest du hier weitere Infos <a href=\"http:\/\/www.aupair-usa.net\/de\/ablflug\/\">&gt;&gt;&gt;<\/a><\/p>\n<p><img loading=\"lazy\" decoding=\"async\" class=\"size-full wp-image-6342 aligncenter\" src=\"http:\/\/www.aupair-usa.net\/wp-content\/uploads\/2015\/03\/flight1.jpg\" alt=\"flight\" width=\"200\" height=\"133\" \/><\/p>\n<h2 style=\"text-align: center;\">Der Au Pair Vertrag<\/h2>\n<p>Der Au Pair Vertrag ist ein wichtiges Dokument, geh\u00f6rt zu jedem Au Pair Aufenthalt dazu und sollte nicht vernachl\u00e4ssigt werden <a href=\"http:\/\/www.aupair-usa.net\/de\/vertrag\/\">&gt;&gt;&gt;<\/a><\/p>\n<h2 style=\"text-align: center;\">Die ersten Tage in der USA<\/h2>\n<p>&#8230;k\u00f6nnen sehr, sehr aufregend und \u00fcberw\u00e4ltigend sein. Man muss sich an eine neue Kultur, eine neue Umgebung und einen neuen Tagesablauf gew\u00f6hnen. Es ist auch v\u00f6llig normal Heimweh zu haben, aber es gibt M\u00f6glichkeiten, den \u00dcbergang zu erleichtern. Hier findest du einen kleinen Guide zur Unterst\u00fctzung! <a href=\"http:\/\/www.aupair-usa.net\/de\/ersten-tage\/\">&gt;&gt;&gt;<\/a><\/p>\n<p><img loading=\"lazy\" decoding=\"async\" class=\"size-full wp-image-6320 aligncenter\" src=\"http:\/\/www.aupair-usa.net\/wp-content\/uploads\/2015\/03\/living.jpg\" alt=\"living\" width=\"200\" height=\"133\" \/><\/p>\n<h2 style=\"text-align: center;\">Kurse und Sprachschule<\/h2>\n<p>Als Teil des kulturellen Austauschprogramms m\u00fcssen Au Pairs in den USA Bildungskurse besuchen und so eine gewisse Anzahl von Credits sammeln. Hier findest alle wichtigen Infos dazu <a href=\"http:\/\/www.aupair-usa.net\/de\/kurse-sprachunterricht\/\">&gt;&gt;&gt;<\/a><\/p>\n\n\n<p>Ein Au Pair zu werden ist eine gro\u00dfe Entscheidung, aber mit der richtigen Vorbereitung kann es eine unglaublich lohnende Erfahrung sein. Dieser Leitfaden soll dir helfen, den Prozess von Anfang bis Ende zu bew\u00e4ltigen. Und denk daran: Jeder Schritt bringt dich einem unvergesslichen Abenteuer in einem neuen Land ein bisschen n\u00e4her. Gute Reise!<\/p>\n","protected":false},"excerpt":{"rendered":"<p>Au Pair zu werden ist eine aufregende Gelegenheit zu reisen, eine neue Kultur kennenzulernen und einen positiven Einfluss auf das Leben einer Familie zu nehmen. Wenn du dar\u00fcber nachdenkst, dich auf diese Reise zu begeben, wird dich dieser Au Pair Leitfaden durch einige der wichtigsten Schritte f\u00fchren. Lasst uns eintauchen! Die Agentur Wenn man als &hellip; <a href=\"http:\/\/www.aupair-usa.net\/de\/au-pair-guide\/\" class=\"more-link\"><span class=\"screen-reader-text\">Au Pair &#8211; Guide<\/span> weiterlesen <span class=\"meta-nav\">&rarr;<\/span><\/a><\/p>\n","protected":false},"author":336,"featured_media":0,"parent":0,"menu_order":0,"comment_status":"closed","ping_status":"closed","template":"","meta":{"footnotes":""},"class_list":["post-6066","page","type-page","status-publish","hentry"],"yoast_head":"<!-- This site is optimized with the Yoast SEO plugin v23.9 - https:\/\/yoast.com\/wordpress\/plugins\/seo\/ -->\n<title>Au Pair - Guide<\/title>\n<meta name=\"description\" content=\"Dieser Au Pair Leitfaden enth\u00e4lt alle wichtigen Informationen, bevor du ein Au Pair wirst. Lies weiter, um mehr zu erfahren.\" \/>\n<meta name=\"robots\" content=\"index, follow, max-snippet:-1, max-image-preview:large, max-video-preview:-1\" \/>\n<link rel=\"canonical\" href=\"http:\/\/www.aupair-usa.net\/de\/au-pair-guide\/\" \/>\n<meta name=\"twitter:label1\" content=\"Gesch\u00e4tzte Lesezeit\" \/>\n\t<meta name=\"twitter:data1\" content=\"4\u00a0Minuten\" \/>\n<script type=\"application\/ld+json\" class=\"yoast-schema-graph\">{\"@context\":\"https:\/\/schema.org\",\"@graph\":[{\"@type\":\"WebPage\",\"@id\":\"http:\/\/www.aupair-usa.net\/de\/au-pair-guide\/\",\"url\":\"http:\/\/www.aupair-usa.net\/de\/au-pair-guide\/\",\"name\":\"Au Pair - Guide\",\"isPartOf\":{\"@id\":\"http:\/\/www.aupair-usa.net\/#website\"},\"primaryImageOfPage\":{\"@id\":\"http:\/\/www.aupair-usa.net\/de\/au-pair-guide\/#primaryimage\"},\"image\":{\"@id\":\"http:\/\/www.aupair-usa.net\/de\/au-pair-guide\/#primaryimage\"},\"thumbnailUrl\":\"http:\/\/www.aupair-usa.net\/wp-content\/uploads\/2015\/04\/aupair.com_.jpg\",\"datePublished\":\"2015-04-07T07:43:33+00:00\",\"dateModified\":\"2025-01-10T09:53:59+00:00\",\"description\":\"Dieser Au Pair Leitfaden enth\u00e4lt alle wichtigen Informationen, bevor du ein Au Pair wirst. Lies weiter, um mehr zu erfahren.\",\"breadcrumb\":{\"@id\":\"http:\/\/www.aupair-usa.net\/de\/au-pair-guide\/#breadcrumb\"},\"inLanguage\":\"de\",\"potentialAction\":[{\"@type\":\"ReadAction\",\"target\":[\"http:\/\/www.aupair-usa.net\/de\/au-pair-guide\/\"]}]},{\"@type\":\"ImageObject\",\"inLanguage\":\"de\",\"@id\":\"http:\/\/www.aupair-usa.net\/de\/au-pair-guide\/#primaryimage\",\"url\":\"http:\/\/www.aupair-usa.net\/wp-content\/uploads\/2015\/04\/aupair.com_.jpg\",\"contentUrl\":\"http:\/\/www.aupair-usa.net\/wp-content\/uploads\/2015\/04\/aupair.com_.jpg\"},{\"@type\":\"BreadcrumbList\",\"@id\":\"http:\/\/www.aupair-usa.net\/de\/au-pair-guide\/#breadcrumb\",\"itemListElement\":[{\"@type\":\"ListItem\",\"position\":1,\"name\":\"Startseite\",\"item\":\"https:\/\/www.aupair-usa.net\/de\/\"},{\"@type\":\"ListItem\",\"position\":2,\"name\":\"Au Pair &#8211; Guide\"}]},{\"@type\":\"WebSite\",\"@id\":\"http:\/\/www.aupair-usa.net\/#website\",\"url\":\"http:\/\/www.aupair-usa.net\/\",\"name\":\"AuPair-USA.net\",\"description\":\"\",\"potentialAction\":[{\"@type\":\"SearchAction\",\"target\":{\"@type\":\"EntryPoint\",\"urlTemplate\":\"http:\/\/www.aupair-usa.net\/?s={search_term_string}\"},\"query-input\":{\"@type\":\"PropertyValueSpecification\",\"valueRequired\":true,\"valueName\":\"search_term_string\"}}],\"inLanguage\":\"de\"}]}<\/script>\n<!-- \/ Yoast SEO plugin. -->","yoast_head_json":{"title":"Au Pair - Guide","description":"Dieser Au Pair Leitfaden enth\u00e4lt alle wichtigen Informationen, bevor du ein Au Pair wirst. Lies weiter, um mehr zu erfahren.","robots":{"index":"index","follow":"follow","max-snippet":"max-snippet:-1","max-image-preview":"max-image-preview:large","max-video-preview":"max-video-preview:-1"},"canonical":"http:\/\/www.aupair-usa.net\/de\/au-pair-guide\/","twitter_misc":{"Gesch\u00e4tzte Lesezeit":"4\u00a0Minuten"},"schema":{"@context":"https:\/\/schema.org","@graph":[{"@type":"WebPage","@id":"http:\/\/www.aupair-usa.net\/de\/au-pair-guide\/","url":"http:\/\/www.aupair-usa.net\/de\/au-pair-guide\/","name":"Au Pair - Guide","isPartOf":{"@id":"http:\/\/www.aupair-usa.net\/#website"},"primaryImageOfPage":{"@id":"http:\/\/www.aupair-usa.net\/de\/au-pair-guide\/#primaryimage"},"image":{"@id":"http:\/\/www.aupair-usa.net\/de\/au-pair-guide\/#primaryimage"},"thumbnailUrl":"http:\/\/www.aupair-usa.net\/wp-content\/uploads\/2015\/04\/aupair.com_.jpg","datePublished":"2015-04-07T07:43:33+00:00","dateModified":"2025-01-10T09:53:59+00:00","description":"Dieser Au Pair Leitfaden enth\u00e4lt alle wichtigen Informationen, bevor du ein Au Pair wirst. Lies weiter, um mehr zu erfahren.","breadcrumb":{"@id":"http:\/\/www.aupair-usa.net\/de\/au-pair-guide\/#breadcrumb"},"inLanguage":"de","potentialAction":[{"@type":"ReadAction","target":["http:\/\/www.aupair-usa.net\/de\/au-pair-guide\/"]}]},{"@type":"ImageObject","inLanguage":"de","@id":"http:\/\/www.aupair-usa.net\/de\/au-pair-guide\/#primaryimage","url":"http:\/\/www.aupair-usa.net\/wp-content\/uploads\/2015\/04\/aupair.com_.jpg","contentUrl":"http:\/\/www.aupair-usa.net\/wp-content\/uploads\/2015\/04\/aupair.com_.jpg"},{"@type":"BreadcrumbList","@id":"http:\/\/www.aupair-usa.net\/de\/au-pair-guide\/#breadcrumb","itemListElement":[{"@type":"ListItem","position":1,"name":"Startseite","item":"https:\/\/www.aupair-usa.net\/de\/"},{"@type":"ListItem","position":2,"name":"Au Pair &#8211; Guide"}]},{"@type":"WebSite","@id":"http:\/\/www.aupair-usa.net\/#website","url":"http:\/\/www.aupair-usa.net\/","name":"AuPair-USA.net","description":"","potentialAction":[{"@type":"SearchAction","target":{"@type":"EntryPoint","urlTemplate":"http:\/\/www.aupair-usa.net\/?s={search_term_string}"},"query-input":{"@type":"PropertyValueSpecification","valueRequired":true,"valueName":"search_term_string"}}],"inLanguage":"de"}]}},"_links":{"self":[{"href":"http:\/\/www.aupair-usa.net\/de\/wp-json\/wp\/v2\/pages\/6066","targetHints":{"allow":["GET"]}}],"collection":[{"href":"http:\/\/www.aupair-usa.net\/de\/wp-json\/wp\/v2\/pages"}],"about":[{"href":"http:\/\/www.aupair-usa.net\/de\/wp-json\/wp\/v2\/types\/page"}],"author":[{"embeddable":true,"href":"http:\/\/www.aupair-usa.net\/de\/wp-json\/wp\/v2\/users\/336"}],"replies":[{"embeddable":true,"href":"http:\/\/www.aupair-usa.net\/de\/wp-json\/wp\/v2\/comments?post=6066"}],"version-history":[{"count":10,"href":"http:\/\/www.aupair-usa.net\/de\/wp-json\/wp\/v2\/pages\/6066\/revisions"}],"predecessor-version":[{"id":6888,"href":"http:\/\/www.aupair-usa.net\/de\/wp-json\/wp\/v2\/pages\/6066\/revisions\/6888"}],"wp:attachment":[{"href":"http:\/\/www.aupair-usa.net\/de\/wp-json\/wp\/v2\/media?parent=6066"}],"curies":[{"name":"wp","href":"https:\/\/api.w.org\/{rel}","templated":true}]}}