{"id":6064,"date":"2015-04-07T09:41:05","date_gmt":"2015-04-07T07:41:05","guid":{"rendered":"http:\/\/www.aupair-usa.net\/?page_id=6064"},"modified":"2025-02-18T13:50:17","modified_gmt":"2025-02-18T11:50:17","slug":"informationen-au-pairs","status":"publish","type":"page","link":"http:\/\/www.aupair-usa.net\/de\/informationen-au-pairs\/","title":{"rendered":"Informationen f\u00fcr Au Pairs"},"content":{"rendered":"\n<p>Au Pair in Amerika zu werden, kann eine aufregende und lohnende Erfahrung sein. Es bietet eine einzigartige Gelegenheit, in eine neue Kultur einzutauchen, eine neue Sprache zu lernen und Teil einer Familie zu werden, w\u00e4hrend man gleichzeitig wertvolle Lebenserfahrung sammelt. Wenn du dar\u00fcber nachdenkst, ein Au Pair in den USA zu werden, findest du hier alle Informationen, die du wissen musst, bevor du den Schritt wagst.<\/p>\n\n\n\n<h2 class=\"wp-block-heading\">Wieso sollte ich als Au Pair in die USA gehen?<\/h2>\n\n\n\n<p>Die USA sind eines der beliebtesten Reiseziele f\u00fcr Au Pairs, denn sie bieten eine vielf\u00e4ltige Kultur, viele M\u00f6glichkeiten zur pers\u00f6nlichen Weiterentwicklung und die Chance, ber\u00fchmte St\u00e4dte und Sehensw\u00fcrdigkeiten zu erkunden. Als Au Pair in den USA lernst du nicht nur den amerikanischen Alltag kennen, sondern hast auch Zugang zu einer erstklassigen Ausbildung, Reisem\u00f6glichkeiten und die Chance, dauerhafte Freundschaften zu schlie\u00dfen. Das Leben in einer amerikanischen Familie bietet einen authentischen kulturellen Austausch, der dein Leben sowohl pers\u00f6nlich als auch beruflich bereichern wird.<\/p>\n\n\n\n<p>Lies mehr dar\u00fcber: <a href=\"http:\/\/www.aupair-usa.net\/de\/au-pair-usa\/\">Warum ein Au Pair in den USA werden?<\/a><\/p>\n\n\n<div class=\"wp-block-image\">\n<figure class=\"aligncenter size-full is-resized\"><a href=\"http:\/\/www.aupair-usa.net\/wp-content\/uploads\/2015\/03\/flight_usa.jpg\"><img loading=\"lazy\" decoding=\"async\" width=\"350\" height=\"263\" src=\"http:\/\/www.aupair-usa.net\/wp-content\/uploads\/2015\/03\/flight_usa.jpg\" alt=\"au pair usa\" class=\"wp-image-6729\" style=\"width:220px;height:auto\" srcset=\"http:\/\/www.aupair-usa.net\/wp-content\/uploads\/2015\/03\/flight_usa.jpg 350w, http:\/\/www.aupair-usa.net\/wp-content\/uploads\/2015\/03\/flight_usa-300x225.jpg 300w, http:\/\/www.aupair-usa.net\/wp-content\/uploads\/2015\/03\/flight_usa-320x240.jpg 320w, http:\/\/www.aupair-usa.net\/wp-content\/uploads\/2015\/03\/flight_usa-239x180.jpg 239w\" sizes=\"auto, (max-width: 350px) 100vw, 350px\" \/><\/a><\/figure>\n<\/div>\n\n\n<h2 class=\"wp-block-heading\">Voraussetzungen f\u00fcr Au Pairs in den USA<\/h2>\n\n\n\n<p>Um Au Pair in den USA zu werden, musst du ein paar grundlegende Voraussetzungen erf\u00fcllen:<\/p>\n\n\n\n<ul class=\"wp-block-list\">\n<li><strong>Alter<\/strong>: Du musst zwischen 18 und 26 Jahren alt sein.<\/li>\n\n\n\n<li><strong>Erfahrung<\/strong>: Du musst bereits Erfahrung in der Kinderbetreuung gesammelt haben (in der Regel etwa 200 Stunden), z. B. als Babysitter, Nachhilfelehrer oder als Betreuer von j\u00fcngeren Familienmitgliedern.<\/li>\n\n\n\n<li><strong>Sprachkenntnisse<\/strong>: Du musst die englische Sprache beherrschen, um dich effektiv mit deiner Gastfamilie verst\u00e4ndigen zu k\u00f6nnen.<\/li>\n\n\n\n<li><strong>Gesundheits- und Hintergrundspr\u00fcfung<\/strong>: Du musst bei guter Gesundheit sein und ein sauberes F\u00fchrungszeugnis haben.<\/li>\n\n\n\n<li><strong>Kultureller Austausch<\/strong>: Du solltest ein Interesse daran haben, die amerikanische Kultur kennenzulernen und deine eigene Kultur mit deiner Gastfamilie zu teilen.<\/li>\n<\/ul>\n\n\n\n<p>Lies mehr: <a href=\"http:\/\/www.aupair-usa.net\/de\/voraussetzungen-au-pair-usa\/\">Au Pair Programm Anforderungen<\/a><\/p>\n\n\n\n<h2 class=\"wp-block-heading\">Aufgaben und Pflichten eines Au Pairs in den USA<\/h2>\n\n\n\n<p>Als Au Pair ist es deine Hauptaufgabe, dich um die Kinder in deiner Gastfamilie zu k\u00fcmmern. Dazu geh\u00f6ren Aufgaben wie:<\/p>\n\n\n\n<ul class=\"wp-block-list\">\n<li>Beaufsichtigung der Kinder und Spielen mit ihnen<\/li>\n\n\n\n<li>Zubereiten von Mahlzeiten und Snacks f\u00fcr die Kinder<\/li>\n\n\n\n<li>Unterst\u00fctzung bei den Hausaufgaben und Schulprojekten<\/li>\n\n\n\n<li>Mithilfe bei leichten Haushaltsarbeiten (in Bezug auf die Kinder, z. B. Aufr\u00e4umen von Spielzeug oder W\u00e4sche)<\/li>\n\n\n\n<li>Gelegentliches Fahren der Kinder zur Schule oder zu Aktivit\u00e4ten<\/li>\n<\/ul>\n\n\n\n<p>Obwohl der Schwerpunkt des Au Pair-Jobs in der Kinderbetreuung liegt, werden deine Aufgaben je nach den Bed\u00fcrfnissen deiner Gastfamilie variieren. Es ist wichtig, dass du deine  Aufgaben vor deiner Ankunft mit der Familie genau besprichst.<\/p>\n\n\n\n<p>Lies mehr dazu: <a href=\"http:\/\/www.aupair-usa.net\/de\/aufgaben-pflichten-au-pair\/\">Au Pair Aufgaben und Pflichten<\/a><\/p>\n\n\n\n<h2 class=\"wp-block-heading\">Taschengeld, Freizeit, Urlaub und mehr<\/h2>\n\n\n\n<p>Als Au Pair in den USA erh\u00e4ltst du ein w\u00f6chentliches Taschengeld, Freizeit und Zugang zu Bildungsangeboten.<\/p>\n\n\n\n<p>Lies mehr: <a href=\"http:\/\/www.aupair-usa.net\/de\/taschengeld-freizeit-urlaub-au-pair-usa\/\">Taschengeld, Freizeit, Urlaub und Bildung und mehr<\/a><\/p>\n\n\n\n<h2 class=\"wp-block-heading\">Wie bekomme ich ein J-1 Visum?<\/h2>\n\n\n\n<p>Um als Au Pair in den USA zu arbeiten, ben\u00f6tigst du ein J-1 Visum. Das J-1-Visum ist speziell f\u00fcr Personen, die an Austauschprogrammen teilnehmen, einschlie\u00dflich des Au Pair Programms.<\/p>\n\n\n\n<p>Lies mehr: <a href=\"http:\/\/www.aupair-usa.net\/de\/j-1-visum\/\">Wie man ein J-1 Visum als Au Pair bekommt<\/a><\/p>\n\n\n\n<h2 class=\"wp-block-heading\">Finde eine Gastfamilie<\/h2>\n\n\n\n<p>Die richtige Gastfamilie zu finden, ist ein wichtiger Teil deiner Au Pair Reise. Hier erf\u00e4hrst du, wie du eine Familie findest, die zu deinen Bed\u00fcrfnissen passt:<\/p>\n\n\n\n<ul class=\"wp-block-list\">\n<li><strong>Agentur<\/strong>: Es gibt viele Agenturen, die sich auf die Vermittlung von Au Pairs an Gastfamilien spezialisiert haben. Um ein legales Au Pair in den USA zu sein, musst du dich bei einer <a href=\"https:\/\/www.aupair.com\/de\/p-usa-amerika-visum.php\" target=\"_blank\" rel=\"noreferrer noopener\">von der US-Regierung anerkannten Au Pair Agentur<\/a> bewerben. Nur zugelassene Agenturen k\u00f6nnen dir ein J-1 Visum f\u00fcr Kulturaustauschbesucher ausstellen. Erstellen Sie ein Profil auf der weltweit f\u00fchrenden Online-Vermittlungsplattform <a href=\"https:\/\/www.aupair.com\/de\" target=\"_blank\" rel=\"noreferrer noopener\">AuPair.com<\/a>, um eine Familie zu finden und mit deren amerikanischer Partneragentur <a href=\"https:\/\/www.aupair.com\/en\/agent-agent-au-pair-2\/index.php\" target=\"_blank\" rel=\"noreferrer noopener\">Agent Au Pair<\/a> in Kontakt zu treten.<\/li>\n\n\n\n<li><strong>Sprich mit mehreren Familien<\/strong>: Es ist wichtig, mit mehreren Familien zu sprechen, bevor du eine Entscheidung triffst. Du kannst deine Interessen, die Erwartungen der Familie und eventuelle besondere Bed\u00fcrfnisse der Kinder besprechen.<\/li>\n\n\n\n<li><strong>Sei dir \u00fcber deine Vorlieben im Klaren<\/strong>: \u00dcberlege dir, in welcher Art von Familie du gerne leben willst, einschlie\u00dflich der Gr\u00f6\u00dfe der Familie, ob es Haustiere gibt und welche Rolle du bei der Kinderbetreuung spielen w\u00fcrdest. So kannst du sicherstellen, dass ihr gut zusammenpasst.<\/li>\n<\/ul>\n\n\n\n<p>Lies weiter: <a href=\"http:\/\/www.aupair-usa.net\/de\/gastfamilie-finden\/\">Eine Gastfamilie finden<\/a><\/p>\n\n\n\n<figure class=\"wp-block-image size-full is-resized\"><a href=\"http:\/\/www.aupair-usa.net\/wp-content\/uploads\/2015\/03\/hostfamily.jpg\"><img loading=\"lazy\" decoding=\"async\" width=\"200\" height=\"133\" src=\"http:\/\/www.aupair-usa.net\/wp-content\/uploads\/2015\/03\/hostfamily.jpg\" alt=\"au pair host family\" class=\"wp-image-6713\" style=\"width:216px;height:auto\"\/><\/a><\/figure>\n\n\n\n<p><\/p>\n","protected":false},"excerpt":{"rendered":"<p>Au Pair in Amerika zu werden, kann eine aufregende und lohnende Erfahrung sein. Es bietet eine einzigartige Gelegenheit, in eine neue Kultur einzutauchen, eine neue Sprache zu lernen und Teil einer Familie zu werden, w\u00e4hrend man gleichzeitig wertvolle Lebenserfahrung sammelt. Wenn du dar\u00fcber nachdenkst, ein Au Pair in den USA zu werden, findest du hier &hellip; <a href=\"http:\/\/www.aupair-usa.net\/de\/informationen-au-pairs\/\" class=\"more-link\"><span class=\"screen-reader-text\">Informationen f\u00fcr Au Pairs<\/span> weiterlesen <span class=\"meta-nav\">&rarr;<\/span><\/a><\/p>\n","protected":false},"author":336,"featured_media":0,"parent":0,"menu_order":0,"comment_status":"closed","ping_status":"closed","template":"","meta":{"footnotes":""},"class_list":["post-6064","page","type-page","status-publish","hentry"],"yoast_head":"<!-- This site is optimized with the Yoast SEO plugin v23.9 - https:\/\/yoast.com\/wordpress\/plugins\/seo\/ -->\n<title>Informationen f\u00fcr Au Pairs<\/title>\n<meta name=\"description\" content=\"Du \u00fcberlegst, als Au Pair in die USA zu gehen und bist auf der Suche nach Informationen? Dann lies den Artikel und erfahre mehr!\" \/>\n<meta name=\"robots\" content=\"index, follow, max-snippet:-1, max-image-preview:large, max-video-preview:-1\" \/>\n<link rel=\"canonical\" href=\"http:\/\/www.aupair-usa.net\/de\/informationen-au-pairs\/\" \/>\n<meta name=\"twitter:label1\" content=\"Gesch\u00e4tzte Lesezeit\" \/>\n\t<meta name=\"twitter:data1\" content=\"4\u00a0Minuten\" \/>\n<script type=\"application\/ld+json\" class=\"yoast-schema-graph\">{\"@context\":\"https:\/\/schema.org\",\"@graph\":[{\"@type\":\"WebPage\",\"@id\":\"http:\/\/www.aupair-usa.net\/de\/informationen-au-pairs\/\",\"url\":\"http:\/\/www.aupair-usa.net\/de\/informationen-au-pairs\/\",\"name\":\"Informationen f\u00fcr Au Pairs\",\"isPartOf\":{\"@id\":\"http:\/\/www.aupair-usa.net\/#website\"},\"primaryImageOfPage\":{\"@id\":\"http:\/\/www.aupair-usa.net\/de\/informationen-au-pairs\/#primaryimage\"},\"image\":{\"@id\":\"http:\/\/www.aupair-usa.net\/de\/informationen-au-pairs\/#primaryimage\"},\"thumbnailUrl\":\"http:\/\/www.aupair-usa.net\/wp-content\/uploads\/2015\/03\/flight_usa.jpg\",\"datePublished\":\"2015-04-07T07:41:05+00:00\",\"dateModified\":\"2025-02-18T11:50:17+00:00\",\"description\":\"Du \u00fcberlegst, als Au Pair in die USA zu gehen und bist auf der Suche nach Informationen? Dann lies den Artikel und erfahre mehr!\",\"breadcrumb\":{\"@id\":\"http:\/\/www.aupair-usa.net\/de\/informationen-au-pairs\/#breadcrumb\"},\"inLanguage\":\"de\",\"potentialAction\":[{\"@type\":\"ReadAction\",\"target\":[\"http:\/\/www.aupair-usa.net\/de\/informationen-au-pairs\/\"]}]},{\"@type\":\"ImageObject\",\"inLanguage\":\"de\",\"@id\":\"http:\/\/www.aupair-usa.net\/de\/informationen-au-pairs\/#primaryimage\",\"url\":\"http:\/\/www.aupair-usa.net\/wp-content\/uploads\/2015\/03\/flight_usa.jpg\",\"contentUrl\":\"http:\/\/www.aupair-usa.net\/wp-content\/uploads\/2015\/03\/flight_usa.jpg\"},{\"@type\":\"BreadcrumbList\",\"@id\":\"http:\/\/www.aupair-usa.net\/de\/informationen-au-pairs\/#breadcrumb\",\"itemListElement\":[{\"@type\":\"ListItem\",\"position\":1,\"name\":\"Startseite\",\"item\":\"https:\/\/www.aupair-usa.net\/de\/\"},{\"@type\":\"ListItem\",\"position\":2,\"name\":\"Informationen f\u00fcr Au Pairs\"}]},{\"@type\":\"WebSite\",\"@id\":\"http:\/\/www.aupair-usa.net\/#website\",\"url\":\"http:\/\/www.aupair-usa.net\/\",\"name\":\"AuPair-USA.net\",\"description\":\"\",\"potentialAction\":[{\"@type\":\"SearchAction\",\"target\":{\"@type\":\"EntryPoint\",\"urlTemplate\":\"http:\/\/www.aupair-usa.net\/?s={search_term_string}\"},\"query-input\":{\"@type\":\"PropertyValueSpecification\",\"valueRequired\":true,\"valueName\":\"search_term_string\"}}],\"inLanguage\":\"de\"}]}<\/script>\n<!-- \/ Yoast SEO plugin. -->","yoast_head_json":{"title":"Informationen f\u00fcr Au Pairs","description":"Du \u00fcberlegst, als Au Pair in die USA zu gehen und bist auf der Suche nach Informationen? Dann lies den Artikel und erfahre mehr!","robots":{"index":"index","follow":"follow","max-snippet":"max-snippet:-1","max-image-preview":"max-image-preview:large","max-video-preview":"max-video-preview:-1"},"canonical":"http:\/\/www.aupair-usa.net\/de\/informationen-au-pairs\/","twitter_misc":{"Gesch\u00e4tzte Lesezeit":"4\u00a0Minuten"},"schema":{"@context":"https:\/\/schema.org","@graph":[{"@type":"WebPage","@id":"http:\/\/www.aupair-usa.net\/de\/informationen-au-pairs\/","url":"http:\/\/www.aupair-usa.net\/de\/informationen-au-pairs\/","name":"Informationen f\u00fcr Au Pairs","isPartOf":{"@id":"http:\/\/www.aupair-usa.net\/#website"},"primaryImageOfPage":{"@id":"http:\/\/www.aupair-usa.net\/de\/informationen-au-pairs\/#primaryimage"},"image":{"@id":"http:\/\/www.aupair-usa.net\/de\/informationen-au-pairs\/#primaryimage"},"thumbnailUrl":"http:\/\/www.aupair-usa.net\/wp-content\/uploads\/2015\/03\/flight_usa.jpg","datePublished":"2015-04-07T07:41:05+00:00","dateModified":"2025-02-18T11:50:17+00:00","description":"Du \u00fcberlegst, als Au Pair in die USA zu gehen und bist auf der Suche nach Informationen? Dann lies den Artikel und erfahre mehr!","breadcrumb":{"@id":"http:\/\/www.aupair-usa.net\/de\/informationen-au-pairs\/#breadcrumb"},"inLanguage":"de","potentialAction":[{"@type":"ReadAction","target":["http:\/\/www.aupair-usa.net\/de\/informationen-au-pairs\/"]}]},{"@type":"ImageObject","inLanguage":"de","@id":"http:\/\/www.aupair-usa.net\/de\/informationen-au-pairs\/#primaryimage","url":"http:\/\/www.aupair-usa.net\/wp-content\/uploads\/2015\/03\/flight_usa.jpg","contentUrl":"http:\/\/www.aupair-usa.net\/wp-content\/uploads\/2015\/03\/flight_usa.jpg"},{"@type":"BreadcrumbList","@id":"http:\/\/www.aupair-usa.net\/de\/informationen-au-pairs\/#breadcrumb","itemListElement":[{"@type":"ListItem","position":1,"name":"Startseite","item":"https:\/\/www.aupair-usa.net\/de\/"},{"@type":"ListItem","position":2,"name":"Informationen f\u00fcr Au Pairs"}]},{"@type":"WebSite","@id":"http:\/\/www.aupair-usa.net\/#website","url":"http:\/\/www.aupair-usa.net\/","name":"AuPair-USA.net","description":"","potentialAction":[{"@type":"SearchAction","target":{"@type":"EntryPoint","urlTemplate":"http:\/\/www.aupair-usa.net\/?s={search_term_string}"},"query-input":{"@type":"PropertyValueSpecification","valueRequired":true,"valueName":"search_term_string"}}],"inLanguage":"de"}]}},"_links":{"self":[{"href":"http:\/\/www.aupair-usa.net\/de\/wp-json\/wp\/v2\/pages\/6064","targetHints":{"allow":["GET"]}}],"collection":[{"href":"http:\/\/www.aupair-usa.net\/de\/wp-json\/wp\/v2\/pages"}],"about":[{"href":"http:\/\/www.aupair-usa.net\/de\/wp-json\/wp\/v2\/types\/page"}],"author":[{"embeddable":true,"href":"http:\/\/www.aupair-usa.net\/de\/wp-json\/wp\/v2\/users\/336"}],"replies":[{"embeddable":true,"href":"http:\/\/www.aupair-usa.net\/de\/wp-json\/wp\/v2\/comments?post=6064"}],"version-history":[{"count":6,"href":"http:\/\/www.aupair-usa.net\/de\/wp-json\/wp\/v2\/pages\/6064\/revisions"}],"predecessor-version":[{"id":6932,"href":"http:\/\/www.aupair-usa.net\/de\/wp-json\/wp\/v2\/pages\/6064\/revisions\/6932"}],"wp:attachment":[{"href":"http:\/\/www.aupair-usa.net\/de\/wp-json\/wp\/v2\/media?parent=6064"}],"curies":[{"name":"wp","href":"https:\/\/api.w.org\/{rel}","templated":true}]}}